{"id":1087,"date":"2020-03-22T11:57:23","date_gmt":"2020-03-22T10:57:23","guid":{"rendered":"https:\/\/emci.re\/?page_id=1087"},"modified":"2024-05-28T11:08:49","modified_gmt":"2024-05-28T07:08:49","slug":"aeroport-industrie-logistique","status":"publish","type":"page","link":"https:\/\/emci.re\/?page_id=1087","title":{"rendered":"A\u00e9roport &#8211; Industrie &#8211; Logistique"},"content":{"rendered":"<div class=\"pt-cv-wrapper\"><div class=\"pt-cv-view pt-cv-blockgrid iscvblock iscvhybrid grid1 layout1\" id=\"pt-cv-view-fe2cf7e7z6\"><div data-id=\"pt-cv-page-1\" class=\"pt-cv-page\" data-cvc=\"3\"><div class=\" pt-cv-content-item pt-cv-1-col\" ><div class=\"pt-cv-thumb-wrapper  \"><a href=\"https:\/\/emci.re\/?page_id=3616\" class=\"_self pt-cv-href-thumbnail pt-cv-thumb-default\" target=\"_self\" ><img loading=\"lazy\" decoding=\"async\" width=\"1500\" height=\"1122\" src=\"https:\/\/emci.re\/wp-content\/uploads\/2024\/08\/AOUT-2024-3.jpg\" class=\"pt-cv-thumbnail\" alt=\"\" srcset=\"https:\/\/emci.re\/wp-content\/uploads\/2024\/08\/AOUT-2024-3.jpg 1500w, https:\/\/emci.re\/wp-content\/uploads\/2024\/08\/AOUT-2024-3-300x224.jpg 300w, https:\/\/emci.re\/wp-content\/uploads\/2024\/08\/AOUT-2024-3-1024x766.jpg 1024w, https:\/\/emci.re\/wp-content\/uploads\/2024\/08\/AOUT-2024-3-768x574.jpg 768w, https:\/\/emci.re\/wp-content\/uploads\/2024\/08\/AOUT-2024-3-380x285.jpg 380w, https:\/\/emci.re\/wp-content\/uploads\/2024\/08\/AOUT-2024-3-285x214.jpg 285w\" sizes=\"auto, (max-width: 1500px) 100vw, 1500px\" \/><\/a><\/div>\n<h3 class=\"pt-cv-title\"><a href=\"https:\/\/emci.re\/?page_id=3616\" class=\"_self\" target=\"_self\" >\u25aa\ufe0f Lymmo ZI 4 &#8211; Saint Pierre<\/a><\/h3>\n<div class=\"pt-cv-content\"><strong>Mission<\/strong> : Mission de maitrise d\u2019\u0153uvre Structure pour la construction de b\u00e2timents \u00e0 usage de Stockage et Locaux d'Activit\u00e9s - ...<br \/><div class=\"pt-cv-rmwrap\"><a href=\"https:\/\/emci.re\/?page_id=3616\" class=\"_self pt-cv-readmore btn btn-success\" target=\"_self\">Plus d'infos<\/a><\/div><\/div><\/div>\n<div class=\" pt-cv-content-item pt-cv-1-col\" ><div class=\"pt-cv-thumb-wrapper  \"><a href=\"https:\/\/emci.re\/?page_id=2614\" class=\"_self pt-cv-href-thumbnail pt-cv-thumb-default\" target=\"_self\" ><img loading=\"lazy\" decoding=\"async\" width=\"1800\" height=\"1350\" src=\"https:\/\/emci.re\/wp-content\/uploads\/2024\/02\/03-Fevr-2024.jpg\" class=\"pt-cv-thumbnail\" alt=\"\" srcset=\"https:\/\/emci.re\/wp-content\/uploads\/2024\/02\/03-Fevr-2024.jpg 1800w, https:\/\/emci.re\/wp-content\/uploads\/2024\/02\/03-Fevr-2024-300x225.jpg 300w, https:\/\/emci.re\/wp-content\/uploads\/2024\/02\/03-Fevr-2024-1024x768.jpg 1024w, https:\/\/emci.re\/wp-content\/uploads\/2024\/02\/03-Fevr-2024-768x576.jpg 768w, https:\/\/emci.re\/wp-content\/uploads\/2024\/02\/03-Fevr-2024-1536x1152.jpg 1536w, https:\/\/emci.re\/wp-content\/uploads\/2024\/02\/03-Fevr-2024-380x285.jpg 380w, https:\/\/emci.re\/wp-content\/uploads\/2024\/02\/03-Fevr-2024-285x214.jpg 285w\" sizes=\"auto, (max-width: 1800px) 100vw, 1800px\" \/><\/a><\/div>\n<h3 class=\"pt-cv-title\"><a href=\"https:\/\/emci.re\/?page_id=2614\" class=\"_self\" target=\"_self\" >\u25aa\ufe0f Extension A\u00e9roport de la R\u00e9union &#8211; Roland Garros<\/a><\/h3>\n<div class=\"pt-cv-content\"><strong>Mission<\/strong> : Mission EXE pour le Nouvel A\u00e9rogare Ouest (NAO) portant sur la r\u00e9novation de l\u2019a\u00e9rogare existant , la construction ...<br \/><div class=\"pt-cv-rmwrap\"><a href=\"https:\/\/emci.re\/?page_id=2614\" class=\"_self pt-cv-readmore btn btn-success\" target=\"_self\">Plus d'infos<\/a><\/div><\/div><\/div>\n<div class=\" pt-cv-content-item pt-cv-1-col\" ><div class=\"pt-cv-thumb-wrapper  \"><a href=\"https:\/\/emci.re\/?page_id=2697\" class=\"_self pt-cv-href-thumbnail pt-cv-thumb-default\" target=\"_self\" ><img loading=\"lazy\" decoding=\"async\" width=\"516\" height=\"303\" src=\"https:\/\/emci.re\/wp-content\/uploads\/2022\/02\/Insertion-Archi.png\" class=\"pt-cv-thumbnail\" alt=\"\" srcset=\"https:\/\/emci.re\/wp-content\/uploads\/2022\/02\/Insertion-Archi.png 516w, https:\/\/emci.re\/wp-content\/uploads\/2022\/02\/Insertion-Archi-300x176.png 300w\" sizes=\"auto, (max-width: 516px) 100vw, 516px\" \/><\/a><\/div>\n<h3 class=\"pt-cv-title\"><a href=\"https:\/\/emci.re\/?page_id=2697\" class=\"_self\" target=\"_self\" >\u25aa\ufe0f Atelier Bourbon Bois<\/a><\/h3>\n<div class=\"pt-cv-content\"><strong>Mission<\/strong> : Mission EXE Structure pour la Construction d\u2019un local d\u2019activit\u00e9 et d\u2019un espace bureaux\/showroom dans la ZAC Pierrefonds A\u00e9rodrome ...<br \/><div class=\"pt-cv-rmwrap\"><a href=\"https:\/\/emci.re\/?page_id=2697\" class=\"_self pt-cv-readmore btn btn-success\" target=\"_self\">Plus d'infos<\/a><\/div><\/div><\/div><\/div><\/div>\n<div class=\" pt-cv-pagination-wrapper\"><ul class=\"pt-cv-pagination pt-cv-ajax pagination\" data-totalpages=\"3\" data-currentpage=\"1\" data-sid=\"fe2cf7e7z6\" data-unid=\"\" data-isblock=\"\" data-postid=\"\"><li class=\"active\"><a href=\"#\">1<\/a><\/li>\n\t<li ><a class=\"\" href=\"https:\/\/emci.re\/index.php\/?_page=2&#038;rest_route=%2Fwp%2Fv2%2Fpages%2F1087\">2<\/a><\/li>\n\t<li ><a class=\"\" href=\"https:\/\/emci.re\/index.php\/?_page=3&#038;rest_route=%2Fwp%2Fv2%2Fpages%2F1087\">3<\/a><\/li>\n\t<li ><a class=\" \" href=\"https:\/\/emci.re\/index.php\/?_page=2&#038;rest_route=%2Fwp%2Fv2%2Fpages%2F1087\">&rsaquo;<\/a><\/li>\n\t<\/ul><img loading=\"lazy\" decoding=\"async\" width=\"15\" height=\"15\" class=\"pt-cv-spinner\" alt=\"Chargement\u2026\" src=\"data:image\/gif;base64,R0lGODlhDwAPALMPAMrKygwMDJOTkz09PZWVla+vr3p6euTk5M7OzuXl5TMzMwAAAJmZmWZmZszMzP\/\/\/yH\/C05FVFNDQVBFMi4wAwEAAAAh+QQFCgAPACwAAAAADwAPAAAEQvDJaZaZOIcV8iQK8VRX4iTYoAwZ4iCYoAjZ4RxejhVNoT+mRGP4cyF4Pp0N98sBGIBMEMOotl6YZ3S61Bmbkm4mAgAh+QQFCgAPACwAAAAADQANAAAENPDJSRSZeA418itN8QiK8BiLITVsFiyBBIoYqnoewAD4xPw9iY4XLGYSjkQR4UAUD45DLwIAIfkEBQoADwAsAAAAAA8ACQAABC\/wyVlamTi3nSdgwFNdhEJgTJoNyoB9ISYoQmdjiZPcj7EYCAeCF1gEDo4Dz2eIAAAh+QQFCgAPACwCAAAADQANAAAEM\/DJBxiYeLKdX3IJZT1FU0iIg2RNKx3OkZVnZ98ToRD4MyiDnkAh6BkNC0MvsAj0kMpHBAAh+QQFCgAPACwGAAAACQAPAAAEMDC59KpFDll73HkAA2wVY5KgiK5b0RRoI6MuzG6EQqCDMlSGheEhUAgqgUUAFRySIgAh+QQFCgAPACwCAAIADQANAAAEM\/DJKZNLND\/kkKaHc3xk+QAMYDKsiaqmZCxGVjSFFCxB1vwy2oOgIDxuucxAMTAJFAJNBAAh+QQFCgAPACwAAAYADwAJAAAEMNAs86q1yaWwwv2Ig0jUZx3OYa4XoRAfwADXoAwfo1+CIjyFRuEho60aSNYlOPxEAAAh+QQFCgAPACwAAAIADQANAAAENPA9s4y8+IUVcqaWJ4qEQozSoAzoIyhCK2NFU2SJk0hNnyEOhKR2AzAAj4Pj4GE4W0bkJQIAOw==\" \/><div class=\"clear pt-cv-clear-pagination\"><\/div><\/div><\/div>\t\t\t<style type=\"text\/css\" id=\"pt-cv-inline-style-152fbaae5x\">\n#pt-cv-view-fe2cf7e7z6 .pt-cv-thumb-wrapper:not(.miniwrap) {  }#pt-cv-view-fe2cf7e7z6 .pt-cv-thumbnail:not(.pt-cv-thumbnailsm) { height: 200px; }#pt-cv-view-fe2cf7e7z6 > .pt-cv-page {grid-template-columns: repeat(3, 1fr);grid-gap: 30px;}\n@media all and (max-width: 1024px) { \n#pt-cv-view-fe2cf7e7z6 > .pt-cv-page {grid-template-columns: repeat(2, 1fr);}\n} \n@media all and (max-width: 767px) { \n#pt-cv-view-fe2cf7e7z6 > .pt-cv-page {grid-template-columns: repeat(1, 1fr);}\n} <\/style>\r\n\t\t\t\n<p>Views: 166<\/p>","protected":false},"excerpt":{"rendered":"<p>Views: 166<\/p>\n","protected":false},"author":2,"featured_media":0,"parent":18,"menu_order":10,"comment_status":"closed","ping_status":"closed","template":"","meta":{"footnotes":""},"folder":[17],"class_list":["post-1087","page","type-page","status-publish","hentry"],"_links":{"self":[{"href":"https:\/\/emci.re\/index.php?rest_route=\/wp\/v2\/pages\/1087","targetHints":{"allow":["GET"]}}],"collection":[{"href":"https:\/\/emci.re\/index.php?rest_route=\/wp\/v2\/pages"}],"about":[{"href":"https:\/\/emci.re\/index.php?rest_route=\/wp\/v2\/types\/page"}],"author":[{"embeddable":true,"href":"https:\/\/emci.re\/index.php?rest_route=\/wp\/v2\/users\/2"}],"replies":[{"embeddable":true,"href":"https:\/\/emci.re\/index.php?rest_route=%2Fwp%2Fv2%2Fcomments&post=1087"}],"version-history":[{"count":1,"href":"https:\/\/emci.re\/index.php?rest_route=\/wp\/v2\/pages\/1087\/revisions"}],"predecessor-version":[{"id":3565,"href":"https:\/\/emci.re\/index.php?rest_route=\/wp\/v2\/pages\/1087\/revisions\/3565"}],"up":[{"embeddable":true,"href":"https:\/\/emci.re\/index.php?rest_route=\/wp\/v2\/pages\/18"}],"wp:attachment":[{"href":"https:\/\/emci.re\/index.php?rest_route=%2Fwp%2Fv2%2Fmedia&parent=1087"}],"wp:term":[{"taxonomy":"folder","embeddable":true,"href":"https:\/\/emci.re\/index.php?rest_route=%2Fwp%2Fv2%2Ffolder&post=1087"}],"curies":[{"name":"wp","href":"https:\/\/api.w.org\/{rel}","templated":true}]}}