{"id":1113,"date":"2020-03-22T12:11:37","date_gmt":"2020-03-22T11:11:37","guid":{"rendered":"https:\/\/emci.re\/?page_id=1113"},"modified":"2024-05-28T16:58:58","modified_gmt":"2024-05-28T12:58:58","slug":"tertiaire","status":"publish","type":"page","link":"https:\/\/emci.re\/?page_id=1113","title":{"rendered":"Tertiaire"},"content":{"rendered":"<div class=\"pt-cv-wrapper\"><div class=\"pt-cv-view pt-cv-blockgrid iscvblock iscvhybrid grid1 layout1\" id=\"pt-cv-view-2b60500gnt\"><div data-id=\"pt-cv-page-1\" class=\"pt-cv-page\" data-cvc=\"3\"><div class=\" pt-cv-content-item pt-cv-1-col\" ><div class=\"pt-cv-thumb-wrapper  \"><a href=\"https:\/\/emci.re\/?page_id=3056\" class=\"_self pt-cv-href-thumbnail pt-cv-thumb-default\" target=\"_self\" ><img loading=\"lazy\" decoding=\"async\" width=\"1688\" height=\"657\" src=\"https:\/\/emci.re\/wp-content\/uploads\/2025\/10\/Co-archis-1.jpg\" class=\"pt-cv-thumbnail\" alt=\"\" \/><\/a><\/div>\n<h3 class=\"pt-cv-title\"><a href=\"https:\/\/emci.re\/?page_id=3056\" class=\"_self\" target=\"_self\" >\u25aa\ufe0f  Centre Culturel LA G&rsquo;ART- Saint Andr\u00e9 &#8211; R\u00c9UNION<\/a><\/h3>\n<div class=\"pt-cv-content\"><strong>Mission <\/strong>: Mission de Maitrise d\u2019\u0153uvre Structure pour l\u2019extension et la construction du centre culturel LA G\u2019ART \u2013 Saint Andr\u00e9 ...<br \/><div class=\"pt-cv-rmwrap\"><a href=\"https:\/\/emci.re\/?page_id=3056\" class=\"_self pt-cv-readmore btn btn-success\" target=\"_self\">Plus d'infos<\/a><\/div><\/div><\/div>\n<div class=\" pt-cv-content-item pt-cv-1-col\" ><div class=\"pt-cv-thumb-wrapper  \"><a href=\"https:\/\/emci.re\/?page_id=3816\" class=\"_self pt-cv-href-thumbnail pt-cv-thumb-default\" target=\"_self\" ><img loading=\"lazy\" decoding=\"async\" width=\"1800\" height=\"1350\" src=\"https:\/\/emci.re\/wp-content\/uploads\/2024\/08\/2127-PLP-210916-PoV-2.jpg\" class=\"pt-cv-thumbnail\" alt=\"\" \/><\/a><\/div>\n<h3 class=\"pt-cv-title\"><a href=\"https:\/\/emci.re\/?page_id=3816\" class=\"_self\" target=\"_self\" >\u25aa\ufe0f  MULTILAB &#8211; Dembeni &#8211; Mayotte<\/a><\/h3>\n<div class=\"pt-cv-content\"><strong>Mission <\/strong>: Mission de maitrise d\u2019\u0153uvre Structure pour la construction d'un laboratoire d\u00e9partemental d'analyses visant \u00e0 d\u00e9velopper l\u2019\u00e9conomie mahoraise et ...<br \/><div class=\"pt-cv-rmwrap\"><a href=\"https:\/\/emci.re\/?page_id=3816\" class=\"_self pt-cv-readmore btn btn-success\" target=\"_self\">Plus d'infos<\/a><\/div><\/div><\/div>\n<div class=\" pt-cv-content-item pt-cv-1-col\" ><div class=\"pt-cv-thumb-wrapper  \"><a href=\"https:\/\/emci.re\/?page_id=2981\" class=\"_self pt-cv-href-thumbnail pt-cv-thumb-default\" target=\"_self\" ><img loading=\"lazy\" decoding=\"async\" width=\"2560\" height=\"1372\" src=\"https:\/\/emci.re\/wp-content\/uploads\/2022\/12\/image-cartouche-C9182449-scaled.jpg\" class=\"pt-cv-thumbnail\" alt=\"\" \/><\/a><\/div>\n<h3 class=\"pt-cv-title\"><a href=\"https:\/\/emci.re\/?page_id=2981\" class=\"_self\" target=\"_self\" >\u25aa\ufe0f Centre Commercial Saint Jean &#8211; Sainte Suzanne &#8211; La R\u00e9union<\/a><\/h3>\n<div class=\"pt-cv-content\"><strong>Mission :<\/strong> Mission de Maitrise d\u2019\u0153uvre Structure pour la construction d'un restaurant et de surfaces commerciales - Quartier Fran\u00e7ais\/Sainte Suzanne- ...<br \/><div class=\"pt-cv-rmwrap\"><a href=\"https:\/\/emci.re\/?page_id=2981\" class=\"_self pt-cv-readmore btn btn-success\" target=\"_self\">Plus d'infos<\/a><\/div><\/div><\/div><\/div><\/div>\n<div class=\" pt-cv-pagination-wrapper\"><ul class=\"pt-cv-pagination pt-cv-ajax pagination\" data-totalpages=\"4\" data-currentpage=\"1\" data-sid=\"2b60500gnt\" data-unid=\"\" data-isblock=\"\" data-postid=\"\"><li class=\"active\"><a href=\"#\">1<\/a><\/li>\n\t<li ><a class=\"\" href=\"https:\/\/emci.re\/index.php\/?_page=2&#038;rest_route=%2Fwp%2Fv2%2Fpages%2F1113\">2<\/a><\/li>\n\t<li ><a class=\"\" href=\"https:\/\/emci.re\/index.php\/?_page=3&#038;rest_route=%2Fwp%2Fv2%2Fpages%2F1113\">3<\/a><\/li>\n\t<li ><a class=\"\" href=\"https:\/\/emci.re\/index.php\/?_page=4&#038;rest_route=%2Fwp%2Fv2%2Fpages%2F1113\">4<\/a><\/li>\n\t<li ><a class=\" \" href=\"https:\/\/emci.re\/index.php\/?_page=2&#038;rest_route=%2Fwp%2Fv2%2Fpages%2F1113\">&rsaquo;<\/a><\/li>\n\t<\/ul><img loading=\"lazy\" decoding=\"async\" width=\"15\" height=\"15\" class=\"pt-cv-spinner\" alt=\"Chargement\u2026\" src=\"data:image\/gif;base64,R0lGODlhDwAPALMPAMrKygwMDJOTkz09PZWVla+vr3p6euTk5M7OzuXl5TMzMwAAAJmZmWZmZszMzP\/\/\/yH\/C05FVFNDQVBFMi4wAwEAAAAh+QQFCgAPACwAAAAADwAPAAAEQvDJaZaZOIcV8iQK8VRX4iTYoAwZ4iCYoAjZ4RxejhVNoT+mRGP4cyF4Pp0N98sBGIBMEMOotl6YZ3S61Bmbkm4mAgAh+QQFCgAPACwAAAAADQANAAAENPDJSRSZeA418itN8QiK8BiLITVsFiyBBIoYqnoewAD4xPw9iY4XLGYSjkQR4UAUD45DLwIAIfkEBQoADwAsAAAAAA8ACQAABC\/wyVlamTi3nSdgwFNdhEJgTJoNyoB9ISYoQmdjiZPcj7EYCAeCF1gEDo4Dz2eIAAAh+QQFCgAPACwCAAAADQANAAAEM\/DJBxiYeLKdX3IJZT1FU0iIg2RNKx3OkZVnZ98ToRD4MyiDnkAh6BkNC0MvsAj0kMpHBAAh+QQFCgAPACwGAAAACQAPAAAEMDC59KpFDll73HkAA2wVY5KgiK5b0RRoI6MuzG6EQqCDMlSGheEhUAgqgUUAFRySIgAh+QQFCgAPACwCAAIADQANAAAEM\/DJKZNLND\/kkKaHc3xk+QAMYDKsiaqmZCxGVjSFFCxB1vwy2oOgIDxuucxAMTAJFAJNBAAh+QQFCgAPACwAAAYADwAJAAAEMNAs86q1yaWwwv2Ig0jUZx3OYa4XoRAfwADXoAwfo1+CIjyFRuEho60aSNYlOPxEAAAh+QQFCgAPACwAAAIADQANAAAENPA9s4y8+IUVcqaWJ4qEQozSoAzoIyhCK2NFU2SJk0hNnyEOhKR2AzAAj4Pj4GE4W0bkJQIAOw==\" \/><div class=\"clear pt-cv-clear-pagination\"><\/div><\/div><\/div>\t\t\t<style type=\"text\/css\" id=\"pt-cv-inline-style-e4650738uk\">\n#pt-cv-view-2b60500gnt .pt-cv-thumb-wrapper:not(.miniwrap) {  }#pt-cv-view-2b60500gnt .pt-cv-thumbnail:not(.pt-cv-thumbnailsm) { height: 200px; }#pt-cv-view-2b60500gnt > .pt-cv-page {grid-template-columns: repeat(3, 1fr);grid-gap: 30px;}\n@media all and (max-width: 1024px) { \n#pt-cv-view-2b60500gnt > .pt-cv-page {grid-template-columns: repeat(2, 1fr);}\n} \n@media all and (max-width: 767px) { \n#pt-cv-view-2b60500gnt > .pt-cv-page {grid-template-columns: repeat(1, 1fr);}\n} <\/style>\r\n\t\t\t\n<p>Views: 185<\/p>","protected":false},"excerpt":{"rendered":"<p>Views: 185<\/p>\n","protected":false},"author":2,"featured_media":0,"parent":18,"menu_order":10,"comment_status":"closed","ping_status":"closed","template":"","meta":{"footnotes":""},"folder":[24],"class_list":["post-1113","page","type-page","status-publish","hentry"],"_links":{"self":[{"href":"https:\/\/emci.re\/index.php?rest_route=\/wp\/v2\/pages\/1113","targetHints":{"allow":["GET"]}}],"collection":[{"href":"https:\/\/emci.re\/index.php?rest_route=\/wp\/v2\/pages"}],"about":[{"href":"https:\/\/emci.re\/index.php?rest_route=\/wp\/v2\/types\/page"}],"author":[{"embeddable":true,"href":"https:\/\/emci.re\/index.php?rest_route=\/wp\/v2\/users\/2"}],"replies":[{"embeddable":true,"href":"https:\/\/emci.re\/index.php?rest_route=%2Fwp%2Fv2%2Fcomments&post=1113"}],"version-history":[{"count":1,"href":"https:\/\/emci.re\/index.php?rest_route=\/wp\/v2\/pages\/1113\/revisions"}],"predecessor-version":[{"id":3605,"href":"https:\/\/emci.re\/index.php?rest_route=\/wp\/v2\/pages\/1113\/revisions\/3605"}],"up":[{"embeddable":true,"href":"https:\/\/emci.re\/index.php?rest_route=\/wp\/v2\/pages\/18"}],"wp:attachment":[{"href":"https:\/\/emci.re\/index.php?rest_route=%2Fwp%2Fv2%2Fmedia&parent=1113"}],"wp:term":[{"taxonomy":"folder","embeddable":true,"href":"https:\/\/emci.re\/index.php?rest_route=%2Fwp%2Fv2%2Ffolder&post=1113"}],"curies":[{"name":"wp","href":"https:\/\/api.w.org\/{rel}","templated":true}]}}