{"id":1156,"date":"2020-04-03T12:40:04","date_gmt":"2020-04-03T10:40:04","guid":{"rendered":"https:\/\/emci.re\/?page_id=1156"},"modified":"2024-05-28T14:53:08","modified_gmt":"2024-05-28T10:53:08","slug":"acces-au-centre-de-valorisation-des-dechets","status":"publish","type":"page","link":"https:\/\/emci.re\/?page_id=1156","title":{"rendered":"\u25aa\ufe0f Acc\u00e8s au centre de valorisation des d\u00e9chets"},"content":{"rendered":"\n<p><strong>Mission :<\/strong> Mission EXE pour la r\u00e9alisation d\u2019un acc\u00e8s au CTVD en passant sous le pont de la rivi\u00e8re Saint Etienne &#8211; Saint Pierre &#8211; La R\u00e9union<\/p>\n\n\n\n<p> <strong>Montant Travaux HT<\/strong> : Non communiqu\u00e9, mission EXE<\/p>\n\n\n\n<p><strong> Maitre d\u2019ouvrage &#8211; Client<\/strong> : CIVIS \/ROCS<\/p>\n\n\n\n<p> <strong>Livraison<\/strong> : 2019<\/p>\n\n\n\n<p><strong>Secteur<\/strong> : G\u00e9nie Civil<\/p>\n\n\n\n<p><\/p>\n\n\n\n<div class=\"wp-block-group\"><div class=\"wp-block-group__inner-container is-layout-flow wp-block-group-is-layout-flow\">\n<figure class=\"wp-block-gallery has-nested-images columns-default is-cropped wp-block-gallery-1 is-layout-flex wp-block-gallery-is-layout-flex\">\n<figure class=\"wp-block-image size-large\"><img loading=\"lazy\" decoding=\"async\" width=\"1024\" height=\"394\" data-id=\"1577\" src=\"https:\/\/emci.re\/wp-content\/uploads\/2020\/06\/5-6-1024x394.jpg\" alt=\"ACC\u00c8S AU CENTRE DE VALORISATION DES D\u00c9CHETS\" class=\"wp-image-1577\" srcset=\"https:\/\/emci.re\/wp-content\/uploads\/2020\/06\/5-6-1024x394.jpg 1024w, https:\/\/emci.re\/wp-content\/uploads\/2020\/06\/5-6-300x115.jpg 300w, https:\/\/emci.re\/wp-content\/uploads\/2020\/06\/5-6-768x295.jpg 768w, https:\/\/emci.re\/wp-content\/uploads\/2020\/06\/5-6.jpg 1316w\" sizes=\"auto, (max-width: 1024px) 100vw, 1024px\" \/><\/figure>\n\n\n\n<figure class=\"wp-block-image size-large\"><img loading=\"lazy\" decoding=\"async\" width=\"1024\" height=\"410\" data-id=\"1578\" src=\"https:\/\/emci.re\/wp-content\/uploads\/2020\/06\/6-1024x410.jpg\" alt=\"ACC\u00c8S AU CENTRE DE VALORISATION DES D\u00c9CHETS\" class=\"wp-image-1578\" srcset=\"https:\/\/emci.re\/wp-content\/uploads\/2020\/06\/6-1024x410.jpg 1024w, https:\/\/emci.re\/wp-content\/uploads\/2020\/06\/6-300x120.jpg 300w, https:\/\/emci.re\/wp-content\/uploads\/2020\/06\/6-768x307.jpg 768w, https:\/\/emci.re\/wp-content\/uploads\/2020\/06\/6-1140x456.jpg 1140w, https:\/\/emci.re\/wp-content\/uploads\/2020\/06\/6-380x152.jpg 380w, https:\/\/emci.re\/wp-content\/uploads\/2020\/06\/6.jpg 1285w\" sizes=\"auto, (max-width: 1024px) 100vw, 1024px\" \/><\/figure>\n\n\n\n<figure class=\"wp-block-image size-large\"><img loading=\"lazy\" decoding=\"async\" width=\"859\" height=\"431\" data-id=\"1582\" src=\"https:\/\/emci.re\/wp-content\/uploads\/2020\/06\/10.jpg\" alt=\"ACC\u00c8S AU CENTRE DE VALORISATION DES D\u00c9CHETS\" class=\"wp-image-1582\" srcset=\"https:\/\/emci.re\/wp-content\/uploads\/2020\/06\/10.jpg 859w, https:\/\/emci.re\/wp-content\/uploads\/2020\/06\/10-300x151.jpg 300w, https:\/\/emci.re\/wp-content\/uploads\/2020\/06\/10-768x385.jpg 768w, https:\/\/emci.re\/wp-content\/uploads\/2020\/06\/10-570x285.jpg 570w\" sizes=\"auto, (max-width: 859px) 100vw, 859px\" \/><\/figure>\n\n\n\n<figure class=\"wp-block-image size-large\"><img loading=\"lazy\" decoding=\"async\" width=\"826\" height=\"423\" data-id=\"1580\" src=\"https:\/\/emci.re\/wp-content\/uploads\/2020\/06\/8.jpg\" alt=\"ACC\u00c8S AU CENTRE DE VALORISATION DES D\u00c9CHETS\" class=\"wp-image-1580\" srcset=\"https:\/\/emci.re\/wp-content\/uploads\/2020\/06\/8.jpg 826w, https:\/\/emci.re\/wp-content\/uploads\/2020\/06\/8-300x154.jpg 300w, https:\/\/emci.re\/wp-content\/uploads\/2020\/06\/8-768x393.jpg 768w\" sizes=\"auto, (max-width: 826px) 100vw, 826px\" \/><\/figure>\n\n\n\n<figure class=\"wp-block-image size-large\"><img loading=\"lazy\" decoding=\"async\" width=\"780\" height=\"456\" data-id=\"1581\" src=\"https:\/\/emci.re\/wp-content\/uploads\/2020\/06\/9.jpg\" alt=\"ACC\u00c8S AU CENTRE DE VALORISATION DES D\u00c9CHETS\" class=\"wp-image-1581\" srcset=\"https:\/\/emci.re\/wp-content\/uploads\/2020\/06\/9.jpg 780w, https:\/\/emci.re\/wp-content\/uploads\/2020\/06\/9-300x175.jpg 300w, https:\/\/emci.re\/wp-content\/uploads\/2020\/06\/9-768x449.jpg 768w\" sizes=\"auto, (max-width: 780px) 100vw, 780px\" \/><\/figure>\n\n\n\n<figure class=\"wp-block-image size-large\"><img loading=\"lazy\" decoding=\"async\" width=\"1024\" height=\"282\" data-id=\"1583\" src=\"https:\/\/emci.re\/wp-content\/uploads\/2020\/06\/1-15-1024x282.jpg\" alt=\"ACC\u00c8S AU CENTRE DE VALORISATION DES D\u00c9CHETS\" class=\"wp-image-1583\" srcset=\"https:\/\/emci.re\/wp-content\/uploads\/2020\/06\/1-15-1024x282.jpg 1024w, https:\/\/emci.re\/wp-content\/uploads\/2020\/06\/1-15-300x83.jpg 300w, https:\/\/emci.re\/wp-content\/uploads\/2020\/06\/1-15-768x212.jpg 768w, https:\/\/emci.re\/wp-content\/uploads\/2020\/06\/1-15.jpg 1249w\" sizes=\"auto, (max-width: 1024px) 100vw, 1024px\" \/><\/figure>\n\n\n\n<figure class=\"wp-block-image size-large\"><img loading=\"lazy\" decoding=\"async\" width=\"798\" height=\"407\" data-id=\"1585\" src=\"https:\/\/emci.re\/wp-content\/uploads\/2020\/06\/3-9.jpg\" alt=\"ACC\u00c8S AU CENTRE DE VALORISATION DES D\u00c9CHETS\" class=\"wp-image-1585\" srcset=\"https:\/\/emci.re\/wp-content\/uploads\/2020\/06\/3-9.jpg 798w, https:\/\/emci.re\/wp-content\/uploads\/2020\/06\/3-9-300x153.jpg 300w, https:\/\/emci.re\/wp-content\/uploads\/2020\/06\/3-9-768x392.jpg 768w\" sizes=\"auto, (max-width: 798px) 100vw, 798px\" \/><\/figure>\n\n\n\n<figure class=\"wp-block-image size-large\"><img loading=\"lazy\" decoding=\"async\" width=\"1007\" height=\"453\" data-id=\"1586\" src=\"https:\/\/emci.re\/wp-content\/uploads\/2020\/06\/4-7.jpg\" alt=\"ACC\u00c8S AU CENTRE DE VALORISATION DES D\u00c9CHETS\" class=\"wp-image-1586\" srcset=\"https:\/\/emci.re\/wp-content\/uploads\/2020\/06\/4-7.jpg 1007w, https:\/\/emci.re\/wp-content\/uploads\/2020\/06\/4-7-300x135.jpg 300w, https:\/\/emci.re\/wp-content\/uploads\/2020\/06\/4-7-768x345.jpg 768w\" sizes=\"auto, (max-width: 1007px) 100vw, 1007px\" \/><\/figure>\n\n\n\n<figure class=\"wp-block-image size-large\"><img loading=\"lazy\" decoding=\"async\" width=\"929\" height=\"650\" data-id=\"1584\" src=\"https:\/\/emci.re\/wp-content\/uploads\/2020\/06\/2-6.jpg\" alt=\"ACC\u00c8S AU CENTRE DE VALORISATION DES D\u00c9CHETS\" class=\"wp-image-1584\" srcset=\"https:\/\/emci.re\/wp-content\/uploads\/2020\/06\/2-6.jpg 929w, https:\/\/emci.re\/wp-content\/uploads\/2020\/06\/2-6-300x210.jpg 300w, https:\/\/emci.re\/wp-content\/uploads\/2020\/06\/2-6-768x537.jpg 768w\" sizes=\"auto, (max-width: 929px) 100vw, 929px\" \/><\/figure>\n\n\n\n<figure class=\"wp-block-image size-large\"><img loading=\"lazy\" decoding=\"async\" width=\"1024\" height=\"461\" data-id=\"1579\" src=\"https:\/\/emci.re\/wp-content\/uploads\/2020\/06\/7-1024x461.jpg\" alt=\"ACC\u00c8S AU CENTRE DE VALORISATION DES D\u00c9CHETS\" class=\"wp-image-1579\" srcset=\"https:\/\/emci.re\/wp-content\/uploads\/2020\/06\/7-1024x461.jpg 1024w, https:\/\/emci.re\/wp-content\/uploads\/2020\/06\/7-300x135.jpg 300w, https:\/\/emci.re\/wp-content\/uploads\/2020\/06\/7-768x346.jpg 768w, https:\/\/emci.re\/wp-content\/uploads\/2020\/06\/7.jpg 1322w\" sizes=\"auto, (max-width: 1024px) 100vw, 1024px\" \/><\/figure>\n<\/figure>\n<\/div><\/div>\n\n\n\n<!--more-->\n\n\n\n<p><br><\/p>\n\n\n\n<p><strong> <\/strong><\/p>\n<p>Views: 194<\/p>","protected":false},"excerpt":{"rendered":"<p>Mission : Mission EXE pour la r\u00e9alisation d\u2019un acc\u00e8s au CTVD en passant sous le pont de la rivi\u00e8re Saint Etienne &#8211; Saint Pierre &#8211; La R\u00e9union Montant Travaux HT : Non communiqu\u00e9, mission EXE Maitre d\u2019ouvrage &#8211; Client : CIVIS \/ROCS Livraison : 2019 Secteur : G\u00e9nie Civil Views: 194<\/p>\n","protected":false},"author":2,"featured_media":1584,"parent":1084,"menu_order":3,"comment_status":"closed","ping_status":"closed","template":"","meta":{"footnotes":""},"folder":[18],"class_list":["post-1156","page","type-page","status-publish","has-post-thumbnail","hentry"],"_links":{"self":[{"href":"https:\/\/emci.re\/index.php?rest_route=\/wp\/v2\/pages\/1156","targetHints":{"allow":["GET"]}}],"collection":[{"href":"https:\/\/emci.re\/index.php?rest_route=\/wp\/v2\/pages"}],"about":[{"href":"https:\/\/emci.re\/index.php?rest_route=\/wp\/v2\/types\/page"}],"author":[{"embeddable":true,"href":"https:\/\/emci.re\/index.php?rest_route=\/wp\/v2\/users\/2"}],"replies":[{"embeddable":true,"href":"https:\/\/emci.re\/index.php?rest_route=%2Fwp%2Fv2%2Fcomments&post=1156"}],"version-history":[{"count":1,"href":"https:\/\/emci.re\/index.php?rest_route=\/wp\/v2\/pages\/1156\/revisions"}],"predecessor-version":[{"id":3572,"href":"https:\/\/emci.re\/index.php?rest_route=\/wp\/v2\/pages\/1156\/revisions\/3572"}],"up":[{"embeddable":true,"href":"https:\/\/emci.re\/index.php?rest_route=\/wp\/v2\/pages\/1084"}],"wp:featuredmedia":[{"embeddable":true,"href":"https:\/\/emci.re\/index.php?rest_route=\/wp\/v2\/media\/1584"}],"wp:attachment":[{"href":"https:\/\/emci.re\/index.php?rest_route=%2Fwp%2Fv2%2Fmedia&parent=1156"}],"wp:term":[{"taxonomy":"folder","embeddable":true,"href":"https:\/\/emci.re\/index.php?rest_route=%2Fwp%2Fv2%2Ffolder&post=1156"}],"curies":[{"name":"wp","href":"https:\/\/api.w.org\/{rel}","templated":true}]}}