{"id":170,"date":"2019-01-21T00:04:59","date_gmt":"2019-01-20T23:04:59","guid":{"rendered":"https:\/\/emci.re\/?page_id=170"},"modified":"2026-02-17T11:18:46","modified_gmt":"2026-02-17T07:18:46","slug":"postuler","status":"publish","type":"page","link":"https:\/\/emci.re\/?page_id=170","title":{"rendered":"Postuler"},"content":{"rendered":"\n<h2 class=\"wp-block-heading\">Profils recherch\u00e9s<\/h2>\n\n\n\n<div class=\"wp-block-media-text alignwide has-media-on-the-right is-stacked-on-mobile is-vertically-aligned-top\" style=\"grid-template-columns:auto 20%\"><div class=\"wp-block-media-text__content\">\n<p class=\"has-text-align-left\"><em><strong>Ing\u00e9nieur(e) d\u00e9butant(e) ou confirm\u00e9(e)<\/strong>: <\/em>Dipl\u00f4m\u00e9(e) d&rsquo;une \u00c9cole d&rsquo;Ing\u00e9nieur ou d&rsquo;une Universit\u00e9, id\u00e9alement avec une sp\u00e9cialit\u00e9 en calcul de structure, G\u00e9nie Civil et B\u00e2timent, type ESTP, INSA, ENSAM, Mines, Centrale, Master2 en G\u00e9nie Civil, CHEC \u2026<\/p>\n\n\n\n<p><em><strong>Dessinateur Projeteur &#8211; Structure B\u00e9ton et\/ou Charpente M\u00e9tallique<\/strong> : <\/em>                         \u00c9tablissement des plans d\u2019ex\u00e9cutions, coffrage, ferraillage\u2026<\/p>\n\n\n\n<p><strong><em>Stagiaire :<\/em><\/strong>                                                                   IUT, Licence Pro, Master ou \u00c9cole d&rsquo;Ing\u00e9nieur.<\/p>\n\n\n\n<p>Vous aimez travailler en \u00e9quipe, \u00eates autonome et impliqu\u00e9(e), avez de bonnes capacit\u00e9s d&rsquo;adaptation au contexte local.                                                  Curiosit\u00e9, investissement, go\u00fbt du terrain et du contact seront vos atouts.<\/p>\n\n\n\n<p>Vous \u00eates motiv\u00e9(e), avec le go\u00fbt du challenge, alors rejoignez-nous ! <\/p>\n\n\n\n<p>Faites nous parvenir votre Curriculum Vitae et lettre de motivation  : <strong><span class=\"has-inline-color has-vivid-cyan-blue-color\">emci.contact@emci.re<\/span><\/strong><\/p>\n\n\n\n<p class=\"has-text-align-left\"><\/p>\n\n\n\n<div class=\"wp-block-group\"><div class=\"wp-block-group__inner-container is-layout-flow wp-block-group-is-layout-flow\">\n<figure class=\"wp-block-gallery has-nested-images columns-default is-cropped wp-block-gallery-1 is-layout-flex wp-block-gallery-is-layout-flex\">\n<figure class=\"wp-block-image size-large\"><img loading=\"lazy\" decoding=\"async\" width=\"640\" height=\"480\" data-id=\"1847\" src=\"https:\/\/emci.re\/wp-content\/uploads\/2020\/06\/IMG_0703-6.jpg\" alt=\"\" class=\"wp-image-1847\" srcset=\"https:\/\/emci.re\/wp-content\/uploads\/2020\/06\/IMG_0703-6.jpg 640w, https:\/\/emci.re\/wp-content\/uploads\/2020\/06\/IMG_0703-6-300x225.jpg 300w, https:\/\/emci.re\/wp-content\/uploads\/2020\/06\/IMG_0703-6-380x285.jpg 380w, https:\/\/emci.re\/wp-content\/uploads\/2020\/06\/IMG_0703-6-285x214.jpg 285w\" sizes=\"auto, (max-width: 640px) 100vw, 640px\" \/><\/figure>\n\n\n\n<figure class=\"wp-block-image size-large\"><img loading=\"lazy\" decoding=\"async\" width=\"463\" height=\"327\" data-id=\"1408\" src=\"https:\/\/emci.re\/wp-content\/uploads\/2020\/06\/EMCI-entr\u00e9e-1.jpg\" alt=\"\" class=\"wp-image-1408\" srcset=\"https:\/\/emci.re\/wp-content\/uploads\/2020\/06\/EMCI-entr\u00e9e-1.jpg 463w, https:\/\/emci.re\/wp-content\/uploads\/2020\/06\/EMCI-entr\u00e9e-1-300x212.jpg 300w\" sizes=\"auto, (max-width: 463px) 100vw, 463px\" \/><\/figure>\n\n\n\n<figure class=\"wp-block-image size-large\"><img loading=\"lazy\" decoding=\"async\" width=\"640\" height=\"480\" data-id=\"1848\" src=\"https:\/\/emci.re\/wp-content\/uploads\/2020\/06\/IMG_0687-3.jpg\" alt=\"\" class=\"wp-image-1848\" srcset=\"https:\/\/emci.re\/wp-content\/uploads\/2020\/06\/IMG_0687-3.jpg 640w, https:\/\/emci.re\/wp-content\/uploads\/2020\/06\/IMG_0687-3-300x225.jpg 300w, https:\/\/emci.re\/wp-content\/uploads\/2020\/06\/IMG_0687-3-380x285.jpg 380w, https:\/\/emci.re\/wp-content\/uploads\/2020\/06\/IMG_0687-3-285x214.jpg 285w\" sizes=\"auto, (max-width: 640px) 100vw, 640px\" \/><\/figure>\n<\/figure>\n<\/div><\/div>\n\n\n\n<h3 class=\"wp-block-heading\"><strong>Ils sont pass\u00e9s par EMCI<\/strong> \u2026<\/h3>\n\n\n\n<pre class=\"wp-block-preformatted\"><strong><em>LUCIE :<\/em> <\/strong>                                                                                                                                                                                         <br><strong>INSA Strasbourg \u2013 Dipl\u00f4me G\u00e9nie Civil <\/strong>                                                                                                                                                                                                                                                                                                                                                                                                                                                                                                    Stage de fin d'\u00c9tudes d'Ing\u00e9nieur.<br><strong>Dates<\/strong> : 17\/02\/2025 au 08\/08\/2025 (6 mois)<br><strong>Sujet<\/strong> : Structure B\u00e9ton\/Bois\/M\u00e9tal.Mod\u00e9lisation,calcul parasismique. \u00c9tude comparative de diff\u00e9rents modes constructifs b\u00e9ton\/M\u00e9tal et B\u00e9ton\/Bois <br><br><strong><em>ALI :<\/em> <\/strong>                                                                                                                                                                                         <br><strong>Universit\u00e9 de La r\u00e9union \u2013 Master 2 G\u00e9nie Civil - Sciences et Ing\u00e9nierie de la Construction (SIC)<\/strong>                                                                                                                                                                                                                                                                                                                                                                                                                                                                                                                         Stage de fin d'\u00c9tudes d'Ing\u00e9nieur.<br><strong>Dates<\/strong> : 02\/04\/2024 au 20\/09\/2024 (5 mois)<br><strong>Sujet<\/strong> : Structure B\u00e9ton arm\u00e9 et Charpente (Bois-M\u00e9tal). Calcul statique et dynamique<br><br><strong><em>CHLO\u00c9 :<\/em><\/strong>                                                                                                                                                                                          <br><strong>INSA Lyon \u2013 Double Cursus G\u00e9nie Civil Urbanisme et Architecte<\/strong>                                                                                                                                                                                                                                                                                                                                                                                                                                                                                                                               Stage de fin d'\u00c9tudes d'\u00c9cole d'Ing\u00e9nieurs.<br><strong>Dates<\/strong> : 03\/04\/2023 au 01\/09\/2023 (5 mois)<br><strong>Sujet <\/strong>: Structure B\u00e9ton\/Bois\/M\u00e9tal.Mod\u00e9lisation,calcul parasismique. \u00c9tude comparative de diff\u00e9rents modes constructifs b\u00e9ton\/M\u00e9tal et B\u00e9ton\/Bois <\/pre>\n\n\n\n<pre class=\"wp-block-preformatted\"><strong><em>MEHDI :<\/em><\/strong>                                                                                                                                                                                          \n<strong>INSA Lyon - Double dipl\u00f4me G\u00e9nie Civil et Urbanisme<\/strong>                                                                                                                                                                                                                                                                                                                                                                                                                                                                                                                                 Stage de fin d'\u00c9tudes d'\u00c9cole d'Ing\u00e9nieurs.\n<strong>Dates<\/strong> : 15\/02\/2021 au 14\/08\/2021 (6 mois)\n<strong>Sujet <\/strong>: Calcul et mod\u00e9lisation de structures en b\u00e9ton arm\u00e9. Calculs parasismiques de b\u00e2timents et ouvrages de G\u00e9nie Civil.<\/pre>\n\n\n\n<pre id=\"block-94f5b70d-33ea-47a8-9cb8-365c6ef7f6a2\" class=\"wp-block-preformatted\"><strong><em>LAIO :<\/em><\/strong>                                                                                                                                                                                          <br><strong>INSA Strasbourg - Double dipl\u00f4me avec l'Universit\u00e9 de FORTALEZA (Br\u00e9sil)  <\/strong>                                                                                                                                                                                                                                                                                                                                                                                                                                                                                                                                   Derni\u00e8re ann\u00e9e d'\u00c9tudes d'\u00c9cole d'Ing\u00e9nieurs en contrat de professionnalisation. <br><strong>Dates<\/strong> : 10\/09\/2019 au 25\/09\/2020 (12 mois)<br><strong>Sujet <\/strong>: \u00c9tude de l'interaction sol structure (ISS) - \u00c9tude de la prise en compte de l'ISS sur diff\u00e9rents types de b\u00e2timents \u00e0 l'Ile de la R\u00e9union.<\/pre>\n\n\n\n<pre class=\"wp-block-preformatted\"><em><strong>MARYNE<\/strong> <\/em>: \n<strong>AFPAAR de Sainte Suzanne<\/strong>\nBTS \u00c9tudes du B\u00e2timent en Dessin de Projet.\n<strong>Dates<\/strong> : 02\/03\/2020 au 03\/04\/2020 (1 mois)\n<strong>Sujet <\/strong>: Mod\u00e9lisation sous REVIT et d\u00e9couverte du BIM.<\/pre>\n\n\n\n<pre class=\"wp-block-preformatted\"><em><strong>TAHIRY<\/strong> :<\/em> \n<strong>IST G\u00e9nie Civil - Antananarivo - Madagascar<\/strong>\nStage de fin d'\u00c9tudes d'\u00c9cole d'Ing\u00e9nieurs et de G\u00e9nie Civil. \n<strong>Dates<\/strong> : 15\/07\/2019 au 26\/06\/2020 (11 mois)\n<strong>Sujet <\/strong>: \u00c9tude de construction en zone sismique. Mod\u00e9lisation aux \u00e9l\u00e9ments finis, calculs statiques et dynamiques. Participation aux \u00e9tudes d\u2019Ex\u00e9cution et mise en place d'un contr\u00f4le interne.<\/pre>\n\n\n\n<pre class=\"wp-block-preformatted\"><em><strong>REDA<\/strong> : <\/em> \n<strong>ENSEM - Nancy<\/strong>\nStage de fin d'\u00c9tudes d'\u00c9cole d'Ing\u00e9nieurs.\n<strong>Dates<\/strong> : 18\/03\/2019 au 30\/08\/2019 (6 mois)\n<strong>Sujet <\/strong>: Calcul et mod\u00e9lisation de structures en b\u00e9ton arm\u00e9. Calculs parasismiques de b\u00e2timents et ouvrages de G\u00e9nie Civil.<\/pre>\n\n\n\n<pre class=\"wp-block-preformatted\"><em><strong>MATTIEU<\/strong> : <\/em>\n<strong>\u00c9cole POLYTECHNIQUE - Universit\u00e9 de Nice<\/strong>\nStage de 1\u00e8re ann\u00e9e d'\u00c9tudes d\u2019\u00c9cole d\u2019Ing\u00e9nieurs. \n<strong>Dates<\/strong> : 17\/06\/2019 au 12\/07\/2019 (1 mois)\n<strong>Sujet <\/strong>: D\u00e9couverte du m\u00e9tier d'Ing\u00e9nieur Structure et de l'environnement en Bureau d'\u00c9tudes. Approfondissement des interconnaissances dans le domaine de la structure en b\u00e9ton arm\u00e9.Participation \u00e0 des \u00e9tude d\u2019Ex\u00e9cution.<\/pre>\n\n\n\n<pre class=\"wp-block-preformatted\"><em><strong>YOUCEF<\/strong> : <\/em>\n<strong>MASTER 2 G\u00e9nie Civil - Universit\u00e9 de Reims<\/strong>\nStage de fin d'\u00c9tudes Master 2 G\u00e9nie Civil.\n<strong>Dates<\/strong> : 04\/03\/2019 au 16\/08\/2019 (6 mois) \n<strong>Sujet&nbsp;<\/strong>: Calcul et mod\u00e9lisation de la  structure mixte (Acier-B\u00e9ton) d'un centre commercial et d'un parking de 25 000m\u00b2 - Calcul parasismique.                                                        <\/pre>\n\n\n\n<pre class=\"wp-block-preformatted\"><em><strong>LUDOVIC <\/strong>:<\/em>\n<strong>ISMANS \/Groupe CESI<\/strong> \nStage de fin d'\u00c9tudes d'\u00c9cole d'Ing\u00e9nieurs.                     \n<strong>Dates<\/strong> : 04\/04\/2018 au 28\/09\/2018 (6 mois)\n<strong>Sujet<\/strong> : \u00c9tude de l'effet du retrait lin\u00e9aire sur des structures b\u00e9ton et m\u00e9thodes de du retrait. Mod\u00e9lisation par \u00e9l\u00e9ments finis des structures mixtes acier-b\u00e9ton-mod\u00e9lisation de barres \u00e9quivalentes.<\/pre>\n<\/div><figure class=\"wp-block-media-text__media\"><img loading=\"lazy\" decoding=\"async\" width=\"1024\" height=\"425\" src=\"https:\/\/emci.re\/wp-content\/uploads\/2026\/02\/EMCI_INGEROP-Logo--1024x425.png\" alt=\"\" class=\"wp-image-3839 size-full\" srcset=\"https:\/\/emci.re\/wp-content\/uploads\/2026\/02\/EMCI_INGEROP-Logo--1024x425.png 1024w, https:\/\/emci.re\/wp-content\/uploads\/2026\/02\/EMCI_INGEROP-Logo--300x124.png 300w, https:\/\/emci.re\/wp-content\/uploads\/2026\/02\/EMCI_INGEROP-Logo--768x319.png 768w, https:\/\/emci.re\/wp-content\/uploads\/2026\/02\/EMCI_INGEROP-Logo--1536x637.png 1536w, https:\/\/emci.re\/wp-content\/uploads\/2026\/02\/EMCI_INGEROP-Logo--2048x850.png 2048w\" sizes=\"auto, (max-width: 1024px) 100vw, 1024px\" \/><\/figure><\/div>\n\n\n\n<p><\/p>\n<p>Views: 4123<\/p>","protected":false},"excerpt":{"rendered":"<p>Profils recherch\u00e9s Views: 4123<\/p>\n","protected":false},"author":1,"featured_media":1848,"parent":9,"menu_order":3,"comment_status":"closed","ping_status":"closed","template":"","meta":{"footnotes":""},"folder":[],"class_list":["post-170","page","type-page","status-publish","has-post-thumbnail","hentry"],"_links":{"self":[{"href":"https:\/\/emci.re\/index.php?rest_route=\/wp\/v2\/pages\/170","targetHints":{"allow":["GET"]}}],"collection":[{"href":"https:\/\/emci.re\/index.php?rest_route=\/wp\/v2\/pages"}],"about":[{"href":"https:\/\/emci.re\/index.php?rest_route=\/wp\/v2\/types\/page"}],"author":[{"embeddable":true,"href":"https:\/\/emci.re\/index.php?rest_route=\/wp\/v2\/users\/1"}],"replies":[{"embeddable":true,"href":"https:\/\/emci.re\/index.php?rest_route=%2Fwp%2Fv2%2Fcomments&post=170"}],"version-history":[{"count":5,"href":"https:\/\/emci.re\/index.php?rest_route=\/wp\/v2\/pages\/170\/revisions"}],"predecessor-version":[{"id":3845,"href":"https:\/\/emci.re\/index.php?rest_route=\/wp\/v2\/pages\/170\/revisions\/3845"}],"up":[{"embeddable":true,"href":"https:\/\/emci.re\/index.php?rest_route=\/wp\/v2\/pages\/9"}],"wp:featuredmedia":[{"embeddable":true,"href":"https:\/\/emci.re\/index.php?rest_route=\/wp\/v2\/media\/1848"}],"wp:attachment":[{"href":"https:\/\/emci.re\/index.php?rest_route=%2Fwp%2Fv2%2Fmedia&parent=170"}],"wp:term":[{"taxonomy":"folder","embeddable":true,"href":"https:\/\/emci.re\/index.php?rest_route=%2Fwp%2Fv2%2Ffolder&post=170"}],"curies":[{"name":"wp","href":"https:\/\/api.w.org\/{rel}","templated":true}]}}