{"id":178,"date":"2019-01-21T00:10:32","date_gmt":"2019-01-20T23:10:32","guid":{"rendered":"https:\/\/emci.re\/?page_id=178"},"modified":"2022-05-09T13:58:00","modified_gmt":"2022-05-09T11:58:00","slug":"competences","status":"publish","type":"page","link":"https:\/\/emci.re\/?page_id=178","title":{"rendered":"Comp\u00e9tences :              B\u00e2timent et G\u00e9nie Civil"},"content":{"rendered":"\n<p><\/p>\n\n\n\n<p><\/p>\n\n\n\n<div class=\"wp-block-media-text alignwide has-media-on-the-right\" style=\"grid-template-columns:auto 46%\"><figure class=\"wp-block-media-text__media\"><img decoding=\"async\" src=\"https:\/\/emci.re\/wp-content\/uploads\/2020\/06\/1-30.jpg\" alt=\"\" class=\"wp-image-1754 size-full\"\/><\/figure><div class=\"wp-block-media-text__content\">\n<h2 class=\"wp-block-heading\">Expertise : Ing\u00e9nierie Structure<\/h2>\n\n\n\n<blockquote class=\"wp-block-quote is-layout-flow wp-block-quote-is-layout-flow\"><p><strong>B\u00e9ton arm\u00e9 &amp; charpente<\/strong><\/p><\/blockquote>\n\n\n\n<blockquote class=\"wp-block-quote is-layout-flow wp-block-quote-is-layout-flow\"><p><strong>Calculs <strong>dynamiques<\/strong><\/strong> <strong>et parasismiques <\/strong><\/p><\/blockquote>\n\n\n\n<blockquote class=\"wp-block-quote is-layout-flow wp-block-quote-is-layout-flow\"><p><strong>Fondations sp\u00e9ciales et renforcement de sol<\/strong><\/p><\/blockquote>\n<\/div><\/div>\n\n\n\n<br><br>\n\n\n\n<div class=\"wp-block-media-text alignwide\"><figure class=\"wp-block-media-text__media\"><img loading=\"lazy\" decoding=\"async\" width=\"1024\" height=\"683\" src=\"https:\/\/emci.re\/wp-content\/uploads\/2020\/02\/MOE-1-1024x683.jpg\" alt=\"\" class=\"wp-image-857 size-full\" srcset=\"https:\/\/emci.re\/wp-content\/uploads\/2020\/02\/MOE-1-1024x683.jpg 1024w, https:\/\/emci.re\/wp-content\/uploads\/2020\/02\/MOE-1-300x200.jpg 300w, https:\/\/emci.re\/wp-content\/uploads\/2020\/02\/MOE-1-768x512.jpg 768w, https:\/\/emci.re\/wp-content\/uploads\/2020\/02\/MOE-1-1536x1024.jpg 1536w, https:\/\/emci.re\/wp-content\/uploads\/2020\/02\/MOE-1-2048x1365.jpg 2048w, https:\/\/emci.re\/wp-content\/uploads\/2020\/02\/MOE-1-570x380.jpg 570w, https:\/\/emci.re\/wp-content\/uploads\/2020\/02\/MOE-1-380x254.jpg 380w, https:\/\/emci.re\/wp-content\/uploads\/2020\/02\/MOE-1-285x190.jpg 285w\" sizes=\"auto, (max-width: 1024px) 100vw, 1024px\" \/><\/figure><div class=\"wp-block-media-text__content\">\n<h2 class=\"wp-block-heading\">Nos missions<br><\/h2>\n\n\n\n<blockquote class=\"wp-block-quote is-layout-flow wp-block-quote-is-layout-flow\"><p><strong>Maitrise d\u2019\u0153uvre : conception et r\u00e9alisation<\/strong><\/p><\/blockquote>\n\n\n\n<blockquote class=\"wp-block-quote is-layout-flow wp-block-quote-is-layout-flow\"><p><strong>\u00c9tudes d&rsquo;ex\u00e9cution<\/strong><\/p><\/blockquote>\n\n\n\n<blockquote class=\"wp-block-quote is-layout-flow wp-block-quote-is-layout-flow\"><p><strong>Diagnostic et expertise structure<\/strong><\/p><\/blockquote>\n\n\n\n<blockquote class=\"wp-block-quote is-layout-flow wp-block-quote-is-layout-flow\"><p><strong>Conseil et assistance maitrise d&rsquo;ouvrage<\/strong><\/p><\/blockquote>\n<\/div><\/div>\n\n\n\n<br><br>\n\n\n\n<div class=\"wp-block-media-text alignwide has-media-on-the-right\"><figure class=\"wp-block-media-text__media\"><img loading=\"lazy\" decoding=\"async\" width=\"1024\" height=\"403\" src=\"https:\/\/emci.re\/wp-content\/uploads\/2019\/01\/la-re\u0301union-1024x403.png\" alt=\"\" class=\"wp-image-288 size-full\" srcset=\"https:\/\/emci.re\/wp-content\/uploads\/2019\/01\/la-re\u0301union-1024x403.png 1024w, https:\/\/emci.re\/wp-content\/uploads\/2019\/01\/la-re\u0301union-300x118.png 300w, https:\/\/emci.re\/wp-content\/uploads\/2019\/01\/la-re\u0301union-768x302.png 768w, https:\/\/emci.re\/wp-content\/uploads\/2019\/01\/la-re\u0301union.png 1390w\" sizes=\"auto, (max-width: 1024px) 100vw, 1024px\" \/><\/figure><div class=\"wp-block-media-text__content\">\n<h2 class=\"wp-block-heading\">Rayon d&rsquo;action<br><\/h2>\n\n\n\n<blockquote class=\"wp-block-quote is-layout-flow wp-block-quote-is-layout-flow\"><p>La R\u00e9union, Mayotte &amp; Oc\u00e9an Indien<br><\/p><\/blockquote>\n<\/div><\/div>\n<p>Views: 2541<\/p>","protected":false},"excerpt":{"rendered":"<p>Expertise : Ing\u00e9nierie Structure B\u00e9ton arm\u00e9 &amp; charpente Calculs dynamiques et parasismiques Fondations sp\u00e9ciales et renforcement de sol Nos missions Maitrise d\u2019\u0153uvre : conception et r\u00e9alisation \u00c9tudes d&rsquo;ex\u00e9cution Diagnostic et expertise structure Conseil et assistance maitrise d&rsquo;ouvrage Rayon d&rsquo;action La R\u00e9union, Mayotte &amp; Oc\u00e9an Indien Views: 2541<\/p>\n","protected":false},"author":1,"featured_media":0,"parent":0,"menu_order":0,"comment_status":"closed","ping_status":"closed","template":"","meta":{"footnotes":""},"folder":[],"class_list":["post-178","page","type-page","status-publish","hentry"],"_links":{"self":[{"href":"https:\/\/emci.re\/index.php?rest_route=\/wp\/v2\/pages\/178","targetHints":{"allow":["GET"]}}],"collection":[{"href":"https:\/\/emci.re\/index.php?rest_route=\/wp\/v2\/pages"}],"about":[{"href":"https:\/\/emci.re\/index.php?rest_route=\/wp\/v2\/types\/page"}],"author":[{"embeddable":true,"href":"https:\/\/emci.re\/index.php?rest_route=\/wp\/v2\/users\/1"}],"replies":[{"embeddable":true,"href":"https:\/\/emci.re\/index.php?rest_route=%2Fwp%2Fv2%2Fcomments&post=178"}],"version-history":[{"count":0,"href":"https:\/\/emci.re\/index.php?rest_route=\/wp\/v2\/pages\/178\/revisions"}],"wp:attachment":[{"href":"https:\/\/emci.re\/index.php?rest_route=%2Fwp%2Fv2%2Fmedia&parent=178"}],"wp:term":[{"taxonomy":"folder","embeddable":true,"href":"https:\/\/emci.re\/index.php?rest_route=%2Fwp%2Fv2%2Ffolder&post=178"}],"curies":[{"name":"wp","href":"https:\/\/api.w.org\/{rel}","templated":true}]}}