{"id":2284,"date":"2020-09-11T08:53:59","date_gmt":"2020-09-11T06:53:59","guid":{"rendered":"https:\/\/emci.re\/?page_id=2284"},"modified":"2024-11-22T10:21:51","modified_gmt":"2024-11-22T06:21:51","slug":"batiment-carambole-le-port-la-reunion","status":"publish","type":"page","link":"https:\/\/emci.re\/?page_id=2284","title":{"rendered":"\u25aa\ufe0f B\u00e2timent CARAMBOLE &#8211; Le Port &#8211; La R\u00e9union"},"content":{"rendered":"\n<p><strong>Mission <\/strong>: Mission de maitrise d\u2019\u0153uvre Structure pour la r\u00e9alisation d&rsquo;un b\u00e2timent R+5, regroupant diff\u00e9rentes fonctions : <\/p>\n\n\n\n<ul class=\"wp-block-list\">\n<li>Si\u00e8ge social du groupe Les Flamboyants, <\/li>\n\n\n\n<li>Locaux commerciaux \u00e0 vocation m\u00e9dicale et param\u00e9dicale, <\/li>\n\n\n\n<li>Cr\u00e8che, <\/li>\n\n\n\n<li>Locaux de formation et autres bureaux.<\/li>\n<\/ul>\n\n\n\n<p><strong>Co\u00fbt des travaux HT <\/strong>: 11 273 240.00\u20ac<\/p>\n\n\n\n<p><strong>SHOB <\/strong>: 13 579 m\u00b2<\/p>\n\n\n\n<p><strong>Maitre d\u2019ouvrage \u2013 Architecte :<\/strong>  SCI Savane \/ ARCH\u2019IMAGE \/ Architectes de l\u2019\u00c9peron<\/p>\n\n\n\n<p><strong>Livraison :<\/strong> Chantier en cours<\/p>\n\n\n\n<div class=\"wp-block-group\"><div class=\"wp-block-group__inner-container is-layout-constrained wp-block-group-is-layout-constrained\">\n<div class=\"wp-block-group\"><div class=\"wp-block-group__inner-container is-layout-constrained wp-block-group-is-layout-constrained\">\n<figure class=\"wp-block-gallery has-nested-images columns-2 is-cropped wp-block-gallery-1 is-layout-flex wp-block-gallery-is-layout-flex\">\n<figure class=\"wp-block-image size-large\"><img loading=\"lazy\" decoding=\"async\" width=\"1024\" height=\"766\" data-id=\"3159\" src=\"https:\/\/emci.re\/wp-content\/uploads\/2023\/07\/IMG_20230705_115254_1-1-1024x766.jpg\" alt=\"\" class=\"wp-image-3159\" srcset=\"https:\/\/emci.re\/wp-content\/uploads\/2023\/07\/IMG_20230705_115254_1-1-1024x766.jpg 1024w, https:\/\/emci.re\/wp-content\/uploads\/2023\/07\/IMG_20230705_115254_1-1-300x224.jpg 300w, https:\/\/emci.re\/wp-content\/uploads\/2023\/07\/IMG_20230705_115254_1-1-768x574.jpg 768w, https:\/\/emci.re\/wp-content\/uploads\/2023\/07\/IMG_20230705_115254_1-1-1536x1149.jpg 1536w, https:\/\/emci.re\/wp-content\/uploads\/2023\/07\/IMG_20230705_115254_1-1-380x285.jpg 380w, https:\/\/emci.re\/wp-content\/uploads\/2023\/07\/IMG_20230705_115254_1-1-285x214.jpg 285w, https:\/\/emci.re\/wp-content\/uploads\/2023\/07\/IMG_20230705_115254_1-1.jpg 1800w\" sizes=\"auto, (max-width: 1024px) 100vw, 1024px\" \/><figcaption class=\"wp-element-caption\"><strong>Chantier Juillet 2023<\/strong><\/figcaption><\/figure>\n\n\n\n<figure class=\"wp-block-image size-large\"><img loading=\"lazy\" decoding=\"async\" width=\"1024\" height=\"766\" data-id=\"3158\" src=\"https:\/\/emci.re\/wp-content\/uploads\/2023\/07\/IMG_20230705_114925_1-1024x766.jpg\" alt=\"\" class=\"wp-image-3158\" srcset=\"https:\/\/emci.re\/wp-content\/uploads\/2023\/07\/IMG_20230705_114925_1-1024x766.jpg 1024w, https:\/\/emci.re\/wp-content\/uploads\/2023\/07\/IMG_20230705_114925_1-300x224.jpg 300w, https:\/\/emci.re\/wp-content\/uploads\/2023\/07\/IMG_20230705_114925_1-768x574.jpg 768w, https:\/\/emci.re\/wp-content\/uploads\/2023\/07\/IMG_20230705_114925_1-1536x1149.jpg 1536w, https:\/\/emci.re\/wp-content\/uploads\/2023\/07\/IMG_20230705_114925_1-380x285.jpg 380w, https:\/\/emci.re\/wp-content\/uploads\/2023\/07\/IMG_20230705_114925_1-285x214.jpg 285w, https:\/\/emci.re\/wp-content\/uploads\/2023\/07\/IMG_20230705_114925_1.jpg 1800w\" sizes=\"auto, (max-width: 1024px) 100vw, 1024px\" \/><figcaption class=\"wp-element-caption\"><strong>Chantier Juillet 2023<\/strong><\/figcaption><\/figure>\n\n\n\n<figure class=\"wp-block-image size-large\"><img loading=\"lazy\" decoding=\"async\" width=\"766\" height=\"1024\" data-id=\"3168\" src=\"https:\/\/emci.re\/wp-content\/uploads\/2023\/07\/IMG_20230705_112051_1-766x1024.jpg\" alt=\"\" class=\"wp-image-3168\" srcset=\"https:\/\/emci.re\/wp-content\/uploads\/2023\/07\/IMG_20230705_112051_1-766x1024.jpg 766w, https:\/\/emci.re\/wp-content\/uploads\/2023\/07\/IMG_20230705_112051_1-224x300.jpg 224w, https:\/\/emci.re\/wp-content\/uploads\/2023\/07\/IMG_20230705_112051_1-768x1027.jpg 768w, https:\/\/emci.re\/wp-content\/uploads\/2023\/07\/IMG_20230705_112051_1-1149x1536.jpg 1149w, https:\/\/emci.re\/wp-content\/uploads\/2023\/07\/IMG_20230705_112051_1.jpg 1346w\" sizes=\"auto, (max-width: 766px) 100vw, 766px\" \/><\/figure>\n\n\n\n<figure class=\"wp-block-image size-large\"><img loading=\"lazy\" decoding=\"async\" width=\"766\" height=\"1024\" data-id=\"3157\" src=\"https:\/\/emci.re\/wp-content\/uploads\/2023\/07\/IMG_20230705_110037-766x1024.jpg\" alt=\"\" class=\"wp-image-3157\" srcset=\"https:\/\/emci.re\/wp-content\/uploads\/2023\/07\/IMG_20230705_110037-766x1024.jpg 766w, https:\/\/emci.re\/wp-content\/uploads\/2023\/07\/IMG_20230705_110037-224x300.jpg 224w, https:\/\/emci.re\/wp-content\/uploads\/2023\/07\/IMG_20230705_110037-768x1027.jpg 768w, https:\/\/emci.re\/wp-content\/uploads\/2023\/07\/IMG_20230705_110037-1149x1536.jpg 1149w, https:\/\/emci.re\/wp-content\/uploads\/2023\/07\/IMG_20230705_110037.jpg 1346w\" sizes=\"auto, (max-width: 766px) 100vw, 766px\" \/><\/figure>\n\n\n\n<figure class=\"wp-block-image size-large\"><img loading=\"lazy\" decoding=\"async\" width=\"1024\" height=\"766\" data-id=\"3155\" src=\"https:\/\/emci.re\/wp-content\/uploads\/2023\/07\/IMG_20230705_112954_1-1024x766.jpg\" alt=\"\" class=\"wp-image-3155\" srcset=\"https:\/\/emci.re\/wp-content\/uploads\/2023\/07\/IMG_20230705_112954_1-1024x766.jpg 1024w, https:\/\/emci.re\/wp-content\/uploads\/2023\/07\/IMG_20230705_112954_1-300x224.jpg 300w, https:\/\/emci.re\/wp-content\/uploads\/2023\/07\/IMG_20230705_112954_1-768x574.jpg 768w, https:\/\/emci.re\/wp-content\/uploads\/2023\/07\/IMG_20230705_112954_1-1536x1149.jpg 1536w, https:\/\/emci.re\/wp-content\/uploads\/2023\/07\/IMG_20230705_112954_1-380x285.jpg 380w, https:\/\/emci.re\/wp-content\/uploads\/2023\/07\/IMG_20230705_112954_1-285x214.jpg 285w, https:\/\/emci.re\/wp-content\/uploads\/2023\/07\/IMG_20230705_112954_1.jpg 1800w\" sizes=\"auto, (max-width: 1024px) 100vw, 1024px\" \/><\/figure>\n<\/figure>\n\n\n<div class=\"wp-block-image\">\n<figure class=\"aligncenter size-large\"><img loading=\"lazy\" decoding=\"async\" width=\"1024\" height=\"576\" src=\"https:\/\/emci.re\/wp-content\/uploads\/2020\/09\/Image-CARAMBOLE-1024x576.png\" alt=\"\" class=\"wp-image-2285\" srcset=\"https:\/\/emci.re\/wp-content\/uploads\/2020\/09\/Image-CARAMBOLE-1024x576.png 1024w, https:\/\/emci.re\/wp-content\/uploads\/2020\/09\/Image-CARAMBOLE-300x169.png 300w, https:\/\/emci.re\/wp-content\/uploads\/2020\/09\/Image-CARAMBOLE-768x432.png 768w, https:\/\/emci.re\/wp-content\/uploads\/2020\/09\/Image-CARAMBOLE.png 1480w\" sizes=\"auto, (max-width: 1024px) 100vw, 1024px\" \/><figcaption class=\"wp-element-caption\">Perspective Arch&rsquo;Image<\/figcaption><\/figure>\n<\/div><\/div><\/div>\n<\/div><\/div>\n\n\n\n<figure class=\"wp-block-gallery has-nested-images columns-default is-cropped wp-block-gallery-2 is-layout-flex wp-block-gallery-is-layout-flex\">\n<figure class=\"wp-block-image size-large\"><img loading=\"lazy\" decoding=\"async\" width=\"980\" height=\"735\" data-id=\"2571\" src=\"https:\/\/emci.re\/wp-content\/uploads\/2021\/12\/121130_PHOTO-CHANTIER-002.jpg\" alt=\"\" class=\"wp-image-2571\" srcset=\"https:\/\/emci.re\/wp-content\/uploads\/2021\/12\/121130_PHOTO-CHANTIER-002.jpg 980w, https:\/\/emci.re\/wp-content\/uploads\/2021\/12\/121130_PHOTO-CHANTIER-002-300x225.jpg 300w, https:\/\/emci.re\/wp-content\/uploads\/2021\/12\/121130_PHOTO-CHANTIER-002-768x576.jpg 768w, https:\/\/emci.re\/wp-content\/uploads\/2021\/12\/121130_PHOTO-CHANTIER-002-380x285.jpg 380w, https:\/\/emci.re\/wp-content\/uploads\/2021\/12\/121130_PHOTO-CHANTIER-002-285x214.jpg 285w\" sizes=\"auto, (max-width: 980px) 100vw, 980px\" \/><figcaption class=\"wp-element-caption\">D\u00e9cembre 2021<\/figcaption><\/figure>\n\n\n\n<figure class=\"wp-block-image size-large\"><img loading=\"lazy\" decoding=\"async\" width=\"1024\" height=\"766\" data-id=\"2572\" src=\"https:\/\/emci.re\/wp-content\/uploads\/2021\/12\/Carambole-elevations-nov21-1024x766.jpg\" alt=\"\" class=\"wp-image-2572\" srcset=\"https:\/\/emci.re\/wp-content\/uploads\/2021\/12\/Carambole-elevations-nov21-1024x766.jpg 1024w, https:\/\/emci.re\/wp-content\/uploads\/2021\/12\/Carambole-elevations-nov21-300x224.jpg 300w, https:\/\/emci.re\/wp-content\/uploads\/2021\/12\/Carambole-elevations-nov21-768x574.jpg 768w, https:\/\/emci.re\/wp-content\/uploads\/2021\/12\/Carambole-elevations-nov21-1536x1149.jpg 1536w, https:\/\/emci.re\/wp-content\/uploads\/2021\/12\/Carambole-elevations-nov21-380x285.jpg 380w, https:\/\/emci.re\/wp-content\/uploads\/2021\/12\/Carambole-elevations-nov21-285x214.jpg 285w, https:\/\/emci.re\/wp-content\/uploads\/2021\/12\/Carambole-elevations-nov21.jpg 2000w\" sizes=\"auto, (max-width: 1024px) 100vw, 1024px\" \/><figcaption class=\"wp-element-caption\"> Novembre 2021- \u00c9l\u00e9vations <\/figcaption><\/figure>\n\n\n\n<figure class=\"wp-block-image size-large\"><img loading=\"lazy\" decoding=\"async\" width=\"1024\" height=\"766\" data-id=\"2573\" src=\"https:\/\/emci.re\/wp-content\/uploads\/2021\/12\/Carambole-paroi-clouee-nov21-1024x766.jpg\" alt=\"\" class=\"wp-image-2573\" srcset=\"https:\/\/emci.re\/wp-content\/uploads\/2021\/12\/Carambole-paroi-clouee-nov21-1024x766.jpg 1024w, https:\/\/emci.re\/wp-content\/uploads\/2021\/12\/Carambole-paroi-clouee-nov21-300x224.jpg 300w, https:\/\/emci.re\/wp-content\/uploads\/2021\/12\/Carambole-paroi-clouee-nov21-768x574.jpg 768w, https:\/\/emci.re\/wp-content\/uploads\/2021\/12\/Carambole-paroi-clouee-nov21-1536x1149.jpg 1536w, https:\/\/emci.re\/wp-content\/uploads\/2021\/12\/Carambole-paroi-clouee-nov21-380x285.jpg 380w, https:\/\/emci.re\/wp-content\/uploads\/2021\/12\/Carambole-paroi-clouee-nov21-285x214.jpg 285w, https:\/\/emci.re\/wp-content\/uploads\/2021\/12\/Carambole-paroi-clouee-nov21.jpg 2000w\" sizes=\"auto, (max-width: 1024px) 100vw, 1024px\" \/><figcaption class=\"wp-element-caption\"> Novembre 2021 &#8211; Paroi clou\u00e9e <\/figcaption><\/figure>\n<\/figure>\n\n\n\n<!--more-->\n\n\n\n<p><br><\/p>\n\n\n\n<p><\/p>\n<p>Views: 652<\/p>","protected":false},"excerpt":{"rendered":"<p>Mission : Mission de maitrise d\u2019\u0153uvre Structure pour la r\u00e9alisation d&rsquo;un b\u00e2timent R+5, regroupant diff\u00e9rentes fonctions : Co\u00fbt des travaux HT : 11 273 240.00\u20ac SHOB : 13 579 m\u00b2 Maitre d\u2019ouvrage \u2013 Architecte : SCI Savane \/ ARCH\u2019IMAGE \/ Architectes de l\u2019\u00c9peron Livraison : Chantier en cours Views: 652<\/p>\n","protected":false},"author":2,"featured_media":3153,"parent":1113,"menu_order":5,"comment_status":"closed","ping_status":"closed","template":"","meta":{"footnotes":""},"folder":[24],"class_list":["post-2284","page","type-page","status-publish","has-post-thumbnail","hentry"],"_links":{"self":[{"href":"https:\/\/emci.re\/index.php?rest_route=\/wp\/v2\/pages\/2284","targetHints":{"allow":["GET"]}}],"collection":[{"href":"https:\/\/emci.re\/index.php?rest_route=\/wp\/v2\/pages"}],"about":[{"href":"https:\/\/emci.re\/index.php?rest_route=\/wp\/v2\/types\/page"}],"author":[{"embeddable":true,"href":"https:\/\/emci.re\/index.php?rest_route=\/wp\/v2\/users\/2"}],"replies":[{"embeddable":true,"href":"https:\/\/emci.re\/index.php?rest_route=%2Fwp%2Fv2%2Fcomments&post=2284"}],"version-history":[{"count":2,"href":"https:\/\/emci.re\/index.php?rest_route=\/wp\/v2\/pages\/2284\/revisions"}],"predecessor-version":[{"id":3687,"href":"https:\/\/emci.re\/index.php?rest_route=\/wp\/v2\/pages\/2284\/revisions\/3687"}],"up":[{"embeddable":true,"href":"https:\/\/emci.re\/index.php?rest_route=\/wp\/v2\/pages\/1113"}],"wp:featuredmedia":[{"embeddable":true,"href":"https:\/\/emci.re\/index.php?rest_route=\/wp\/v2\/media\/3153"}],"wp:attachment":[{"href":"https:\/\/emci.re\/index.php?rest_route=%2Fwp%2Fv2%2Fmedia&parent=2284"}],"wp:term":[{"taxonomy":"folder","embeddable":true,"href":"https:\/\/emci.re\/index.php?rest_route=%2Fwp%2Fv2%2Ffolder&post=2284"}],"curies":[{"name":"wp","href":"https:\/\/api.w.org\/{rel}","templated":true}]}}