{"id":2361,"date":"2021-06-09T14:15:00","date_gmt":"2021-06-09T12:15:00","guid":{"rendered":"https:\/\/emci.re\/?page_id=2361"},"modified":"2024-11-22T10:20:08","modified_gmt":"2024-11-22T06:20:08","slug":"%e2%96%aa%ef%b8%8f-bureaux-siege-free-la-reunion","status":"publish","type":"page","link":"https:\/\/emci.re\/?page_id=2361","title":{"rendered":"\u25aa\ufe0f Bureaux du Si\u00e8ge de FREE R\u00c9UNION &#8211; Sainte Clotilde"},"content":{"rendered":"\n<p><strong>Mission <\/strong>: Mission EXE Structure pour la construction des bureaux du Si\u00e8ge de FREE R\u00e9union &#8211; Immeuble de type R+3 \u00e0 R+4 \u00e0 usage de bureaux avec parkings semi-enterr\u00e9s.<\/p>\n\n\n\n<p>Structure type poteaux-poutres avec planchers en pr\u00e9dalles pr\u00e9contraintes.<\/p>\n\n\n\n<p><strong>Lieu :<\/strong> Sainte Clotilde &#8211; La R\u00e9union<\/p>\n\n\n\n<p><strong>SHOB <\/strong>: 5 426 m\u00b2<\/p>\n\n\n\n<p><strong>Co\u00fbt des travaux :<\/strong> 6 217 351,00 \u20ac HT<\/p>\n\n\n\n<p><strong>Maitre d\u2019Ouvrage \/ Architecte \/ Client :<\/strong> SAS SEPIA &#8211; PATRIARCHE &#8211;  SBTPC<\/p>\n\n\n\n<p><strong>Livraison :<\/strong> Ao\u00fbt 2022<\/p>\n\n\n\n<p><strong>Secteur :<\/strong> Tertiaire \/ Bureaux<\/p>\n\n\n\n<figure class=\"wp-block-gallery has-nested-images columns-2 is-cropped wp-block-gallery-1 is-layout-flex wp-block-gallery-is-layout-flex\">\n<figure class=\"wp-block-image size-large\"><img loading=\"lazy\" decoding=\"async\" width=\"961\" height=\"684\" data-id=\"2354\" src=\"https:\/\/emci.re\/wp-content\/uploads\/2020\/10\/im1.jpg\" alt=\"\" class=\"wp-image-2354\" srcset=\"https:\/\/emci.re\/wp-content\/uploads\/2020\/10\/im1.jpg 961w, https:\/\/emci.re\/wp-content\/uploads\/2020\/10\/im1-300x214.jpg 300w, https:\/\/emci.re\/wp-content\/uploads\/2020\/10\/im1-768x547.jpg 768w\" sizes=\"auto, (max-width: 961px) 100vw, 961px\" \/><figcaption class=\"wp-element-caption\"><sub>Image Patriarche<\/sub><\/figcaption><\/figure>\n\n\n\n<figure class=\"wp-block-image size-large\"><img loading=\"lazy\" decoding=\"async\" width=\"965\" height=\"542\" data-id=\"2353\" src=\"https:\/\/emci.re\/wp-content\/uploads\/2020\/10\/im.jpg\" alt=\"\" class=\"wp-image-2353\" srcset=\"https:\/\/emci.re\/wp-content\/uploads\/2020\/10\/im.jpg 965w, https:\/\/emci.re\/wp-content\/uploads\/2020\/10\/im-300x168.jpg 300w, https:\/\/emci.re\/wp-content\/uploads\/2020\/10\/im-768x431.jpg 768w\" sizes=\"auto, (max-width: 965px) 100vw, 965px\" \/><figcaption class=\"wp-element-caption\"><sub>Image Patriarche<\/sub><\/figcaption><\/figure>\n\n\n\n<figure class=\"wp-block-image size-large\"><img loading=\"lazy\" decoding=\"async\" width=\"1024\" height=\"766\" data-id=\"2910\" src=\"https:\/\/emci.re\/wp-content\/uploads\/2022\/09\/Livraison-Aout-2022-2-1-1024x766.jpg\" alt=\"\" class=\"wp-image-2910\" srcset=\"https:\/\/emci.re\/wp-content\/uploads\/2022\/09\/Livraison-Aout-2022-2-1-1024x766.jpg 1024w, https:\/\/emci.re\/wp-content\/uploads\/2022\/09\/Livraison-Aout-2022-2-1-300x224.jpg 300w, https:\/\/emci.re\/wp-content\/uploads\/2022\/09\/Livraison-Aout-2022-2-1-768x574.jpg 768w, https:\/\/emci.re\/wp-content\/uploads\/2022\/09\/Livraison-Aout-2022-2-1-380x285.jpg 380w, https:\/\/emci.re\/wp-content\/uploads\/2022\/09\/Livraison-Aout-2022-2-1-285x214.jpg 285w, https:\/\/emci.re\/wp-content\/uploads\/2022\/09\/Livraison-Aout-2022-2-1.jpg 1500w\" sizes=\"auto, (max-width: 1024px) 100vw, 1024px\" \/><figcaption class=\"wp-element-caption\"><strong>Livraison Ao\u00fbt 2022<\/strong><\/figcaption><\/figure>\n<\/figure>\n\n\n\n<figure class=\"wp-block-gallery has-nested-images columns-3 is-cropped wp-block-gallery-2 is-layout-flex wp-block-gallery-is-layout-flex\">\n<figure class=\"wp-block-image size-large\"><img loading=\"lazy\" decoding=\"async\" width=\"1024\" height=\"766\" data-id=\"3682\" src=\"https:\/\/emci.re\/wp-content\/uploads\/2024\/11\/IMG_20220518_132849-1-1024x766.jpg\" alt=\"\" class=\"wp-image-3682\" srcset=\"https:\/\/emci.re\/wp-content\/uploads\/2024\/11\/IMG_20220518_132849-1-1024x766.jpg 1024w, https:\/\/emci.re\/wp-content\/uploads\/2024\/11\/IMG_20220518_132849-1-300x224.jpg 300w, https:\/\/emci.re\/wp-content\/uploads\/2024\/11\/IMG_20220518_132849-1-768x574.jpg 768w, https:\/\/emci.re\/wp-content\/uploads\/2024\/11\/IMG_20220518_132849-1-380x285.jpg 380w, https:\/\/emci.re\/wp-content\/uploads\/2024\/11\/IMG_20220518_132849-1-285x214.jpg 285w, https:\/\/emci.re\/wp-content\/uploads\/2024\/11\/IMG_20220518_132849-1.jpg 1500w\" sizes=\"auto, (max-width: 1024px) 100vw, 1024px\" \/><\/figure>\n\n\n\n<figure class=\"wp-block-image size-large\"><img loading=\"lazy\" decoding=\"async\" width=\"768\" height=\"1024\" data-id=\"2511\" src=\"https:\/\/emci.re\/wp-content\/uploads\/2021\/07\/IMG_7397-768x1024.jpg\" alt=\"\" class=\"wp-image-2511\" srcset=\"https:\/\/emci.re\/wp-content\/uploads\/2021\/07\/IMG_7397-768x1024.jpg 768w, https:\/\/emci.re\/wp-content\/uploads\/2021\/07\/IMG_7397-225x300.jpg 225w, https:\/\/emci.re\/wp-content\/uploads\/2021\/07\/IMG_7397-1152x1536.jpg 1152w, https:\/\/emci.re\/wp-content\/uploads\/2021\/07\/IMG_7397.jpg 1500w\" sizes=\"auto, (max-width: 768px) 100vw, 768px\" \/><figcaption class=\"wp-element-caption\"><sup>Chantier Juillet 2021<\/sup><\/figcaption><\/figure>\n\n\n\n<figure class=\"wp-block-image size-large\"><img loading=\"lazy\" decoding=\"async\" width=\"1024\" height=\"766\" data-id=\"3684\" src=\"https:\/\/emci.re\/wp-content\/uploads\/2024\/11\/IMG_20210610_130502_1-1024x766.jpg\" alt=\"\" class=\"wp-image-3684\" srcset=\"https:\/\/emci.re\/wp-content\/uploads\/2024\/11\/IMG_20210610_130502_1-1024x766.jpg 1024w, https:\/\/emci.re\/wp-content\/uploads\/2024\/11\/IMG_20210610_130502_1-300x224.jpg 300w, https:\/\/emci.re\/wp-content\/uploads\/2024\/11\/IMG_20210610_130502_1-768x574.jpg 768w, https:\/\/emci.re\/wp-content\/uploads\/2024\/11\/IMG_20210610_130502_1-380x285.jpg 380w, https:\/\/emci.re\/wp-content\/uploads\/2024\/11\/IMG_20210610_130502_1-285x214.jpg 285w, https:\/\/emci.re\/wp-content\/uploads\/2024\/11\/IMG_20210610_130502_1.jpg 1500w\" sizes=\"auto, (max-width: 1024px) 100vw, 1024px\" \/><\/figure>\n<\/figure>\n\n\n\n<div class=\"wp-block-group\"><div class=\"wp-block-group__inner-container is-layout-flow wp-block-group-is-layout-flow\">\n<div class=\"wp-block-columns are-vertically-aligned-center is-layout-flex wp-container-core-columns-is-layout-9d6595d7 wp-block-columns-is-layout-flex\">\n<div class=\"wp-block-column is-vertically-aligned-center is-layout-flow wp-block-column-is-layout-flow\" style=\"flex-basis:100%\">\n<div class=\"wp-block-group\"><div class=\"wp-block-group__inner-container is-layout-flow wp-block-group-is-layout-flow\"><\/div><\/div>\n<\/div>\n<\/div>\n<\/div><\/div>\n\n\n\n<!--more-->\n\n\n\n<p class=\"has-text-align-center\"><br><\/p>\n\n\n\n<p class=\"has-text-align-center\"><\/p>\n\n\n\n<p><\/p>\n<p>Views: 367<\/p>","protected":false},"excerpt":{"rendered":"<p>Mission : Mission EXE Structure pour la construction des bureaux du Si\u00e8ge de FREE R\u00e9union &#8211; Immeuble de type R+3 \u00e0 R+4 \u00e0 usage de bureaux avec parkings semi-enterr\u00e9s. Structure type poteaux-poutres avec planchers en pr\u00e9dalles pr\u00e9contraintes. Lieu : Sainte Clotilde &#8211; La R\u00e9union SHOB : 5 426 m\u00b2 Co\u00fbt des travaux : 6 217<\/p>\n<p class=\"more-link\"><a href=\"https:\/\/emci.re\/?page_id=2361\" class=\"themebutton\">Read More<\/a><\/p>\n","protected":false},"author":2,"featured_media":2354,"parent":1113,"menu_order":4,"comment_status":"closed","ping_status":"closed","template":"","meta":{"footnotes":""},"folder":[24],"class_list":["post-2361","page","type-page","status-publish","has-post-thumbnail","hentry"],"_links":{"self":[{"href":"https:\/\/emci.re\/index.php?rest_route=\/wp\/v2\/pages\/2361","targetHints":{"allow":["GET"]}}],"collection":[{"href":"https:\/\/emci.re\/index.php?rest_route=\/wp\/v2\/pages"}],"about":[{"href":"https:\/\/emci.re\/index.php?rest_route=\/wp\/v2\/types\/page"}],"author":[{"embeddable":true,"href":"https:\/\/emci.re\/index.php?rest_route=\/wp\/v2\/users\/2"}],"replies":[{"embeddable":true,"href":"https:\/\/emci.re\/index.php?rest_route=%2Fwp%2Fv2%2Fcomments&post=2361"}],"version-history":[{"count":2,"href":"https:\/\/emci.re\/index.php?rest_route=\/wp\/v2\/pages\/2361\/revisions"}],"predecessor-version":[{"id":3686,"href":"https:\/\/emci.re\/index.php?rest_route=\/wp\/v2\/pages\/2361\/revisions\/3686"}],"up":[{"embeddable":true,"href":"https:\/\/emci.re\/index.php?rest_route=\/wp\/v2\/pages\/1113"}],"wp:featuredmedia":[{"embeddable":true,"href":"https:\/\/emci.re\/index.php?rest_route=\/wp\/v2\/media\/2354"}],"wp:attachment":[{"href":"https:\/\/emci.re\/index.php?rest_route=%2Fwp%2Fv2%2Fmedia&parent=2361"}],"wp:term":[{"taxonomy":"folder","embeddable":true,"href":"https:\/\/emci.re\/index.php?rest_route=%2Fwp%2Fv2%2Ffolder&post=2361"}],"curies":[{"name":"wp","href":"https:\/\/api.w.org\/{rel}","templated":true}]}}