{"id":2417,"date":"2022-02-07T13:49:10","date_gmt":"2022-02-07T12:49:10","guid":{"rendered":"https:\/\/emci.re\/?page_id=2417"},"modified":"2024-05-28T14:52:43","modified_gmt":"2024-05-28T10:52:43","slug":"%e2%96%aa%ef%b8%8f-utep-de-maduran","status":"publish","type":"page","link":"https:\/\/emci.re\/?page_id=2417","title":{"rendered":"\u25aa\ufe0f UTEP de Maduran"},"content":{"rendered":"\n<p><strong>Mission<\/strong>&nbsp;:&nbsp;Mission EXE &#8211; G\u00e9nie Civil pour la r\u00e9alisation d\u2019une station de traitement et de potabilisation &#8211; Saint Leu &#8211; La R\u00e9union.<\/p>\n\n\n\n<p>La mission EXE a \u00e9t\u00e9 r\u00e9partie entre 3 bureaux d\u2019\u00e9tudes.<\/p>\n\n\n\n<p>Les ouvrages qui nous \u00e9t\u00e9 confi\u00e9s<\/p>\n\n\n\n<ul class=\"wp-block-list\">\n<li>L\u2019Usine de potabilisation avec les locaux techniques et les bureaux,<\/li>\n\n\n\n<li>Un \u00c9paississeur avec un poste de relevage,<\/li>\n\n\n\n<li>Les chambres de comptage.<\/li>\n<\/ul>\n\n\n\n<p><strong>Montant Travaux HT&nbsp;<\/strong>: Non communiqu\u00e9 <strong>&nbsp;<\/strong><\/p>\n\n\n\n<p><strong>Client&nbsp;: <\/strong>EIFFAGE-HYDROTECH<\/p>\n\n\n\n<p><strong>Maitre d\u2019ouvrage&nbsp;: <\/strong>Commune de Saint Leu \u2013 TCO<\/p>\n\n\n\n<p><strong>R\u00e9alisation&nbsp;<\/strong>: 2021<\/p>\n\n\n\n<p>Les Calculs EXE sont r\u00e9alis\u00e9s \u00e0 l\u2019aide du logiciel SCIA (Mod\u00e9lisation statique et sismique, et calculs des armatures).<\/p>\n\n\n\n<p>Les mod\u00e8les 3D au format IFC sont \u00e9chang\u00e9s avec le bureau d\u2019\u00c9tude PROCESS (OTV) pour la synth\u00e8se et avec l\u2019entreprise pour les m\u00e9thodes travaux.<\/p>\n\n\n\n<p>Les plans EXE sont r\u00e9alis\u00e9s sur ADCOF-ADFER<\/p>\n\n\n\n<p><\/p>\n\n\n\n<!--more-->\n\n\n\n<p><br><\/p>\n\n\n\n<figure class=\"wp-block-gallery aligncenter has-nested-images columns-1 is-cropped wp-block-gallery-1 is-layout-flex wp-block-gallery-is-layout-flex\">\n<figure class=\"wp-block-image size-large\"><img loading=\"lazy\" decoding=\"async\" width=\"1024\" height=\"485\" data-id=\"2435\" src=\"https:\/\/emci.re\/wp-content\/uploads\/2021\/03\/Maduran-7-apercu-des-fondations-1-1024x485.png\" alt=\"\" class=\"wp-image-2435\" srcset=\"https:\/\/emci.re\/wp-content\/uploads\/2021\/03\/Maduran-7-apercu-des-fondations-1-1024x485.png 1024w, https:\/\/emci.re\/wp-content\/uploads\/2021\/03\/Maduran-7-apercu-des-fondations-1-300x142.png 300w, https:\/\/emci.re\/wp-content\/uploads\/2021\/03\/Maduran-7-apercu-des-fondations-1-768x364.png 768w, https:\/\/emci.re\/wp-content\/uploads\/2021\/03\/Maduran-7-apercu-des-fondations-1-1536x727.png 1536w, https:\/\/emci.re\/wp-content\/uploads\/2021\/03\/Maduran-7-apercu-des-fondations-1.png 1546w\" sizes=\"auto, (max-width: 1024px) 100vw, 1024px\" \/><figcaption class=\"wp-element-caption\">Aper\u00e7u des fondations<\/figcaption><\/figure>\n\n\n\n<figure class=\"wp-block-image size-large\"><img loading=\"lazy\" decoding=\"async\" width=\"1024\" height=\"467\" data-id=\"2431\" src=\"https:\/\/emci.re\/wp-content\/uploads\/2021\/03\/Maduran-3-vue-zone-process-1-1024x467.png\" alt=\"\" class=\"wp-image-2431\" srcset=\"https:\/\/emci.re\/wp-content\/uploads\/2021\/03\/Maduran-3-vue-zone-process-1-1024x467.png 1024w, https:\/\/emci.re\/wp-content\/uploads\/2021\/03\/Maduran-3-vue-zone-process-1-300x137.png 300w, https:\/\/emci.re\/wp-content\/uploads\/2021\/03\/Maduran-3-vue-zone-process-1-768x350.png 768w, https:\/\/emci.re\/wp-content\/uploads\/2021\/03\/Maduran-3-vue-zone-process-1-1536x700.png 1536w, https:\/\/emci.re\/wp-content\/uploads\/2021\/03\/Maduran-3-vue-zone-process-1.png 1915w\" sizes=\"auto, (max-width: 1024px) 100vw, 1024px\" \/><figcaption class=\"wp-element-caption\">Vue zone process<\/figcaption><\/figure>\n\n\n\n<figure class=\"wp-block-image size-large\"><img loading=\"lazy\" decoding=\"async\" width=\"1024\" height=\"592\" data-id=\"2432\" src=\"https:\/\/emci.re\/wp-content\/uploads\/2021\/03\/Maduran-4-vue-zone-filtres-1-1024x592.png\" alt=\"\" class=\"wp-image-2432\" srcset=\"https:\/\/emci.re\/wp-content\/uploads\/2021\/03\/Maduran-4-vue-zone-filtres-1-1024x592.png 1024w, https:\/\/emci.re\/wp-content\/uploads\/2021\/03\/Maduran-4-vue-zone-filtres-1-300x174.png 300w, https:\/\/emci.re\/wp-content\/uploads\/2021\/03\/Maduran-4-vue-zone-filtres-1-768x444.png 768w, https:\/\/emci.re\/wp-content\/uploads\/2021\/03\/Maduran-4-vue-zone-filtres-1.png 1464w\" sizes=\"auto, (max-width: 1024px) 100vw, 1024px\" \/><figcaption class=\"wp-element-caption\">Vue zone filtres<\/figcaption><\/figure>\n\n\n\n<figure class=\"wp-block-image size-large\"><img loading=\"lazy\" decoding=\"async\" width=\"1024\" height=\"474\" data-id=\"2433\" src=\"https:\/\/emci.re\/wp-content\/uploads\/2021\/03\/Maduran-5-coupe-longitudinale-1-1024x474.png\" alt=\"\" class=\"wp-image-2433\" srcset=\"https:\/\/emci.re\/wp-content\/uploads\/2021\/03\/Maduran-5-coupe-longitudinale-1-1024x474.png 1024w, https:\/\/emci.re\/wp-content\/uploads\/2021\/03\/Maduran-5-coupe-longitudinale-1-300x139.png 300w, https:\/\/emci.re\/wp-content\/uploads\/2021\/03\/Maduran-5-coupe-longitudinale-1-768x356.png 768w, https:\/\/emci.re\/wp-content\/uploads\/2021\/03\/Maduran-5-coupe-longitudinale-1-1536x711.png 1536w, https:\/\/emci.re\/wp-content\/uploads\/2021\/03\/Maduran-5-coupe-longitudinale-1.png 1551w\" sizes=\"auto, (max-width: 1024px) 100vw, 1024px\" \/><figcaption class=\"wp-element-caption\">Coupe longitudinale<\/figcaption><\/figure>\n\n\n\n<figure class=\"wp-block-image size-large\"><img loading=\"lazy\" decoding=\"async\" width=\"1024\" height=\"605\" data-id=\"2434\" src=\"https:\/\/emci.re\/wp-content\/uploads\/2021\/03\/Maduran-6-coupe-transversale-1-1024x605.png\" alt=\"\" class=\"wp-image-2434\" srcset=\"https:\/\/emci.re\/wp-content\/uploads\/2021\/03\/Maduran-6-coupe-transversale-1-1024x605.png 1024w, https:\/\/emci.re\/wp-content\/uploads\/2021\/03\/Maduran-6-coupe-transversale-1-300x177.png 300w, https:\/\/emci.re\/wp-content\/uploads\/2021\/03\/Maduran-6-coupe-transversale-1-768x454.png 768w, https:\/\/emci.re\/wp-content\/uploads\/2021\/03\/Maduran-6-coupe-transversale-1.png 1303w\" sizes=\"auto, (max-width: 1024px) 100vw, 1024px\" \/><figcaption class=\"wp-element-caption\">Coupe transversale<\/figcaption><\/figure>\n<\/figure>\n\n\n\n<figure class=\"wp-block-gallery has-nested-images columns-1 is-cropped wp-block-gallery-2 is-layout-flex wp-block-gallery-is-layout-flex\">\n<figure class=\"wp-block-image size-large\"><img loading=\"lazy\" decoding=\"async\" width=\"964\" height=\"264\" data-id=\"2642\" src=\"https:\/\/emci.re\/wp-content\/uploads\/2022\/02\/MADURAN-Extrait-plans-de-coffrage.png\" alt=\"\" class=\"wp-image-2642\" srcset=\"https:\/\/emci.re\/wp-content\/uploads\/2022\/02\/MADURAN-Extrait-plans-de-coffrage.png 964w, https:\/\/emci.re\/wp-content\/uploads\/2022\/02\/MADURAN-Extrait-plans-de-coffrage-300x82.png 300w, https:\/\/emci.re\/wp-content\/uploads\/2022\/02\/MADURAN-Extrait-plans-de-coffrage-768x210.png 768w\" sizes=\"auto, (max-width: 964px) 100vw, 964px\" \/><figcaption class=\"wp-element-caption\"><strong>EXTRAIT PLANS DE COFFRAGE<\/strong><\/figcaption><\/figure>\n<\/figure>\n\n\n\n<p><\/p>\n\n\n\n<p><\/p>\n\n\n\n<p><strong> <\/strong><\/p>\n<p>Views: 248<\/p>","protected":false},"excerpt":{"rendered":"<p>Mission&nbsp;:&nbsp;Mission EXE &#8211; G\u00e9nie Civil pour la r\u00e9alisation d\u2019une station de traitement et de potabilisation &#8211; Saint Leu &#8211; La R\u00e9union. La mission EXE a \u00e9t\u00e9 r\u00e9partie entre 3 bureaux d\u2019\u00e9tudes. Les ouvrages qui nous \u00e9t\u00e9 confi\u00e9s Montant Travaux HT&nbsp;: Non communiqu\u00e9 &nbsp; Client&nbsp;: EIFFAGE-HYDROTECH Maitre d\u2019ouvrage&nbsp;: Commune de Saint Leu \u2013 TCO R\u00e9alisation&nbsp;: 2021<\/p>\n<p class=\"more-link\"><a href=\"https:\/\/emci.re\/?page_id=2417\" class=\"themebutton\">Read More<\/a><\/p>\n","protected":false},"author":2,"featured_media":2426,"parent":1084,"menu_order":9,"comment_status":"closed","ping_status":"closed","template":"","meta":{"footnotes":""},"folder":[18],"class_list":["post-2417","page","type-page","status-publish","has-post-thumbnail","hentry"],"_links":{"self":[{"href":"https:\/\/emci.re\/index.php?rest_route=\/wp\/v2\/pages\/2417","targetHints":{"allow":["GET"]}}],"collection":[{"href":"https:\/\/emci.re\/index.php?rest_route=\/wp\/v2\/pages"}],"about":[{"href":"https:\/\/emci.re\/index.php?rest_route=\/wp\/v2\/types\/page"}],"author":[{"embeddable":true,"href":"https:\/\/emci.re\/index.php?rest_route=\/wp\/v2\/users\/2"}],"replies":[{"embeddable":true,"href":"https:\/\/emci.re\/index.php?rest_route=%2Fwp%2Fv2%2Fcomments&post=2417"}],"version-history":[{"count":1,"href":"https:\/\/emci.re\/index.php?rest_route=\/wp\/v2\/pages\/2417\/revisions"}],"predecessor-version":[{"id":3566,"href":"https:\/\/emci.re\/index.php?rest_route=\/wp\/v2\/pages\/2417\/revisions\/3566"}],"up":[{"embeddable":true,"href":"https:\/\/emci.re\/index.php?rest_route=\/wp\/v2\/pages\/1084"}],"wp:featuredmedia":[{"embeddable":true,"href":"https:\/\/emci.re\/index.php?rest_route=\/wp\/v2\/media\/2426"}],"wp:attachment":[{"href":"https:\/\/emci.re\/index.php?rest_route=%2Fwp%2Fv2%2Fmedia&parent=2417"}],"wp:term":[{"taxonomy":"folder","embeddable":true,"href":"https:\/\/emci.re\/index.php?rest_route=%2Fwp%2Fv2%2Ffolder&post=2417"}],"curies":[{"name":"wp","href":"https:\/\/api.w.org\/{rel}","templated":true}]}}