{"id":2564,"date":"2022-02-07T12:51:24","date_gmt":"2022-02-07T11:51:24","guid":{"rendered":"https:\/\/emci.re\/?page_id=2564"},"modified":"2024-05-28T14:52:52","modified_gmt":"2024-05-28T10:52:52","slug":"%e2%96%aa%ef%b8%8f-prise-deau-des-orgues","status":"publish","type":"page","link":"https:\/\/emci.re\/?page_id=2564","title":{"rendered":"\u25aa\ufe0f Prise d&rsquo;eau des Orgues"},"content":{"rendered":"\n<p><strong>Mission<\/strong> : Mission EXE pour l\u2019\u00e9tude de fondations en vue du remplacement d\u2019une GRUE A TOUR sur le site de l\u2019am\u00e9nagement hydro\u00e9lectrique de prise d\u2019eau des Orgues sur la Rivi\u00e8re de l\u2019Est \u2013 Commune de Sainte Rose \u2013 La R\u00e9union<\/p>\n\n\n\n<p><strong>Les ouvrages concern\u00e9s par l\u2019\u00e9tude sont<\/strong> :<\/p>\n\n\n\n<ul class=\"wp-block-list\">\n<li>Un massif de 4.00m*4.00m*0.80m.<\/li>\n\n\n\n<li>Un groupe de 4 Micropieux de longueur 10.50m, 10m, 9.50m et 9.80m.<\/li>\n<\/ul>\n\n\n\n<p><strong>Sp\u00e9cificit\u00e9 de l\u2019\u00e9tude<\/strong>&nbsp;:<\/p>\n\n\n\n<p>Etude d\u2019une assise mixte (Micropieux-Basalte plus ou moins alt\u00e9r\u00e9s) pour assurer la fondation et l\u2019ancrage d\u2019une grue \u00e0 tour sur un \u00e9peron rocheux de 5.00m de largeur, situ\u00e9 12m au- dessus de la prise d\u2019eau.<\/p>\n\n\n\n<p>L\u2019ensemble du mat\u00e9riel et des mat\u00e9riaux sont h\u00e9liport\u00e9s.<\/p>\n\n\n\n<p><strong>Les \u00e9tudes EXE sont r\u00e9alis\u00e9es \u00e0 l\u2019aide du logiciel FOXTA<\/strong>&nbsp; <strong>V3<\/strong>:<\/p>\n\n\n\n<ul class=\"wp-block-list\">\n<li>Dimensionnement des micropieux<\/li>\n\n\n\n<li>D\u00e9finition des raideurs verticales et horizontales des Micropieux<\/li>\n\n\n\n<li>Export des rigidit\u00e9s vers un mod\u00e8le Robot et calcul du socle sur appuis \u00e9lastiques mixtes<\/li>\n<\/ul>\n\n\n\n<p><strong>Montant Travaux HT<\/strong> : Non communiqu\u00e9 <\/p>\n\n\n\n<p><strong>Client<\/strong> : ROCS<\/p>\n\n\n\n<p><strong>Ma\u00eetre d&rsquo;ouvrage et MOE <\/strong>:  EDF service ouvrages hydrauliques<\/p>\n\n\n\n<p><strong>Secteur<\/strong> : G\u00e9nie Civil &#8211; Travaux Sp\u00e9ciaux<\/p>\n\n\n\n<p><strong>Livraison<\/strong> :  2021 <\/p>\n\n\n\n<figure class=\"wp-block-gallery has-nested-images columns-1 is-cropped wp-block-gallery-1 is-layout-flex wp-block-gallery-is-layout-flex\">\n<figure class=\"wp-block-image size-large\"><img loading=\"lazy\" decoding=\"async\" width=\"800\" height=\"309\" data-id=\"2616\" src=\"https:\/\/emci.re\/wp-content\/uploads\/2022\/02\/Chantier.png\" alt=\"\" class=\"wp-image-2616\" srcset=\"https:\/\/emci.re\/wp-content\/uploads\/2022\/02\/Chantier.png 800w, https:\/\/emci.re\/wp-content\/uploads\/2022\/02\/Chantier-300x116.png 300w, https:\/\/emci.re\/wp-content\/uploads\/2022\/02\/Chantier-768x297.png 768w\" sizes=\"auto, (max-width: 800px) 100vw, 800px\" \/><figcaption class=\"wp-element-caption\"><strong>PHOTOS CHANTIER<\/strong><\/figcaption><\/figure>\n\n\n\n<figure class=\"wp-block-image size-large\"><img loading=\"lazy\" decoding=\"async\" width=\"1003\" height=\"586\" data-id=\"2617\" src=\"https:\/\/emci.re\/wp-content\/uploads\/2022\/02\/Le-site.png\" alt=\"\" class=\"wp-image-2617\" srcset=\"https:\/\/emci.re\/wp-content\/uploads\/2022\/02\/Le-site.png 1003w, https:\/\/emci.re\/wp-content\/uploads\/2022\/02\/Le-site-300x175.png 300w, https:\/\/emci.re\/wp-content\/uploads\/2022\/02\/Le-site-768x449.png 768w\" sizes=\"auto, (max-width: 1003px) 100vw, 1003px\" \/><figcaption class=\"wp-element-caption\"><strong>LE SITE<\/strong><\/figcaption><\/figure>\n<\/figure>\n\n\n\n<!--more-->\n\n\n\n<p>DETAILS<br><\/p>\n\n\n\n<figure class=\"wp-block-gallery has-nested-images columns-default is-cropped wp-block-gallery-2 is-layout-flex wp-block-gallery-is-layout-flex\">\n<figure class=\"wp-block-image size-large\"><img decoding=\"async\" data-id=\"2624\" src=\"https:\/\/emci.re\/wp-content\/uploads\/2022\/02\/Armature-Micropieux-2.png\" alt=\"\" class=\"wp-image-2624\"\/><\/figure>\n\n\n\n<figure class=\"wp-block-image size-large\"><img decoding=\"async\" data-id=\"2625\" src=\"https:\/\/emci.re\/wp-content\/uploads\/2022\/02\/Armature-Pied-de-Grue-1.png\" alt=\"\" class=\"wp-image-2625\"\/><\/figure>\n<\/figure>\n\n\n\n<p><\/p>\n<p>Views: 286<\/p>","protected":false},"excerpt":{"rendered":"<p>Mission : Mission EXE pour l\u2019\u00e9tude de fondations en vue du remplacement d\u2019une GRUE A TOUR sur le site de l\u2019am\u00e9nagement hydro\u00e9lectrique de prise d\u2019eau des Orgues sur la Rivi\u00e8re de l\u2019Est \u2013 Commune de Sainte Rose \u2013 La R\u00e9union Les ouvrages concern\u00e9s par l\u2019\u00e9tude sont : Sp\u00e9cificit\u00e9 de l\u2019\u00e9tude&nbsp;: Etude d\u2019une assise mixte (Micropieux-Basalte<\/p>\n<p class=\"more-link\"><a href=\"https:\/\/emci.re\/?page_id=2564\" class=\"themebutton\">Read More<\/a><\/p>\n","protected":false},"author":2,"featured_media":2617,"parent":1084,"menu_order":7,"comment_status":"closed","ping_status":"closed","template":"","meta":{"footnotes":""},"folder":[18],"class_list":["post-2564","page","type-page","status-publish","has-post-thumbnail","hentry"],"_links":{"self":[{"href":"https:\/\/emci.re\/index.php?rest_route=\/wp\/v2\/pages\/2564","targetHints":{"allow":["GET"]}}],"collection":[{"href":"https:\/\/emci.re\/index.php?rest_route=\/wp\/v2\/pages"}],"about":[{"href":"https:\/\/emci.re\/index.php?rest_route=\/wp\/v2\/types\/page"}],"author":[{"embeddable":true,"href":"https:\/\/emci.re\/index.php?rest_route=\/wp\/v2\/users\/2"}],"replies":[{"embeddable":true,"href":"https:\/\/emci.re\/index.php?rest_route=%2Fwp%2Fv2%2Fcomments&post=2564"}],"version-history":[{"count":1,"href":"https:\/\/emci.re\/index.php?rest_route=\/wp\/v2\/pages\/2564\/revisions"}],"predecessor-version":[{"id":3568,"href":"https:\/\/emci.re\/index.php?rest_route=\/wp\/v2\/pages\/2564\/revisions\/3568"}],"up":[{"embeddable":true,"href":"https:\/\/emci.re\/index.php?rest_route=\/wp\/v2\/pages\/1084"}],"wp:featuredmedia":[{"embeddable":true,"href":"https:\/\/emci.re\/index.php?rest_route=\/wp\/v2\/media\/2617"}],"wp:attachment":[{"href":"https:\/\/emci.re\/index.php?rest_route=%2Fwp%2Fv2%2Fmedia&parent=2564"}],"wp:term":[{"taxonomy":"folder","embeddable":true,"href":"https:\/\/emci.re\/index.php?rest_route=%2Fwp%2Fv2%2Ffolder&post=2564"}],"curies":[{"name":"wp","href":"https:\/\/api.w.org\/{rel}","templated":true}]}}