{"id":2614,"date":"2022-04-07T14:43:32","date_gmt":"2022-04-07T12:43:32","guid":{"rendered":"https:\/\/emci.re\/?page_id=2614"},"modified":"2024-11-22T10:42:52","modified_gmt":"2024-11-22T06:42:52","slug":"extension-aeroport-de-la-reunion-roland-garros","status":"publish","type":"page","link":"https:\/\/emci.re\/?page_id=2614","title":{"rendered":"\u25aa\ufe0f Extension A\u00e9roport de la R\u00e9union &#8211; Roland Garros"},"content":{"rendered":"\n<p><strong>Mission<\/strong>&nbsp;: Mission EXE pour le Nouvel A\u00e9rogare Ouest (NAO) portant sur la r\u00e9novation de l\u2019a\u00e9rogare existant , la construction d\u2019une extension de l\u2019a\u00e9rogare passagers et des infrastructures c\u00f4t\u00e9 piste de l\u2019a\u00e9roport ROLAND GARROS \u2013 Sainte Marie &#8211; La R\u00e9union.<\/p>\n\n\n\n<p><strong>Il s\u2019agit du 1<sup>er<\/sup> A\u00e9roport International bioclimatique en ventilation naturelle<\/strong>.<\/p>\n\n\n\n<p>EMCI est intervenu dans le cadre de l\u2019appel d\u2019offre aupr\u00e8s du groupement SBTPC\/CANC\u00c9\/ARBONIS (GO-Charpente M\u00e9tallique et Charpente Bois), pour la r\u00e9alisation du mod\u00e8le global de l\u2019A\u00e9rogare en vue de l\u2019optimisation de la Structure.<\/p>\n\n\n\n<p>Le groupement laur\u00e9at du march\u00e9 de travaux, a confi\u00e9 \u00e0 EMCI la r\u00e9alisation du mod\u00e8le global en phase EXE de l\u2019\u00e9tude de la structure b\u00e9ton arm\u00e9, charpente m\u00e9tal et charpente bois.<\/p>\n\n\n\n<ul class=\"wp-block-list\">\n<li>Mod\u00e9lisation Structure sur Robot (Gros-\u0153uvre \/ Charpente Bois &amp; M\u00e9tal)<\/li>\n\n\n\n<li>Descentes de charges avec calculs statiques et sismiques avec prise en compte de l&rsquo;Interaction Sol Structure (ISS) <\/li>\n\n\n\n<li>R\u00e9alisation du plancher haut rez de piste en plancher caisson (syst\u00e8me GEOPLAST)<\/li>\n<\/ul>\n\n\n\n<p><strong>Le plancher haut Rez de piste de dimension 65.00m*113.00m<\/strong> a \u00e9t\u00e9 r\u00e9alis\u00e9 en 4 blocs distincts : deux blocs de 35x65m, un bloc de 17x65m et un bloc de 26x65m environ.<\/p>\n\n\n\n<p>Le mode constructif retenu par l\u2019entreprise pour la r\u00e9alisation du plancher haut rez-de piste, est un plancher \u00e0 corps creux (<strong>syst\u00e8me G\u00e9oplast<\/strong>). Cette solution technique a \u00e9t\u00e9 retenue principalement pour optimiser les d\u00e9lais de r\u00e9alisations.&nbsp;<\/p>\n\n\n\n<p>Le plancher est constitu\u00e9 de zones de dalles pleines situ\u00e9es sur les zones de forte concentration de contraintes (Poteaux et murs) et de planchers \u00e0 corps creux (caissons PVC) en zones courantes.&nbsp;<\/p>\n\n\n\n<p>EMCI en coordination avec GEOPLAST a propos\u00e9 une m\u00e9thode de mod\u00e9lisation du plancher en plaque pleine homog\u00e8ne \u00e9quivalente avec des raideurs \u00e9quivalentes \u00e0 la flexion, \u00e0 la torsion et au tranchant dans chaque direction.&nbsp;<\/p>\n\n\n\n<p><strong>On en parle :<\/strong> <a href=\"https:\/\/www.clicanoo.re\/article\/economie\/2023\/10\/30\/le-projet-de-nouvelle-aerogare-decroche-le-grand-prix-national-de-lingenierie\">Le projet de nouvelle a\u00e9rogare obtient le Grand Prix National de l\u2019Ing\u00e9nierie<\/a><\/p>\n\n\n\n<p><strong>Montant Travaux HT&nbsp;<\/strong>:&nbsp; 52 000 000,00 \u20ac<\/p>\n\n\n\n<p><strong>SHOB Extension<\/strong>&nbsp;: 16&nbsp;142 m\u00b2   <strong>SHOB R\u00e9habilitation<\/strong>&nbsp;: &nbsp;4 498 m\u00b2 <\/p>\n\n\n\n<p><strong>Maitre d\u2019ouvrage &#8211; Client : <\/strong>SA A\u00e9roport de La R\u00e9union \u2013 SBTPC \/ VINCI Construction<\/p>\n\n\n\n<p><strong>Maitres d\u2019\u0153uvre&nbsp;: <\/strong>AIA Architectes et AIA Ing\u00e9nierie&nbsp;; Olivier BRABANT Architecte<\/p>\n\n\n\n<p><strong>Secteur<\/strong> : A\u00e9roport <\/p>\n\n\n\n<p><strong>Avancement<\/strong> : Livraison de l\u2019extension ouest d\u00e9but 2024 \u2013 R\u00e9habilitation fin 2025<\/p>\n\n\n\n<figure class=\"wp-block-gallery has-nested-images columns-2 is-cropped wp-block-gallery-1 is-layout-flex wp-block-gallery-is-layout-flex\">\n<figure class=\"wp-block-image size-large\"><img loading=\"lazy\" decoding=\"async\" width=\"1024\" height=\"768\" data-id=\"3398\" src=\"https:\/\/emci.re\/wp-content\/uploads\/2024\/02\/03-Fevr-2024-1024x768.jpg\" alt=\"\" class=\"wp-image-3398\" title=\"A\u00e9roport de la R\u00e9union\" srcset=\"https:\/\/emci.re\/wp-content\/uploads\/2024\/02\/03-Fevr-2024-1024x768.jpg 1024w, https:\/\/emci.re\/wp-content\/uploads\/2024\/02\/03-Fevr-2024-300x225.jpg 300w, https:\/\/emci.re\/wp-content\/uploads\/2024\/02\/03-Fevr-2024-768x576.jpg 768w, https:\/\/emci.re\/wp-content\/uploads\/2024\/02\/03-Fevr-2024-1536x1152.jpg 1536w, https:\/\/emci.re\/wp-content\/uploads\/2024\/02\/03-Fevr-2024-380x285.jpg 380w, https:\/\/emci.re\/wp-content\/uploads\/2024\/02\/03-Fevr-2024-285x214.jpg 285w, https:\/\/emci.re\/wp-content\/uploads\/2024\/02\/03-Fevr-2024.jpg 1800w\" sizes=\"auto, (max-width: 1024px) 100vw, 1024px\" \/><\/figure>\n<\/figure>\n\n\n\n<figure class=\"wp-block-gallery has-nested-images columns-default is-cropped wp-block-gallery-2 is-layout-flex wp-block-gallery-is-layout-flex\">\n<figure class=\"wp-block-image size-large\"><img loading=\"lazy\" decoding=\"async\" width=\"1024\" height=\"768\" data-id=\"3402\" src=\"https:\/\/emci.re\/wp-content\/uploads\/2024\/02\/04-Fevr-2024-2-1024x768.jpg\" alt=\"\" class=\"wp-image-3402\" srcset=\"https:\/\/emci.re\/wp-content\/uploads\/2024\/02\/04-Fevr-2024-2-1024x768.jpg 1024w, https:\/\/emci.re\/wp-content\/uploads\/2024\/02\/04-Fevr-2024-2-300x225.jpg 300w, https:\/\/emci.re\/wp-content\/uploads\/2024\/02\/04-Fevr-2024-2-768x576.jpg 768w, https:\/\/emci.re\/wp-content\/uploads\/2024\/02\/04-Fevr-2024-2-1536x1152.jpg 1536w, https:\/\/emci.re\/wp-content\/uploads\/2024\/02\/04-Fevr-2024-2-380x285.jpg 380w, https:\/\/emci.re\/wp-content\/uploads\/2024\/02\/04-Fevr-2024-2-285x214.jpg 285w, https:\/\/emci.re\/wp-content\/uploads\/2024\/02\/04-Fevr-2024-2.jpg 1800w\" sizes=\"auto, (max-width: 1024px) 100vw, 1024px\" \/><\/figure>\n\n\n\n<figure class=\"wp-block-image size-large\"><img loading=\"lazy\" decoding=\"async\" width=\"1024\" height=\"768\" data-id=\"3228\" src=\"https:\/\/emci.re\/wp-content\/uploads\/2023\/07\/juillet-2023-5-1024x768.jpg\" alt=\"\" class=\"wp-image-3228\" srcset=\"https:\/\/emci.re\/wp-content\/uploads\/2023\/07\/juillet-2023-5-1024x768.jpg 1024w, https:\/\/emci.re\/wp-content\/uploads\/2023\/07\/juillet-2023-5-300x225.jpg 300w, https:\/\/emci.re\/wp-content\/uploads\/2023\/07\/juillet-2023-5-768x576.jpg 768w, https:\/\/emci.re\/wp-content\/uploads\/2023\/07\/juillet-2023-5-380x285.jpg 380w, https:\/\/emci.re\/wp-content\/uploads\/2023\/07\/juillet-2023-5-285x214.jpg 285w, https:\/\/emci.re\/wp-content\/uploads\/2023\/07\/juillet-2023-5.jpg 1500w\" sizes=\"auto, (max-width: 1024px) 100vw, 1024px\" \/><\/figure>\n<\/figure>\n\n\n\n<figure class=\"wp-block-gallery has-nested-images columns-2 is-cropped wp-block-gallery-3 is-layout-flex wp-block-gallery-is-layout-flex\">\n<figure class=\"wp-block-image size-large\"><img loading=\"lazy\" decoding=\"async\" width=\"1024\" height=\"461\" data-id=\"3481\" src=\"https:\/\/emci.re\/wp-content\/uploads\/2024\/03\/20220524_143433-1024x461.jpg\" alt=\"\" class=\"wp-image-3481\" srcset=\"https:\/\/emci.re\/wp-content\/uploads\/2024\/03\/20220524_143433-1024x461.jpg 1024w, https:\/\/emci.re\/wp-content\/uploads\/2024\/03\/20220524_143433-300x135.jpg 300w, https:\/\/emci.re\/wp-content\/uploads\/2024\/03\/20220524_143433-768x346.jpg 768w, https:\/\/emci.re\/wp-content\/uploads\/2024\/03\/20220524_143433-1536x691.jpg 1536w, https:\/\/emci.re\/wp-content\/uploads\/2024\/03\/20220524_143433.jpg 1800w\" sizes=\"auto, (max-width: 1024px) 100vw, 1024px\" \/><figcaption class=\"wp-element-caption\"><strong>Caissons G\u00c9OPLAST<\/strong><\/figcaption><\/figure>\n\n\n\n<figure class=\"wp-block-image size-large\"><img loading=\"lazy\" decoding=\"async\" width=\"1024\" height=\"766\" data-id=\"3482\" src=\"https:\/\/emci.re\/wp-content\/uploads\/2024\/03\/IMG_20220407_104859-1024x766.jpg\" alt=\"\" class=\"wp-image-3482\" srcset=\"https:\/\/emci.re\/wp-content\/uploads\/2024\/03\/IMG_20220407_104859-1024x766.jpg 1024w, https:\/\/emci.re\/wp-content\/uploads\/2024\/03\/IMG_20220407_104859-300x224.jpg 300w, https:\/\/emci.re\/wp-content\/uploads\/2024\/03\/IMG_20220407_104859-768x574.jpg 768w, https:\/\/emci.re\/wp-content\/uploads\/2024\/03\/IMG_20220407_104859-1536x1149.jpg 1536w, https:\/\/emci.re\/wp-content\/uploads\/2024\/03\/IMG_20220407_104859-380x285.jpg 380w, https:\/\/emci.re\/wp-content\/uploads\/2024\/03\/IMG_20220407_104859-285x214.jpg 285w, https:\/\/emci.re\/wp-content\/uploads\/2024\/03\/IMG_20220407_104859.jpg 2000w\" sizes=\"auto, (max-width: 1024px) 100vw, 1024px\" \/><figcaption class=\"wp-element-caption\"><strong>Contreventement pr\u00e9fabriqu\u00e9 en B\u00e9ton<\/strong><\/figcaption><\/figure>\n\n\n\n<figure class=\"wp-block-image size-large\"><img loading=\"lazy\" decoding=\"async\" width=\"1024\" height=\"768\" data-id=\"3483\" src=\"https:\/\/emci.re\/wp-content\/uploads\/2024\/03\/IMG_9988-1024x768.jpg\" alt=\"\" class=\"wp-image-3483\" srcset=\"https:\/\/emci.re\/wp-content\/uploads\/2024\/03\/IMG_9988-1024x768.jpg 1024w, https:\/\/emci.re\/wp-content\/uploads\/2024\/03\/IMG_9988-300x225.jpg 300w, https:\/\/emci.re\/wp-content\/uploads\/2024\/03\/IMG_9988-768x576.jpg 768w, https:\/\/emci.re\/wp-content\/uploads\/2024\/03\/IMG_9988-1536x1152.jpg 1536w, https:\/\/emci.re\/wp-content\/uploads\/2024\/03\/IMG_9988-380x285.jpg 380w, https:\/\/emci.re\/wp-content\/uploads\/2024\/03\/IMG_9988-285x214.jpg 285w, https:\/\/emci.re\/wp-content\/uploads\/2024\/03\/IMG_9988.jpg 1800w\" sizes=\"auto, (max-width: 1024px) 100vw, 1024px\" \/><figcaption class=\"wp-element-caption\"><strong>Plot B\u00e9ton pour poteau de charpente<\/strong><\/figcaption><\/figure>\n<\/figure>\n\n\n\n<figure class=\"wp-block-gallery has-nested-images columns-2 is-cropped wp-block-gallery-4 is-layout-flex wp-block-gallery-is-layout-flex\">\n<figure class=\"wp-block-image size-large\"><img loading=\"lazy\" decoding=\"async\" width=\"1024\" height=\"768\" data-id=\"2998\" src=\"https:\/\/emci.re\/wp-content\/uploads\/2022\/12\/DEC22-3-1024x768.jpg\" alt=\"\" class=\"wp-image-2998\" srcset=\"https:\/\/emci.re\/wp-content\/uploads\/2022\/12\/DEC22-3-1024x768.jpg 1024w, https:\/\/emci.re\/wp-content\/uploads\/2022\/12\/DEC22-3-300x225.jpg 300w, https:\/\/emci.re\/wp-content\/uploads\/2022\/12\/DEC22-3-768x576.jpg 768w, https:\/\/emci.re\/wp-content\/uploads\/2022\/12\/DEC22-3-380x285.jpg 380w, https:\/\/emci.re\/wp-content\/uploads\/2022\/12\/DEC22-3-285x214.jpg 285w, https:\/\/emci.re\/wp-content\/uploads\/2022\/12\/DEC22-3.jpg 1500w\" sizes=\"auto, (max-width: 1024px) 100vw, 1024px\" \/><figcaption class=\"wp-element-caption\"><strong><kbd>Chantier D\u00e9c. 2022<\/kbd> &#8211;<kbd> Charpente Bois\/M\u00e9tal<\/kbd><\/strong><\/figcaption><\/figure>\n<\/figure>\n\n\n\n<figure class=\"wp-block-gallery aligncenter has-nested-images columns-2 is-cropped wp-block-gallery-5 is-layout-flex wp-block-gallery-is-layout-flex\">\n<figure class=\"wp-block-image size-full\"><img loading=\"lazy\" decoding=\"async\" width=\"2000\" height=\"1496\" data-id=\"2933\" src=\"https:\/\/emci.re\/wp-content\/uploads\/2022\/10\/SEP-2022-3.jpg\" alt=\"\" class=\"wp-image-2933\" srcset=\"https:\/\/emci.re\/wp-content\/uploads\/2022\/10\/SEP-2022-3.jpg 2000w, https:\/\/emci.re\/wp-content\/uploads\/2022\/10\/SEP-2022-3-300x224.jpg 300w, https:\/\/emci.re\/wp-content\/uploads\/2022\/10\/SEP-2022-3-1024x766.jpg 1024w, https:\/\/emci.re\/wp-content\/uploads\/2022\/10\/SEP-2022-3-768x574.jpg 768w, https:\/\/emci.re\/wp-content\/uploads\/2022\/10\/SEP-2022-3-1536x1149.jpg 1536w, https:\/\/emci.re\/wp-content\/uploads\/2022\/10\/SEP-2022-3-380x285.jpg 380w, https:\/\/emci.re\/wp-content\/uploads\/2022\/10\/SEP-2022-3-285x214.jpg 285w\" sizes=\"auto, (max-width: 2000px) 100vw, 2000px\" \/><\/figure>\n<\/figure>\n\n\n\n<figure class=\"wp-block-gallery has-nested-images columns-2 is-cropped wp-block-gallery-6 is-layout-flex wp-block-gallery-is-layout-flex\">\n<figure class=\"wp-block-image size-large\"><img loading=\"lazy\" decoding=\"async\" width=\"1000\" height=\"750\" data-id=\"2770\" src=\"https:\/\/emci.re\/wp-content\/uploads\/2022\/04\/20220407_103411.jpg\" alt=\"\" class=\"wp-image-2770\" srcset=\"https:\/\/emci.re\/wp-content\/uploads\/2022\/04\/20220407_103411.jpg 1000w, https:\/\/emci.re\/wp-content\/uploads\/2022\/04\/20220407_103411-300x225.jpg 300w, https:\/\/emci.re\/wp-content\/uploads\/2022\/04\/20220407_103411-768x576.jpg 768w, https:\/\/emci.re\/wp-content\/uploads\/2022\/04\/20220407_103411-380x285.jpg 380w, https:\/\/emci.re\/wp-content\/uploads\/2022\/04\/20220407_103411-285x214.jpg 285w\" sizes=\"auto, (max-width: 1000px) 100vw, 1000px\" \/><figcaption class=\"wp-element-caption\"> Chantier Avril 2022 <\/figcaption><\/figure>\n\n\n\n<figure class=\"wp-block-image size-large\"><img loading=\"lazy\" decoding=\"async\" width=\"1000\" height=\"750\" data-id=\"2772\" src=\"https:\/\/emci.re\/wp-content\/uploads\/2022\/04\/ok-1.jpg\" alt=\"\" class=\"wp-image-2772\" srcset=\"https:\/\/emci.re\/wp-content\/uploads\/2022\/04\/ok-1.jpg 1000w, https:\/\/emci.re\/wp-content\/uploads\/2022\/04\/ok-1-300x225.jpg 300w, https:\/\/emci.re\/wp-content\/uploads\/2022\/04\/ok-1-768x576.jpg 768w, https:\/\/emci.re\/wp-content\/uploads\/2022\/04\/ok-1-380x285.jpg 380w, https:\/\/emci.re\/wp-content\/uploads\/2022\/04\/ok-1-285x214.jpg 285w\" sizes=\"auto, (max-width: 1000px) 100vw, 1000px\" \/><figcaption class=\"wp-element-caption\">  Chantier Avril 2022  <\/figcaption><\/figure>\n<\/figure>\n\n\n\n<!--more-->\n\n\n\n<p><\/p>\n\n\n\n<p><\/p>\n<p>Views: 1596<\/p>","protected":false},"excerpt":{"rendered":"<p>Extension A\u00e9roport de la R\u00e9union &#8211; Roland Garros.<\/p>\n","protected":false},"author":2,"featured_media":3398,"parent":1087,"menu_order":7,"comment_status":"closed","ping_status":"closed","template":"","meta":{"footnotes":""},"folder":[17],"class_list":["post-2614","page","type-page","status-publish","has-post-thumbnail","hentry"],"_links":{"self":[{"href":"https:\/\/emci.re\/index.php?rest_route=\/wp\/v2\/pages\/2614","targetHints":{"allow":["GET"]}}],"collection":[{"href":"https:\/\/emci.re\/index.php?rest_route=\/wp\/v2\/pages"}],"about":[{"href":"https:\/\/emci.re\/index.php?rest_route=\/wp\/v2\/types\/page"}],"author":[{"embeddable":true,"href":"https:\/\/emci.re\/index.php?rest_route=\/wp\/v2\/users\/2"}],"replies":[{"embeddable":true,"href":"https:\/\/emci.re\/index.php?rest_route=%2Fwp%2Fv2%2Fcomments&post=2614"}],"version-history":[{"count":3,"href":"https:\/\/emci.re\/index.php?rest_route=\/wp\/v2\/pages\/2614\/revisions"}],"predecessor-version":[{"id":3694,"href":"https:\/\/emci.re\/index.php?rest_route=\/wp\/v2\/pages\/2614\/revisions\/3694"}],"up":[{"embeddable":true,"href":"https:\/\/emci.re\/index.php?rest_route=\/wp\/v2\/pages\/1087"}],"wp:featuredmedia":[{"embeddable":true,"href":"https:\/\/emci.re\/index.php?rest_route=\/wp\/v2\/media\/3398"}],"wp:attachment":[{"href":"https:\/\/emci.re\/index.php?rest_route=%2Fwp%2Fv2%2Fmedia&parent=2614"}],"wp:term":[{"taxonomy":"folder","embeddable":true,"href":"https:\/\/emci.re\/index.php?rest_route=%2Fwp%2Fv2%2Ffolder&post=2614"}],"curies":[{"name":"wp","href":"https:\/\/api.w.org\/{rel}","templated":true}]}}