{"id":2670,"date":"2024-05-28T10:01:42","date_gmt":"2024-05-28T06:01:42","guid":{"rendered":"https:\/\/emci.re\/?page_id=2670"},"modified":"2024-05-28T14:38:12","modified_gmt":"2024-05-28T10:38:12","slug":"clinique-des-flamboyants-est","status":"publish","type":"page","link":"https:\/\/emci.re\/?page_id=2670","title":{"rendered":"\u25ab\ufe0f Clinique Les Flamboyants Est"},"content":{"rendered":"\n<p><strong>Mission<\/strong>&nbsp;:&nbsp;Mission de Maitrise d\u2019\u0153uvre Structure pour la construction de la clinique Flamboyants Est \u00e0 Bras Panon \u2013 La R\u00e9union.<\/p>\n\n\n\n<p>EMCI r\u00e9alise les calculs statiques et dynamiques, les plans de conception de la structure b\u00e9ton arm\u00e9 et de la charpente m\u00e9tallique.<\/p>\n\n\n\n<p>La clinique Flamboyant Est est un \u00e9tablissement psychiatrique de&nbsp;70 chambres, comprenant des bureaux administratifs, une cuisine et une zone de restauration.<\/p>\n\n\n\n<p>Le b\u00e2timent est compos\u00e9 de 3 blocs principaux avec des patios int\u00e9rieurs.<\/p>\n\n\n\n<ul class=\"wp-block-list\">\n<li>Aile 1 : b\u00e2timent en R+1 (Administration, bureaux, salles de r\u00e9union\u2026)<\/li>\n\n\n\n<li>Aile 2 : b\u00e2timent en R+2 (chambres et salles d\u2019activit\u00e9s\u2026)<\/li>\n\n\n\n<li>Aile 3 : b\u00e2timent en R+1 avec parking semi-enterr\u00e9 en R-1 (restauration, cuisines, services techniques et parking.)<\/li>\n<\/ul>\n\n\n\n<p>34 places de stationnement couvert pour le personnel en rez-de-jardin et 116 places de stationnement en surface.<\/p>\n\n\n\n<p>Le chantier fonctionne avec deux grues et sa propre centrale \u00e0 b\u00e9ton<\/p>\n\n\n\n<p><strong>Montant Travaux HT<\/strong> : 22&nbsp;283 624,00 \u20ac<\/p>\n\n\n\n<p><strong>Surface plancher<\/strong>&nbsp;: 15 500 m\u00b2<\/p>\n\n\n\n<p><strong>Dur\u00e9e du chantier\u00a0: <\/strong>24 mois<\/p>\n\n\n\n<p><strong>Maitre d\u2019ouvrage \/ Architecte : <\/strong>Groupe Les Flamboyants \u2013 PLAN+ Architecture<\/p>\n\n\n\n<p><strong>Livraison <\/strong>: Octobre 2023<\/p>\n\n\n\n<figure class=\"wp-block-image size-large\"><img loading=\"lazy\" decoding=\"async\" width=\"1024\" height=\"766\" src=\"https:\/\/emci.re\/wp-content\/uploads\/2024\/01\/DEC23-1-1024x766.jpg\" alt=\"\" class=\"wp-image-3374\" srcset=\"https:\/\/emci.re\/wp-content\/uploads\/2024\/01\/DEC23-1-1024x766.jpg 1024w, https:\/\/emci.re\/wp-content\/uploads\/2024\/01\/DEC23-1-300x224.jpg 300w, https:\/\/emci.re\/wp-content\/uploads\/2024\/01\/DEC23-1-768x574.jpg 768w, https:\/\/emci.re\/wp-content\/uploads\/2024\/01\/DEC23-1-1536x1149.jpg 1536w, https:\/\/emci.re\/wp-content\/uploads\/2024\/01\/DEC23-1-380x285.jpg 380w, https:\/\/emci.re\/wp-content\/uploads\/2024\/01\/DEC23-1-285x214.jpg 285w, https:\/\/emci.re\/wp-content\/uploads\/2024\/01\/DEC23-1.jpg 2000w\" sizes=\"auto, (max-width: 1024px) 100vw, 1024px\" \/><\/figure>\n\n\n\n<figure class=\"wp-block-gallery has-nested-images columns-2 is-cropped wp-block-gallery-1 is-layout-flex wp-block-gallery-is-layout-flex\">\n<figure class=\"wp-block-image size-large\"><img loading=\"lazy\" decoding=\"async\" width=\"1024\" height=\"766\" data-id=\"3151\" src=\"https:\/\/emci.re\/wp-content\/uploads\/2023\/07\/IMG_20230705_154606-1024x766.jpg\" alt=\"\" class=\"wp-image-3151\" srcset=\"https:\/\/emci.re\/wp-content\/uploads\/2023\/07\/IMG_20230705_154606-1024x766.jpg 1024w, https:\/\/emci.re\/wp-content\/uploads\/2023\/07\/IMG_20230705_154606-300x224.jpg 300w, https:\/\/emci.re\/wp-content\/uploads\/2023\/07\/IMG_20230705_154606-768x574.jpg 768w, https:\/\/emci.re\/wp-content\/uploads\/2023\/07\/IMG_20230705_154606-1536x1149.jpg 1536w, https:\/\/emci.re\/wp-content\/uploads\/2023\/07\/IMG_20230705_154606-380x285.jpg 380w, https:\/\/emci.re\/wp-content\/uploads\/2023\/07\/IMG_20230705_154606-285x214.jpg 285w, https:\/\/emci.re\/wp-content\/uploads\/2023\/07\/IMG_20230705_154606.jpg 2000w\" sizes=\"auto, (max-width: 1024px) 100vw, 1024px\" \/><\/figure>\n\n\n\n<figure class=\"wp-block-image size-large\"><img loading=\"lazy\" decoding=\"async\" width=\"1024\" height=\"766\" data-id=\"3147\" src=\"https:\/\/emci.re\/wp-content\/uploads\/2023\/07\/IMG_20230705_154518_1-1024x766.jpg\" alt=\"\" class=\"wp-image-3147\" srcset=\"https:\/\/emci.re\/wp-content\/uploads\/2023\/07\/IMG_20230705_154518_1-1024x766.jpg 1024w, https:\/\/emci.re\/wp-content\/uploads\/2023\/07\/IMG_20230705_154518_1-300x224.jpg 300w, https:\/\/emci.re\/wp-content\/uploads\/2023\/07\/IMG_20230705_154518_1-768x574.jpg 768w, https:\/\/emci.re\/wp-content\/uploads\/2023\/07\/IMG_20230705_154518_1-1536x1149.jpg 1536w, https:\/\/emci.re\/wp-content\/uploads\/2023\/07\/IMG_20230705_154518_1-380x285.jpg 380w, https:\/\/emci.re\/wp-content\/uploads\/2023\/07\/IMG_20230705_154518_1-285x214.jpg 285w, https:\/\/emci.re\/wp-content\/uploads\/2023\/07\/IMG_20230705_154518_1.jpg 2000w\" sizes=\"auto, (max-width: 1024px) 100vw, 1024px\" \/><\/figure>\n\n\n\n<figure class=\"wp-block-image size-large\"><img loading=\"lazy\" decoding=\"async\" width=\"1024\" height=\"766\" data-id=\"3150\" src=\"https:\/\/emci.re\/wp-content\/uploads\/2023\/07\/IMG_20230705_152448_1-1024x766.jpg\" alt=\"\" class=\"wp-image-3150\" srcset=\"https:\/\/emci.re\/wp-content\/uploads\/2023\/07\/IMG_20230705_152448_1-1024x766.jpg 1024w, https:\/\/emci.re\/wp-content\/uploads\/2023\/07\/IMG_20230705_152448_1-300x224.jpg 300w, https:\/\/emci.re\/wp-content\/uploads\/2023\/07\/IMG_20230705_152448_1-768x574.jpg 768w, https:\/\/emci.re\/wp-content\/uploads\/2023\/07\/IMG_20230705_152448_1-1536x1149.jpg 1536w, https:\/\/emci.re\/wp-content\/uploads\/2023\/07\/IMG_20230705_152448_1-380x285.jpg 380w, https:\/\/emci.re\/wp-content\/uploads\/2023\/07\/IMG_20230705_152448_1-285x214.jpg 285w, https:\/\/emci.re\/wp-content\/uploads\/2023\/07\/IMG_20230705_152448_1.jpg 2000w\" sizes=\"auto, (max-width: 1024px) 100vw, 1024px\" \/><\/figure>\n\n\n\n<figure class=\"wp-block-image size-large\"><img loading=\"lazy\" decoding=\"async\" width=\"1024\" height=\"766\" data-id=\"3149\" src=\"https:\/\/emci.re\/wp-content\/uploads\/2023\/07\/IMG_20230705_151701_1-1024x766.jpg\" alt=\"\" class=\"wp-image-3149\" srcset=\"https:\/\/emci.re\/wp-content\/uploads\/2023\/07\/IMG_20230705_151701_1-1024x766.jpg 1024w, https:\/\/emci.re\/wp-content\/uploads\/2023\/07\/IMG_20230705_151701_1-300x224.jpg 300w, https:\/\/emci.re\/wp-content\/uploads\/2023\/07\/IMG_20230705_151701_1-768x574.jpg 768w, https:\/\/emci.re\/wp-content\/uploads\/2023\/07\/IMG_20230705_151701_1-1536x1149.jpg 1536w, https:\/\/emci.re\/wp-content\/uploads\/2023\/07\/IMG_20230705_151701_1-380x285.jpg 380w, https:\/\/emci.re\/wp-content\/uploads\/2023\/07\/IMG_20230705_151701_1-285x214.jpg 285w, https:\/\/emci.re\/wp-content\/uploads\/2023\/07\/IMG_20230705_151701_1.jpg 2000w\" sizes=\"auto, (max-width: 1024px) 100vw, 1024px\" \/><\/figure>\n\n\n\n<figure class=\"wp-block-image size-large\"><img loading=\"lazy\" decoding=\"async\" width=\"1024\" height=\"766\" data-id=\"3146\" src=\"https:\/\/emci.re\/wp-content\/uploads\/2023\/07\/IMG_20230705_151017-1024x766.jpg\" alt=\"\" class=\"wp-image-3146\" srcset=\"https:\/\/emci.re\/wp-content\/uploads\/2023\/07\/IMG_20230705_151017-1024x766.jpg 1024w, https:\/\/emci.re\/wp-content\/uploads\/2023\/07\/IMG_20230705_151017-300x224.jpg 300w, https:\/\/emci.re\/wp-content\/uploads\/2023\/07\/IMG_20230705_151017-768x574.jpg 768w, https:\/\/emci.re\/wp-content\/uploads\/2023\/07\/IMG_20230705_151017-1536x1149.jpg 1536w, https:\/\/emci.re\/wp-content\/uploads\/2023\/07\/IMG_20230705_151017-380x285.jpg 380w, https:\/\/emci.re\/wp-content\/uploads\/2023\/07\/IMG_20230705_151017-285x214.jpg 285w, https:\/\/emci.re\/wp-content\/uploads\/2023\/07\/IMG_20230705_151017.jpg 2000w\" sizes=\"auto, (max-width: 1024px) 100vw, 1024px\" \/><\/figure>\n<\/figure>\n\n\n\n<figure class=\"wp-block-gallery has-nested-images columns-2 is-cropped wp-block-gallery-2 is-layout-flex wp-block-gallery-is-layout-flex\">\n<figure class=\"wp-block-image size-large\"><img loading=\"lazy\" decoding=\"async\" width=\"1000\" height=\"558\" data-id=\"2881\" src=\"https:\/\/emci.re\/wp-content\/uploads\/2022\/06\/PHOTO05.jpg\" alt=\"\" class=\"wp-image-2881\" srcset=\"https:\/\/emci.re\/wp-content\/uploads\/2022\/06\/PHOTO05.jpg 1000w, https:\/\/emci.re\/wp-content\/uploads\/2022\/06\/PHOTO05-300x167.jpg 300w, https:\/\/emci.re\/wp-content\/uploads\/2022\/06\/PHOTO05-768x429.jpg 768w\" sizes=\"auto, (max-width: 1000px) 100vw, 1000px\" \/><figcaption class=\"wp-element-caption\">   Juin 2022 &#8211; Photos PLAN+ <\/figcaption><\/figure>\n\n\n\n<figure class=\"wp-block-image size-large\"><img loading=\"lazy\" decoding=\"async\" width=\"1024\" height=\"438\" data-id=\"3015\" src=\"https:\/\/emci.re\/wp-content\/uploads\/2023\/01\/3D-1024x438.jpg\" alt=\"\" class=\"wp-image-3015\" srcset=\"https:\/\/emci.re\/wp-content\/uploads\/2023\/01\/3D-1024x438.jpg 1024w, https:\/\/emci.re\/wp-content\/uploads\/2023\/01\/3D-300x128.jpg 300w, https:\/\/emci.re\/wp-content\/uploads\/2023\/01\/3D-768x328.jpg 768w, https:\/\/emci.re\/wp-content\/uploads\/2023\/01\/3D-1536x657.jpg 1536w, https:\/\/emci.re\/wp-content\/uploads\/2023\/01\/3D.jpg 1771w\" sizes=\"auto, (max-width: 1024px) 100vw, 1024px\" \/><figcaption class=\"wp-element-caption\"><br>                                                             <strong>    3D EMCI<\/strong><\/figcaption><\/figure>\n<\/figure>\n\n\n\n<p><\/p>\n\n\n\n<!--more-->\n\n\n\n<p><br><\/p>\n\n\n\n<p> <\/p>\n<p>Views: 498<\/p>","protected":false},"excerpt":{"rendered":"<p>Mission&nbsp;:&nbsp;Mission de Maitrise d\u2019\u0153uvre Structure pour la construction de la clinique Flamboyants Est \u00e0 Bras Panon \u2013 La R\u00e9union. EMCI r\u00e9alise les calculs statiques et dynamiques, les plans de conception de la structure b\u00e9ton arm\u00e9 et de la charpente m\u00e9tallique. La clinique Flamboyant Est est un \u00e9tablissement psychiatrique de&nbsp;70 chambres, comprenant des bureaux administratifs, une<\/p>\n<p class=\"more-link\"><a href=\"https:\/\/emci.re\/?page_id=2670\" class=\"themebutton\">Read More<\/a><\/p>\n","protected":false},"author":2,"featured_media":3374,"parent":1098,"menu_order":5,"comment_status":"closed","ping_status":"closed","template":"","meta":{"footnotes":""},"folder":[16],"class_list":["post-2670","page","type-page","status-publish","has-post-thumbnail","hentry"],"_links":{"self":[{"href":"https:\/\/emci.re\/index.php?rest_route=\/wp\/v2\/pages\/2670","targetHints":{"allow":["GET"]}}],"collection":[{"href":"https:\/\/emci.re\/index.php?rest_route=\/wp\/v2\/pages"}],"about":[{"href":"https:\/\/emci.re\/index.php?rest_route=\/wp\/v2\/types\/page"}],"author":[{"embeddable":true,"href":"https:\/\/emci.re\/index.php?rest_route=\/wp\/v2\/users\/2"}],"replies":[{"embeddable":true,"href":"https:\/\/emci.re\/index.php?rest_route=%2Fwp%2Fv2%2Fcomments&post=2670"}],"version-history":[{"count":2,"href":"https:\/\/emci.re\/index.php?rest_route=\/wp\/v2\/pages\/2670\/revisions"}],"predecessor-version":[{"id":3552,"href":"https:\/\/emci.re\/index.php?rest_route=\/wp\/v2\/pages\/2670\/revisions\/3552"}],"up":[{"embeddable":true,"href":"https:\/\/emci.re\/index.php?rest_route=\/wp\/v2\/pages\/1098"}],"wp:featuredmedia":[{"embeddable":true,"href":"https:\/\/emci.re\/index.php?rest_route=\/wp\/v2\/media\/3374"}],"wp:attachment":[{"href":"https:\/\/emci.re\/index.php?rest_route=%2Fwp%2Fv2%2Fmedia&parent=2670"}],"wp:term":[{"taxonomy":"folder","embeddable":true,"href":"https:\/\/emci.re\/index.php?rest_route=%2Fwp%2Fv2%2Ffolder&post=2670"}],"curies":[{"name":"wp","href":"https:\/\/api.w.org\/{rel}","templated":true}]}}