{"id":2893,"date":"2022-07-08T13:59:47","date_gmt":"2022-07-08T11:59:47","guid":{"rendered":"https:\/\/emci.re\/?page_id=2893"},"modified":"2024-05-28T16:54:46","modified_gmt":"2024-05-28T12:54:46","slug":"%e2%96%aa%ef%b8%8f-bureaux-du-siege-ordre-des-architectes-reunion-mayotte-coarm-saint-denis","status":"publish","type":"page","link":"https:\/\/emci.re\/?page_id=2893","title":{"rendered":"\u25aa\ufe0f Bureaux du Si\u00e8ge Social de l&rsquo;Ordre des Architectes R\u00e9union Mayotte (COARM) &#8211; Saint Denis"},"content":{"rendered":"\n<p><strong>Mission <\/strong>: Mission MOE pour la r\u00e9habilitation et sur\u00e9l\u00e9vation de l&rsquo;existant du COARM (Conseil de l&rsquo;Ordre des Architectes R\u00e9union Mayotte) &#8211; Futur si\u00e8ge social de St Denis de La R\u00e9union.<br>B\u00e2timent bio climatique, utilisation de mat\u00e9riaux recycl\u00e9s localement.<\/p>\n\n\n\n<p><strong>Lieu :<\/strong> Saint Denis &#8211; La R\u00e9union<\/p>\n\n\n\n<p><strong>Maitre d\u2019Ouvrage \/ Architecte :<\/strong> Ordre des Architectes \/ Co-Architectes<\/p>\n\n\n\n<p><strong>Avancement :<\/strong> Chantier en cours<\/p>\n\n\n\n<p><strong>Secteur :<\/strong> Tertiaire \/ Bureaux<\/p>\n\n\n\n<p><strong>On en parle : <\/strong> <a href=\"https:\/\/chroniques-architecture.com\/chasse-aux-tresors-pour-le-nouveau-siege-du-coarm-a-la-reunion\/\">https:\/\/chroniques-architecture.com\/chasse-aux-tresors-pour-le-nouveau-siege-du-coarm-a-la-reunion\/<\/a> <\/p>\n\n\n\n<p><a href=\"https:\/\/www.cahiers-techniques-batiment.fr\/article\/un-nouveau-palmares-pour-le-reemploi.62077\">https:\/\/www.cahiers-techniques-batiment.fr\/article\/un-nouveau-palmares-pour-le-reemploi.62077<\/a><\/p>\n\n\n\n<div class=\"wp-block-group\"><div class=\"wp-block-group__inner-container is-layout-flow wp-block-group-is-layout-flow\"><div class=\"wp-block-image\">\n<figure class=\"aligncenter size-full is-resized\"><img loading=\"lazy\" decoding=\"async\" width=\"592\" height=\"589\" src=\"https:\/\/emci.re\/wp-content\/uploads\/2022\/09\/000110082_illustration_large.jpg\" alt=\"\" class=\"wp-image-2916\" style=\"width:580px;height:577px\" srcset=\"https:\/\/emci.re\/wp-content\/uploads\/2022\/09\/000110082_illustration_large.jpg 592w, https:\/\/emci.re\/wp-content\/uploads\/2022\/09\/000110082_illustration_large-300x298.jpg 300w, https:\/\/emci.re\/wp-content\/uploads\/2022\/09\/000110082_illustration_large-150x150.jpg 150w, https:\/\/emci.re\/wp-content\/uploads\/2022\/09\/000110082_illustration_large-120x120.jpg 120w, https:\/\/emci.re\/wp-content\/uploads\/2022\/09\/000110082_illustration_large-105x105.jpg 105w, https:\/\/emci.re\/wp-content\/uploads\/2022\/09\/000110082_illustration_large-285x285.jpg 285w\" sizes=\"auto, (max-width: 592px) 100vw, 592px\" \/><\/figure>\n<\/div><\/div><\/div>\n\n\n\n<figure class=\"wp-block-gallery has-nested-images columns-2 is-cropped wp-block-gallery-1 is-layout-flex wp-block-gallery-is-layout-flex\">\n<figure class=\"wp-block-image size-large\"><img loading=\"lazy\" decoding=\"async\" width=\"1000\" height=\"450\" data-id=\"2895\" src=\"https:\/\/emci.re\/wp-content\/uploads\/2022\/07\/20220610_100406.jpg\" alt=\"\" class=\"wp-image-2895\" srcset=\"https:\/\/emci.re\/wp-content\/uploads\/2022\/07\/20220610_100406.jpg 1000w, https:\/\/emci.re\/wp-content\/uploads\/2022\/07\/20220610_100406-300x135.jpg 300w, https:\/\/emci.re\/wp-content\/uploads\/2022\/07\/20220610_100406-768x346.jpg 768w\" sizes=\"auto, (max-width: 1000px) 100vw, 1000px\" \/><\/figure>\n\n\n\n<figure class=\"wp-block-image size-large\"><img loading=\"lazy\" decoding=\"async\" width=\"1000\" height=\"450\" data-id=\"2896\" src=\"https:\/\/emci.re\/wp-content\/uploads\/2022\/07\/20220610_100408.jpg\" alt=\"\" class=\"wp-image-2896\" srcset=\"https:\/\/emci.re\/wp-content\/uploads\/2022\/07\/20220610_100408.jpg 1000w, https:\/\/emci.re\/wp-content\/uploads\/2022\/07\/20220610_100408-300x135.jpg 300w, https:\/\/emci.re\/wp-content\/uploads\/2022\/07\/20220610_100408-768x346.jpg 768w\" sizes=\"auto, (max-width: 1000px) 100vw, 1000px\" \/><\/figure>\n<\/figure>\n\n\n\n<figure class=\"wp-block-gallery has-nested-images columns-default is-cropped wp-block-gallery-2 is-layout-flex wp-block-gallery-is-layout-flex\">\n<figure class=\"wp-block-image size-large\"><img loading=\"lazy\" decoding=\"async\" width=\"1000\" height=\"450\" data-id=\"2899\" src=\"https:\/\/emci.re\/wp-content\/uploads\/2022\/07\/20220617_094827.jpg\" alt=\"\" class=\"wp-image-2899\" srcset=\"https:\/\/emci.re\/wp-content\/uploads\/2022\/07\/20220617_094827.jpg 1000w, https:\/\/emci.re\/wp-content\/uploads\/2022\/07\/20220617_094827-300x135.jpg 300w, https:\/\/emci.re\/wp-content\/uploads\/2022\/07\/20220617_094827-768x346.jpg 768w\" sizes=\"auto, (max-width: 1000px) 100vw, 1000px\" \/><figcaption class=\"wp-element-caption\">Chantier Juin 2022<\/figcaption><\/figure>\n\n\n\n<figure class=\"wp-block-image size-large\"><img loading=\"lazy\" decoding=\"async\" width=\"1000\" height=\"450\" data-id=\"2898\" src=\"https:\/\/emci.re\/wp-content\/uploads\/2022\/07\/20220617_093124.jpg\" alt=\"\" class=\"wp-image-2898\" srcset=\"https:\/\/emci.re\/wp-content\/uploads\/2022\/07\/20220617_093124.jpg 1000w, https:\/\/emci.re\/wp-content\/uploads\/2022\/07\/20220617_093124-300x135.jpg 300w, https:\/\/emci.re\/wp-content\/uploads\/2022\/07\/20220617_093124-768x346.jpg 768w\" sizes=\"auto, (max-width: 1000px) 100vw, 1000px\" \/><figcaption class=\"wp-element-caption\">Chantier Juin 2022<\/figcaption><\/figure>\n<\/figure>\n\n\n\n<figure class=\"wp-block-gallery has-nested-images columns-0 is-cropped wp-block-gallery-3 is-layout-flex wp-block-gallery-is-layout-flex\"><\/figure>\n\n\n\n<div class=\"wp-block-group\"><div class=\"wp-block-group__inner-container is-layout-flow wp-block-group-is-layout-flow\">\n<div class=\"wp-block-columns are-vertically-aligned-center is-layout-flex wp-container-core-columns-is-layout-9d6595d7 wp-block-columns-is-layout-flex\">\n<div class=\"wp-block-column is-vertically-aligned-center is-layout-flow wp-block-column-is-layout-flow\" style=\"flex-basis:100%\">\n<div class=\"wp-block-group\"><div class=\"wp-block-group__inner-container is-layout-flow wp-block-group-is-layout-flow\">\n<figure class=\"wp-block-gallery has-nested-images columns-0 is-cropped wp-block-gallery-4 is-layout-flex wp-block-gallery-is-layout-flex\"><\/figure>\n<\/div><\/div>\n<\/div>\n<\/div>\n<\/div><\/div>\n\n\n\n<!--more-->\n\n\n\n<p class=\"has-text-align-center\"><br><\/p>\n\n\n\n<p class=\"has-text-align-center\"><\/p>\n\n\n\n<figure class=\"wp-block-gallery has-nested-images columns-0 is-cropped wp-block-gallery-5 is-layout-flex wp-block-gallery-is-layout-flex\"><\/figure>\n\n\n\n<p><\/p>\n<p>Views: 333<\/p>","protected":false},"excerpt":{"rendered":"<p>Mission : Mission MOE pour la r\u00e9habilitation et sur\u00e9l\u00e9vation de l&rsquo;existant du COARM (Conseil de l&rsquo;Ordre des Architectes R\u00e9union Mayotte) &#8211; Futur si\u00e8ge social de St Denis de La R\u00e9union.B\u00e2timent bio climatique, utilisation de mat\u00e9riaux recycl\u00e9s localement. Lieu : Saint Denis &#8211; La R\u00e9union Maitre d\u2019Ouvrage \/ Architecte : Ordre des Architectes \/ Co-Architectes Avancement<\/p>\n<p class=\"more-link\"><a href=\"https:\/\/emci.re\/?page_id=2893\" class=\"themebutton\">Read More<\/a><\/p>\n","protected":false},"author":2,"featured_media":2916,"parent":1113,"menu_order":3,"comment_status":"closed","ping_status":"closed","template":"","meta":{"footnotes":""},"folder":[24],"class_list":["post-2893","page","type-page","status-publish","has-post-thumbnail","hentry"],"_links":{"self":[{"href":"https:\/\/emci.re\/index.php?rest_route=\/wp\/v2\/pages\/2893","targetHints":{"allow":["GET"]}}],"collection":[{"href":"https:\/\/emci.re\/index.php?rest_route=\/wp\/v2\/pages"}],"about":[{"href":"https:\/\/emci.re\/index.php?rest_route=\/wp\/v2\/types\/page"}],"author":[{"embeddable":true,"href":"https:\/\/emci.re\/index.php?rest_route=\/wp\/v2\/users\/2"}],"replies":[{"embeddable":true,"href":"https:\/\/emci.re\/index.php?rest_route=%2Fwp%2Fv2%2Fcomments&post=2893"}],"version-history":[{"count":1,"href":"https:\/\/emci.re\/index.php?rest_route=\/wp\/v2\/pages\/2893\/revisions"}],"predecessor-version":[{"id":3602,"href":"https:\/\/emci.re\/index.php?rest_route=\/wp\/v2\/pages\/2893\/revisions\/3602"}],"up":[{"embeddable":true,"href":"https:\/\/emci.re\/index.php?rest_route=\/wp\/v2\/pages\/1113"}],"wp:featuredmedia":[{"embeddable":true,"href":"https:\/\/emci.re\/index.php?rest_route=\/wp\/v2\/media\/2916"}],"wp:attachment":[{"href":"https:\/\/emci.re\/index.php?rest_route=%2Fwp%2Fv2%2Fmedia&parent=2893"}],"wp:term":[{"taxonomy":"folder","embeddable":true,"href":"https:\/\/emci.re\/index.php?rest_route=%2Fwp%2Fv2%2Ffolder&post=2893"}],"curies":[{"name":"wp","href":"https:\/\/api.w.org\/{rel}","templated":true}]}}