{"id":3022,"date":"2023-01-17T11:11:04","date_gmt":"2023-01-17T10:11:04","guid":{"rendered":"https:\/\/emci.re\/?page_id=3022"},"modified":"2024-09-06T10:43:36","modified_gmt":"2024-09-06T06:43:36","slug":"%e2%96%aa%ef%b8%8f-3-operation-residence-francois-mitterrand","status":"publish","type":"page","link":"https:\/\/emci.re\/?page_id=3022","title":{"rendered":"\u25aa\ufe0f Op\u00e9ration FRAN\u00c7OIS MITTERRAND"},"content":{"rendered":"\n<p><strong>Mission<\/strong> : Mission de maitrise d\u2019\u0153uvre Structure pour la construction de 20 logements collectifs + 2 commerces &#8211; Saint Joseph &#8211; La R\u00e9union<\/p>\n\n\n\n<p>Ensemble d\u2019immeubles de type R+ 2 \u00e0 usage de logements avec niveau semi-enterr\u00e9 \u00e0 usage de parkings et de commerces.<\/p>\n\n\n\n<p> <strong>SHOB<\/strong> : 1 880m\u00b2 <\/p>\n\n\n\n<p> <strong>Montant Travaux HT<\/strong> : 3 100 000,00 \u20ac<\/p>\n\n\n\n<p> <strong>Maitre d\u2019ouvrage \u2013 Architecte<\/strong> : SHLMR \/ TAND&rsquo;M Architectes R\u00e9union<\/p>\n\n\n\n<p><strong>Avancement <\/strong>: Chantier en cours<\/p>\n\n\n\n<p> <strong>Secteur<\/strong> :  B\u00e2timent \/ Logement<\/p>\n\n\n\n<div class=\"wp-block-group\"><div class=\"wp-block-group__inner-container is-layout-constrained wp-block-group-is-layout-constrained\">\n<figure class=\"wp-block-gallery has-nested-images columns-2 is-cropped wp-block-gallery-1 is-layout-flex wp-block-gallery-is-layout-flex\">\n<figure class=\"wp-block-image size-full\"><img loading=\"lazy\" decoding=\"async\" width=\"1500\" height=\"843\" data-id=\"3027\" src=\"https:\/\/emci.re\/wp-content\/uploads\/2023\/01\/EMCI-RFM-0001-SITE_emci-ericcarpin-PC6-890731-1.jpg\" alt=\"\" class=\"wp-image-3027\" srcset=\"https:\/\/emci.re\/wp-content\/uploads\/2023\/01\/EMCI-RFM-0001-SITE_emci-ericcarpin-PC6-890731-1.jpg 1500w, https:\/\/emci.re\/wp-content\/uploads\/2023\/01\/EMCI-RFM-0001-SITE_emci-ericcarpin-PC6-890731-1-300x169.jpg 300w, https:\/\/emci.re\/wp-content\/uploads\/2023\/01\/EMCI-RFM-0001-SITE_emci-ericcarpin-PC6-890731-1-1024x575.jpg 1024w, https:\/\/emci.re\/wp-content\/uploads\/2023\/01\/EMCI-RFM-0001-SITE_emci-ericcarpin-PC6-890731-1-768x432.jpg 768w\" sizes=\"auto, (max-width: 1500px) 100vw, 1500px\" \/><figcaption class=\"wp-element-caption\"> Image TAND&rsquo;M Architectes<\/figcaption><\/figure>\n\n\n\n<figure class=\"wp-block-image size-full\"><img loading=\"lazy\" decoding=\"async\" width=\"1500\" height=\"843\" data-id=\"3028\" src=\"https:\/\/emci.re\/wp-content\/uploads\/2023\/01\/Place-M-2.jpg\" alt=\"\" class=\"wp-image-3028\" srcset=\"https:\/\/emci.re\/wp-content\/uploads\/2023\/01\/Place-M-2.jpg 1500w, https:\/\/emci.re\/wp-content\/uploads\/2023\/01\/Place-M-2-300x169.jpg 300w, https:\/\/emci.re\/wp-content\/uploads\/2023\/01\/Place-M-2-1024x575.jpg 1024w, https:\/\/emci.re\/wp-content\/uploads\/2023\/01\/Place-M-2-768x432.jpg 768w\" sizes=\"auto, (max-width: 1500px) 100vw, 1500px\" \/><figcaption class=\"wp-element-caption\"> Image TAND&rsquo;M Architectes<\/figcaption><\/figure>\n\n\n\n<figure class=\"wp-block-image size-full\"><img loading=\"lazy\" decoding=\"async\" width=\"1500\" height=\"960\" data-id=\"3030\" src=\"https:\/\/emci.re\/wp-content\/uploads\/2023\/01\/Rue-M.jpg\" alt=\"\" class=\"wp-image-3030\" srcset=\"https:\/\/emci.re\/wp-content\/uploads\/2023\/01\/Rue-M.jpg 1500w, https:\/\/emci.re\/wp-content\/uploads\/2023\/01\/Rue-M-300x192.jpg 300w, https:\/\/emci.re\/wp-content\/uploads\/2023\/01\/Rue-M-1024x655.jpg 1024w, https:\/\/emci.re\/wp-content\/uploads\/2023\/01\/Rue-M-768x492.jpg 768w\" sizes=\"auto, (max-width: 1500px) 100vw, 1500px\" \/><figcaption class=\"wp-element-caption\"> Image TAND&rsquo;M Architectes<\/figcaption><\/figure>\n\n\n\n<figure class=\"wp-block-image size-large\"><img loading=\"lazy\" decoding=\"async\" width=\"1024\" height=\"575\" data-id=\"3031\" src=\"https:\/\/emci.re\/wp-content\/uploads\/2023\/01\/Rue-M-2-1024x575.jpg\" alt=\"\" class=\"wp-image-3031\" srcset=\"https:\/\/emci.re\/wp-content\/uploads\/2023\/01\/Rue-M-2-1024x575.jpg 1024w, https:\/\/emci.re\/wp-content\/uploads\/2023\/01\/Rue-M-2-300x169.jpg 300w, https:\/\/emci.re\/wp-content\/uploads\/2023\/01\/Rue-M-2-768x432.jpg 768w, https:\/\/emci.re\/wp-content\/uploads\/2023\/01\/Rue-M-2.jpg 1500w\" sizes=\"auto, (max-width: 1024px) 100vw, 1024px\" \/><figcaption class=\"wp-element-caption\"> Image TAND&rsquo;M Architectes<\/figcaption><\/figure>\n<\/figure>\n<\/div><\/div>\n\n\n\n<figure class=\"wp-block-gallery has-nested-images columns-default is-cropped wp-block-gallery-2 is-layout-flex wp-block-gallery-is-layout-flex\"><\/figure>\n\n\n\n<p><\/p>\n<p>Views: 211<\/p>","protected":false},"excerpt":{"rendered":"<p>Mission : Mission de maitrise d\u2019\u0153uvre Structure pour la construction de 20 logements collectifs + 2 commerces &#8211; Saint Joseph &#8211; La R\u00e9union Ensemble d\u2019immeubles de type R+ 2 \u00e0 usage de logements avec niveau semi-enterr\u00e9 \u00e0 usage de parkings et de commerces. SHOB : 1 880m\u00b2 Montant Travaux HT : 3 100 000,00 \u20ac<\/p>\n<p class=\"more-link\"><a href=\"https:\/\/emci.re\/?page_id=3022\" class=\"themebutton\">Read More<\/a><\/p>\n","protected":false},"author":2,"featured_media":3028,"parent":1095,"menu_order":8,"comment_status":"closed","ping_status":"closed","template":"","meta":{"footnotes":""},"folder":[19],"class_list":["post-3022","page","type-page","status-publish","has-post-thumbnail","hentry"],"_links":{"self":[{"href":"https:\/\/emci.re\/index.php?rest_route=\/wp\/v2\/pages\/3022","targetHints":{"allow":["GET"]}}],"collection":[{"href":"https:\/\/emci.re\/index.php?rest_route=\/wp\/v2\/pages"}],"about":[{"href":"https:\/\/emci.re\/index.php?rest_route=\/wp\/v2\/types\/page"}],"author":[{"embeddable":true,"href":"https:\/\/emci.re\/index.php?rest_route=\/wp\/v2\/users\/2"}],"replies":[{"embeddable":true,"href":"https:\/\/emci.re\/index.php?rest_route=%2Fwp%2Fv2%2Fcomments&post=3022"}],"version-history":[{"count":2,"href":"https:\/\/emci.re\/index.php?rest_route=\/wp\/v2\/pages\/3022\/revisions"}],"predecessor-version":[{"id":3658,"href":"https:\/\/emci.re\/index.php?rest_route=\/wp\/v2\/pages\/3022\/revisions\/3658"}],"up":[{"embeddable":true,"href":"https:\/\/emci.re\/index.php?rest_route=\/wp\/v2\/pages\/1095"}],"wp:featuredmedia":[{"embeddable":true,"href":"https:\/\/emci.re\/index.php?rest_route=\/wp\/v2\/media\/3028"}],"wp:attachment":[{"href":"https:\/\/emci.re\/index.php?rest_route=%2Fwp%2Fv2%2Fmedia&parent=3022"}],"wp:term":[{"taxonomy":"folder","embeddable":true,"href":"https:\/\/emci.re\/index.php?rest_route=%2Fwp%2Fv2%2Ffolder&post=3022"}],"curies":[{"name":"wp","href":"https:\/\/api.w.org\/{rel}","templated":true}]}}