{"id":315,"date":"2019-01-27T21:56:27","date_gmt":"2019-01-27T20:56:27","guid":{"rendered":"https:\/\/emci.re\/?page_id=315"},"modified":"2024-05-28T14:38:15","modified_gmt":"2024-05-28T10:38:15","slug":"projet-modele-2","status":"publish","type":"page","link":"https:\/\/emci.re\/?page_id=315","title":{"rendered":"\u25ab\ufe0f Clinique Tamarins Sud"},"content":{"rendered":"\n<p>Secteur :  Sant\u00e9<\/p>\n\n\n\n<p><strong>Mission<\/strong>&nbsp;: Mission de Maitrise d\u2019\u0153uvre pour la construction d&rsquo;une Clinique unit\u00e9 de soins de suite et de r\u00e9\u00e9ducation &#8211; Clinique Les Tamarins du Sud &#8211; Pierrefonds \/ Saint-Pierre \/ La R\u00e9union sur trois niveaux :<\/p>\n\n\n\n<p>&#8211; Le R-1 :\ncr\u00e9ation d&rsquo;un centre de r\u00e9\u00e9ducation fonctionnelle, d&rsquo;un h\u00f4pital de jour, d&rsquo;une\nbaln\u00e9oth\u00e9rapie, d&rsquo;une unit\u00e9 d&rsquo;ergoth\u00e9rapie, d&rsquo;un restaurant, cr\u00e9ation d&rsquo;une\nunit\u00e9 d&rsquo;h\u00e9bergement de 34 lits et d&rsquo;un espace d\u00e9tente\/restauration.<\/p>\n\n\n\n<p>&#8211; Le R-2 : cr\u00e9ation\nd&rsquo;un parking accessible au public de 81 places ; cr\u00e9ation de locaux de services\n(code du travail) lingerie, pharmacie, cuisine, vestiaire, cr\u00e9ation d&rsquo;une unit\u00e9\nd&rsquo;h\u00e9bergement de 34 lits et d&rsquo;un espace de d\u00e9tente restauration.<\/p>\n\n\n\n<p>&#8211; Le RDC :\ncr\u00e9ation d&rsquo;une unit\u00e9 de r\u00e9\u00e9ducation fonctionnelle, des locaux d&rsquo;administration\nde la clinique (code du travail), cr\u00e9ation d&rsquo;une unit\u00e9 d&rsquo;h\u00e9bergement de 34 lits\net d&rsquo;un espace d\u00e9tente\/restauration Conception et Construction d&rsquo;une Clinique\nunit\u00e9 de soins de suite et de r\u00e9\u00e9ducation <\/p>\n\n\n\n<p><strong>Montant Travaux HT<\/strong> : 23&nbsp;507 000,00 \u20ac<\/p>\n\n\n\n<p><strong>Surface plancher<\/strong>&nbsp;: 22 764 m2<\/p>\n\n\n\n<p><strong>Maitre d\u2019ouvrage \/ Architecte : <\/strong>Groupe Les Flamboyants \u2013 Arch \u2019Image<\/p>\n\n\n\n<p><strong>Livraison&nbsp;<\/strong>: 2021<\/p>\n\n\n\n<figure class=\"wp-block-image size-full\"><img loading=\"lazy\" decoding=\"async\" width=\"1024\" height=\"591\" src=\"https:\/\/emci.re\/wp-content\/uploads\/2024\/04\/Clinique-TAMS-2024.jpg\" alt=\"\" class=\"wp-image-3493\" srcset=\"https:\/\/emci.re\/wp-content\/uploads\/2024\/04\/Clinique-TAMS-2024.jpg 1024w, https:\/\/emci.re\/wp-content\/uploads\/2024\/04\/Clinique-TAMS-2024-300x173.jpg 300w, https:\/\/emci.re\/wp-content\/uploads\/2024\/04\/Clinique-TAMS-2024-768x443.jpg 768w\" sizes=\"auto, (max-width: 1024px) 100vw, 1024px\" \/><\/figure>\n\n\n\n<figure class=\"wp-block-gallery has-nested-images columns-2 is-cropped wp-block-gallery-1 is-layout-flex wp-block-gallery-is-layout-flex\">\n<figure class=\"wp-block-image size-large\"><img loading=\"lazy\" decoding=\"async\" width=\"1024\" height=\"768\" data-id=\"2453\" src=\"https:\/\/emci.re\/wp-content\/uploads\/2021\/04\/SSR1-1-1024x768.jpg\" alt=\"\" class=\"wp-image-2453\" srcset=\"https:\/\/emci.re\/wp-content\/uploads\/2021\/04\/SSR1-1-1024x768.jpg 1024w, https:\/\/emci.re\/wp-content\/uploads\/2021\/04\/SSR1-1-300x225.jpg 300w, https:\/\/emci.re\/wp-content\/uploads\/2021\/04\/SSR1-1-768x576.jpg 768w, https:\/\/emci.re\/wp-content\/uploads\/2021\/04\/SSR1-1-1536x1152.jpg 1536w, https:\/\/emci.re\/wp-content\/uploads\/2021\/04\/SSR1-1-380x285.jpg 380w, https:\/\/emci.re\/wp-content\/uploads\/2021\/04\/SSR1-1-285x214.jpg 285w, https:\/\/emci.re\/wp-content\/uploads\/2021\/04\/SSR1-1.jpg 2000w\" sizes=\"auto, (max-width: 1024px) 100vw, 1024px\" \/><\/figure>\n\n\n\n<figure class=\"wp-block-image size-large\"><img loading=\"lazy\" decoding=\"async\" width=\"1024\" height=\"768\" data-id=\"2451\" src=\"https:\/\/emci.re\/wp-content\/uploads\/2021\/04\/SSR5-1-1024x768.jpg\" alt=\"\" class=\"wp-image-2451\" srcset=\"https:\/\/emci.re\/wp-content\/uploads\/2021\/04\/SSR5-1-1024x768.jpg 1024w, https:\/\/emci.re\/wp-content\/uploads\/2021\/04\/SSR5-1-300x225.jpg 300w, https:\/\/emci.re\/wp-content\/uploads\/2021\/04\/SSR5-1-768x576.jpg 768w, https:\/\/emci.re\/wp-content\/uploads\/2021\/04\/SSR5-1-1536x1152.jpg 1536w, https:\/\/emci.re\/wp-content\/uploads\/2021\/04\/SSR5-1-380x285.jpg 380w, https:\/\/emci.re\/wp-content\/uploads\/2021\/04\/SSR5-1-285x214.jpg 285w, https:\/\/emci.re\/wp-content\/uploads\/2021\/04\/SSR5-1.jpg 2000w\" sizes=\"auto, (max-width: 1024px) 100vw, 1024px\" \/><\/figure>\n\n\n\n<figure class=\"wp-block-image size-large\"><img loading=\"lazy\" decoding=\"async\" width=\"1024\" height=\"766\" data-id=\"2448\" src=\"https:\/\/emci.re\/wp-content\/uploads\/2021\/04\/SSR2-1-1024x766.jpg\" alt=\"\" class=\"wp-image-2448\" srcset=\"https:\/\/emci.re\/wp-content\/uploads\/2021\/04\/SSR2-1-1024x766.jpg 1024w, https:\/\/emci.re\/wp-content\/uploads\/2021\/04\/SSR2-1-300x224.jpg 300w, https:\/\/emci.re\/wp-content\/uploads\/2021\/04\/SSR2-1-768x574.jpg 768w, https:\/\/emci.re\/wp-content\/uploads\/2021\/04\/SSR2-1-1536x1149.jpg 1536w, https:\/\/emci.re\/wp-content\/uploads\/2021\/04\/SSR2-1-380x285.jpg 380w, https:\/\/emci.re\/wp-content\/uploads\/2021\/04\/SSR2-1-285x214.jpg 285w, https:\/\/emci.re\/wp-content\/uploads\/2021\/04\/SSR2-1.jpg 2000w\" sizes=\"auto, (max-width: 1024px) 100vw, 1024px\" \/><\/figure>\n\n\n\n<figure class=\"wp-block-image size-large\"><img loading=\"lazy\" decoding=\"async\" width=\"1024\" height=\"766\" data-id=\"2449\" src=\"https:\/\/emci.re\/wp-content\/uploads\/2021\/04\/SSR3-1-1024x766.jpg\" alt=\"\" class=\"wp-image-2449\" srcset=\"https:\/\/emci.re\/wp-content\/uploads\/2021\/04\/SSR3-1-1024x766.jpg 1024w, https:\/\/emci.re\/wp-content\/uploads\/2021\/04\/SSR3-1-300x224.jpg 300w, https:\/\/emci.re\/wp-content\/uploads\/2021\/04\/SSR3-1-768x574.jpg 768w, https:\/\/emci.re\/wp-content\/uploads\/2021\/04\/SSR3-1-1536x1149.jpg 1536w, https:\/\/emci.re\/wp-content\/uploads\/2021\/04\/SSR3-1-380x285.jpg 380w, https:\/\/emci.re\/wp-content\/uploads\/2021\/04\/SSR3-1-285x214.jpg 285w, https:\/\/emci.re\/wp-content\/uploads\/2021\/04\/SSR3-1.jpg 2000w\" sizes=\"auto, (max-width: 1024px) 100vw, 1024px\" \/><\/figure>\n\n\n\n<figure class=\"wp-block-image size-large\"><img loading=\"lazy\" decoding=\"async\" width=\"1024\" height=\"766\" data-id=\"2450\" src=\"https:\/\/emci.re\/wp-content\/uploads\/2021\/04\/SSR4-1-1024x766.jpg\" alt=\"\" class=\"wp-image-2450\" srcset=\"https:\/\/emci.re\/wp-content\/uploads\/2021\/04\/SSR4-1-1024x766.jpg 1024w, https:\/\/emci.re\/wp-content\/uploads\/2021\/04\/SSR4-1-300x224.jpg 300w, https:\/\/emci.re\/wp-content\/uploads\/2021\/04\/SSR4-1-768x574.jpg 768w, https:\/\/emci.re\/wp-content\/uploads\/2021\/04\/SSR4-1-1536x1149.jpg 1536w, https:\/\/emci.re\/wp-content\/uploads\/2021\/04\/SSR4-1-380x285.jpg 380w, https:\/\/emci.re\/wp-content\/uploads\/2021\/04\/SSR4-1-285x214.jpg 285w, https:\/\/emci.re\/wp-content\/uploads\/2021\/04\/SSR4-1.jpg 2000w\" sizes=\"auto, (max-width: 1024px) 100vw, 1024px\" \/><\/figure>\n\n\n\n<figure class=\"wp-block-image size-large\"><img loading=\"lazy\" decoding=\"async\" width=\"1024\" height=\"766\" data-id=\"2452\" src=\"https:\/\/emci.re\/wp-content\/uploads\/2021\/04\/SSR6-1024x766.jpg\" alt=\"\" class=\"wp-image-2452\" srcset=\"https:\/\/emci.re\/wp-content\/uploads\/2021\/04\/SSR6-1024x766.jpg 1024w, https:\/\/emci.re\/wp-content\/uploads\/2021\/04\/SSR6-300x224.jpg 300w, https:\/\/emci.re\/wp-content\/uploads\/2021\/04\/SSR6-768x574.jpg 768w, https:\/\/emci.re\/wp-content\/uploads\/2021\/04\/SSR6-1536x1149.jpg 1536w, https:\/\/emci.re\/wp-content\/uploads\/2021\/04\/SSR6-380x285.jpg 380w, https:\/\/emci.re\/wp-content\/uploads\/2021\/04\/SSR6-285x214.jpg 285w, https:\/\/emci.re\/wp-content\/uploads\/2021\/04\/SSR6.jpg 2000w\" sizes=\"auto, (max-width: 1024px) 100vw, 1024px\" \/><\/figure>\n<\/figure>\n\n\n\n<figure class=\"wp-block-gallery has-nested-images columns-2 is-cropped wp-block-gallery-2 is-layout-flex wp-block-gallery-is-layout-flex\">\n<figure class=\"wp-block-image size-large\"><img loading=\"lazy\" decoding=\"async\" width=\"1024\" height=\"766\" data-id=\"3495\" src=\"https:\/\/emci.re\/wp-content\/uploads\/2024\/04\/BOOK-1024x766.jpg\" alt=\"\" class=\"wp-image-3495\" srcset=\"https:\/\/emci.re\/wp-content\/uploads\/2024\/04\/BOOK-1024x766.jpg 1024w, https:\/\/emci.re\/wp-content\/uploads\/2024\/04\/BOOK-300x224.jpg 300w, https:\/\/emci.re\/wp-content\/uploads\/2024\/04\/BOOK-768x574.jpg 768w, https:\/\/emci.re\/wp-content\/uploads\/2024\/04\/BOOK-380x285.jpg 380w, https:\/\/emci.re\/wp-content\/uploads\/2024\/04\/BOOK-285x214.jpg 285w, https:\/\/emci.re\/wp-content\/uploads\/2024\/04\/BOOK.jpg 1500w\" sizes=\"auto, (max-width: 1024px) 100vw, 1024px\" \/><\/figure>\n\n\n\n<figure class=\"wp-block-image size-large\"><img loading=\"lazy\" decoding=\"async\" width=\"765\" height=\"572\" data-id=\"1442\" src=\"https:\/\/emci.re\/wp-content\/uploads\/2020\/06\/IMG_20200429_114354_1-1.jpg\" alt=\"\" class=\"wp-image-1442\" srcset=\"https:\/\/emci.re\/wp-content\/uploads\/2020\/06\/IMG_20200429_114354_1-1.jpg 765w, https:\/\/emci.re\/wp-content\/uploads\/2020\/06\/IMG_20200429_114354_1-1-300x224.jpg 300w, https:\/\/emci.re\/wp-content\/uploads\/2020\/06\/IMG_20200429_114354_1-1-380x285.jpg 380w, https:\/\/emci.re\/wp-content\/uploads\/2020\/06\/IMG_20200429_114354_1-1-285x214.jpg 285w\" sizes=\"auto, (max-width: 765px) 100vw, 765px\" \/><figcaption class=\"wp-element-caption\">Chantier oct. 2020<\/figcaption><\/figure>\n\n\n\n<figure class=\"wp-block-image size-large\"><img loading=\"lazy\" decoding=\"async\" width=\"502\" height=\"334\" data-id=\"1448\" src=\"https:\/\/emci.re\/wp-content\/uploads\/2020\/06\/7-3.jpg\" alt=\"\" class=\"wp-image-1448\" srcset=\"https:\/\/emci.re\/wp-content\/uploads\/2020\/06\/7-3.jpg 502w, https:\/\/emci.re\/wp-content\/uploads\/2020\/06\/7-3-300x200.jpg 300w, https:\/\/emci.re\/wp-content\/uploads\/2020\/06\/7-3-380x254.jpg 380w, https:\/\/emci.re\/wp-content\/uploads\/2020\/06\/7-3-285x190.jpg 285w\" sizes=\"auto, (max-width: 502px) 100vw, 502px\" \/><figcaption class=\"wp-element-caption\">Vue a\u00e9rienne<\/figcaption><\/figure>\n<\/figure>\n\n\n\n<div class=\"wp-block-group\"><div class=\"wp-block-group__inner-container is-layout-flow wp-block-group-is-layout-flow\"><\/div><\/div>\n\n\n\n<!--more-->\n\n\n\n<p><\/p>\n<p>Views: 489<\/p>","protected":false},"excerpt":{"rendered":"<p>Secteur : Sant\u00e9 Mission&nbsp;: Mission de Maitrise d\u2019\u0153uvre pour la construction d&rsquo;une Clinique unit\u00e9 de soins de suite et de r\u00e9\u00e9ducation &#8211; Clinique Les Tamarins du Sud &#8211; Pierrefonds \/ Saint-Pierre \/ La R\u00e9union sur trois niveaux : &#8211; Le R-1 : cr\u00e9ation d&rsquo;un centre de r\u00e9\u00e9ducation fonctionnelle, d&rsquo;un h\u00f4pital de jour, d&rsquo;une baln\u00e9oth\u00e9rapie, d&rsquo;une<\/p>\n<p class=\"more-link\"><a href=\"https:\/\/emci.re\/?page_id=315\" class=\"themebutton\">Read More<\/a><\/p>\n","protected":false},"author":2,"featured_media":3493,"parent":1098,"menu_order":4,"comment_status":"closed","ping_status":"closed","template":"","meta":{"footnotes":""},"folder":[16],"class_list":["post-315","page","type-page","status-publish","has-post-thumbnail","hentry"],"_links":{"self":[{"href":"https:\/\/emci.re\/index.php?rest_route=\/wp\/v2\/pages\/315","targetHints":{"allow":["GET"]}}],"collection":[{"href":"https:\/\/emci.re\/index.php?rest_route=\/wp\/v2\/pages"}],"about":[{"href":"https:\/\/emci.re\/index.php?rest_route=\/wp\/v2\/types\/page"}],"author":[{"embeddable":true,"href":"https:\/\/emci.re\/index.php?rest_route=\/wp\/v2\/users\/2"}],"replies":[{"embeddable":true,"href":"https:\/\/emci.re\/index.php?rest_route=%2Fwp%2Fv2%2Fcomments&post=315"}],"version-history":[{"count":1,"href":"https:\/\/emci.re\/index.php?rest_route=\/wp\/v2\/pages\/315\/revisions"}],"predecessor-version":[{"id":3553,"href":"https:\/\/emci.re\/index.php?rest_route=\/wp\/v2\/pages\/315\/revisions\/3553"}],"up":[{"embeddable":true,"href":"https:\/\/emci.re\/index.php?rest_route=\/wp\/v2\/pages\/1098"}],"wp:featuredmedia":[{"embeddable":true,"href":"https:\/\/emci.re\/index.php?rest_route=\/wp\/v2\/media\/3493"}],"wp:attachment":[{"href":"https:\/\/emci.re\/index.php?rest_route=%2Fwp%2Fv2%2Fmedia&parent=315"}],"wp:term":[{"taxonomy":"folder","embeddable":true,"href":"https:\/\/emci.re\/index.php?rest_route=%2Fwp%2Fv2%2Ffolder&post=315"}],"curies":[{"name":"wp","href":"https:\/\/api.w.org\/{rel}","templated":true}]}}