{"id":3294,"date":"2023-10-13T11:11:25","date_gmt":"2023-10-13T07:11:25","guid":{"rendered":"https:\/\/emci.re\/?page_id=3294"},"modified":"2024-11-22T11:10:27","modified_gmt":"2024-11-22T07:10:27","slug":"charpente-bois-2","status":"publish","type":"page","link":"https:\/\/emci.re\/?page_id=3294","title":{"rendered":"CHARPENTE BOIS"},"content":{"rendered":"\n<p class=\"has-black-color has-light-green-cyan-background-color has-text-color has-background has-medium-font-size\"><strong>&nbsp;<em><u>R\u00c9NOVATION ET EXTENSION DE L\u2019A\u00c9ROPORT ROLAND GARROS \u2013 SAINTE MARIE<\/u><\/em><\/strong><\/p>\n\n\n\n<p><strong>Mission&nbsp;:<\/strong> Mission <strong>EXE<\/strong> pour la construction du &nbsp;Nouvel A\u00e9rogare Ouest (NAO) portant sur la r\u00e9novation de l\u2019a\u00e9rogare existant et la construction d\u2019une extension de l\u2019a\u00e9rogare passagers&nbsp;et des infrastructures c\u00f4t\u00e9 piste de l\u2019a\u00e9roport ROLAND GARROS \u2013 Sainte Marie &#8211; La R\u00e9union.<\/p>\n\n\n\n<p><strong>Montant Travaux HT&nbsp;<\/strong>:&nbsp; 52 000 000,00 \u20ac<\/p>\n\n\n\n<p><strong>SHOB Extension<\/strong>&nbsp;: 16&nbsp;142 m\u00b2 &nbsp;    <strong>SHOB R\u00e9habilitation<\/strong>&nbsp;: &nbsp;4 498 m\u00b2 <\/p>\n\n\n\n<p><strong>Maitre d\u2019ouvrage &#8211; Client : <\/strong>SA A\u00e9roport de La R\u00e9union \u2013 SBTPC \u2013 VINCI Construction<\/p>\n\n\n\n<p><strong>Maitres d\u2019\u0153uvre&nbsp;: <\/strong>AIA architectes et AIA ing\u00e9nierie&nbsp;; Oliver BRABANT Architecte<\/p>\n\n\n\n<p><strong>Avancement&nbsp;:<\/strong> Chantier en cours<\/p>\n\n\n\n<p>EMCI est intervenu&nbsp; dans un premier temps dans le cadre de l\u2019appel d\u2019offre aupr\u00e8s du groupement SBTPC\/CANC\u00c9\/ARBONIS (Gros \u0153uvre-Charpente M\u00e9tallique et Charpente Bois), pour la r\u00e9alisation du mod\u00e8le global de l\u2019A\u00e9rogare en vue de l\u2019optimisation de la structure.<\/p>\n\n\n\n<p><strong>Il s\u2019agit du 1<sup>er<\/sup> a\u00e9roport International bioclimatique en ventilation naturelle<\/strong>.<\/p>\n\n\n\n<p>Le groupement laur\u00e9at du march\u00e9 de travaux, a confi\u00e9 \u00e0 EMCI la r\u00e9alisation du mod\u00e8le global en phase EXE et l\u2019\u00e9tude de la structure b\u00e9ton arm\u00e9.<\/p>\n\n\n\n<ul class=\"wp-block-list\">\n<li>Mod\u00e9lisation Structure sur Robot (Gros-\u0153uvre \/ Charpente Bois &amp; M\u00e9tal)<\/li>\n\n\n\n<li>Descentes de charges avec calculs statiques et sismiques avec prise en compte de l&rsquo;Interaction Sol Structure (ISS) <\/li>\n\n\n\n<li>R\u00e9alisation du plancher haut rez de piste en plancher caisson (syst\u00e8me GEOPLAST)<\/li>\n<\/ul>\n\n\n\n<p><strong>Le plancher haut Rez de piste de dimension 65.00m*113.00m<\/strong> a \u00e9t\u00e9 r\u00e9alis\u00e9 en 4 blocs distincts : deux blocs de 35x65m, un bloc de 17x65m et un bloc de 26x65m environ.<\/p>\n\n\n\n<p>Le mode constructif retenu par l\u2019entreprise pour la r\u00e9alisation du plancher haut rez-de piste, est un plancher \u00e0 corps creux (<strong>syst\u00e8me G\u00e9oplast<\/strong>). Cette solution technique a \u00e9t\u00e9 retenue principalement pour optimiser les d\u00e9lais de r\u00e9alisations.&nbsp;<\/p>\n\n\n\n<p><\/p>\n\n\n\n<figure class=\"wp-block-gallery has-nested-images columns-2 is-cropped wp-block-gallery-1 is-layout-flex wp-block-gallery-is-layout-flex\">\n<figure class=\"wp-block-image size-large\"><img loading=\"lazy\" decoding=\"async\" width=\"1024\" height=\"768\" data-id=\"3274\" src=\"https:\/\/emci.re\/wp-content\/uploads\/2023\/09\/SEPT-2023-4-1024x768.jpg\" alt=\"\" class=\"wp-image-3274\" srcset=\"https:\/\/emci.re\/wp-content\/uploads\/2023\/09\/SEPT-2023-4-1024x768.jpg 1024w, https:\/\/emci.re\/wp-content\/uploads\/2023\/09\/SEPT-2023-4-300x225.jpg 300w, https:\/\/emci.re\/wp-content\/uploads\/2023\/09\/SEPT-2023-4-768x576.jpg 768w, https:\/\/emci.re\/wp-content\/uploads\/2023\/09\/SEPT-2023-4-1536x1152.jpg 1536w, https:\/\/emci.re\/wp-content\/uploads\/2023\/09\/SEPT-2023-4-380x285.jpg 380w, https:\/\/emci.re\/wp-content\/uploads\/2023\/09\/SEPT-2023-4-285x214.jpg 285w, https:\/\/emci.re\/wp-content\/uploads\/2023\/09\/SEPT-2023-4.jpg 1800w\" sizes=\"auto, (max-width: 1024px) 100vw, 1024px\" \/><figcaption class=\"wp-element-caption\">Chantier Juil. 2023 &#8211; B\u00e9ton \/ Charpente Bois\/M\u00e9tal<\/figcaption><\/figure>\n\n\n\n<figure class=\"wp-block-image size-large\"><img loading=\"lazy\" decoding=\"async\" width=\"1024\" height=\"768\" data-id=\"3228\" src=\"https:\/\/emci.re\/wp-content\/uploads\/2023\/07\/juillet-2023-5-1024x768.jpg\" alt=\"\" class=\"wp-image-3228\" srcset=\"https:\/\/emci.re\/wp-content\/uploads\/2023\/07\/juillet-2023-5-1024x768.jpg 1024w, https:\/\/emci.re\/wp-content\/uploads\/2023\/07\/juillet-2023-5-300x225.jpg 300w, https:\/\/emci.re\/wp-content\/uploads\/2023\/07\/juillet-2023-5-768x576.jpg 768w, https:\/\/emci.re\/wp-content\/uploads\/2023\/07\/juillet-2023-5-380x285.jpg 380w, https:\/\/emci.re\/wp-content\/uploads\/2023\/07\/juillet-2023-5-285x214.jpg 285w, https:\/\/emci.re\/wp-content\/uploads\/2023\/07\/juillet-2023-5.jpg 1500w\" sizes=\"auto, (max-width: 1024px) 100vw, 1024px\" \/><figcaption class=\"wp-element-caption\">Chantier Juil. 2023 &#8211; Charpente Bois\/M\u00e9tal<\/figcaption><\/figure>\n\n\n\n<figure class=\"wp-block-image size-large\"><img loading=\"lazy\" decoding=\"async\" width=\"1024\" height=\"768\" data-id=\"3398\" src=\"https:\/\/emci.re\/wp-content\/uploads\/2024\/02\/03-Fevr-2024-1024x768.jpg\" alt=\"\" class=\"wp-image-3398\" srcset=\"https:\/\/emci.re\/wp-content\/uploads\/2024\/02\/03-Fevr-2024-1024x768.jpg 1024w, https:\/\/emci.re\/wp-content\/uploads\/2024\/02\/03-Fevr-2024-300x225.jpg 300w, https:\/\/emci.re\/wp-content\/uploads\/2024\/02\/03-Fevr-2024-768x576.jpg 768w, https:\/\/emci.re\/wp-content\/uploads\/2024\/02\/03-Fevr-2024-1536x1152.jpg 1536w, https:\/\/emci.re\/wp-content\/uploads\/2024\/02\/03-Fevr-2024-380x285.jpg 380w, https:\/\/emci.re\/wp-content\/uploads\/2024\/02\/03-Fevr-2024-285x214.jpg 285w, https:\/\/emci.re\/wp-content\/uploads\/2024\/02\/03-Fevr-2024.jpg 1800w\" sizes=\"auto, (max-width: 1024px) 100vw, 1024px\" \/><\/figure>\n<\/figure>\n\n\n\n<p><\/p>\n\n\n\n<p class=\"has-light-green-cyan-background-color has-background has-medium-font-size\"><strong><em><u>SALLE POLYVALENTE \u2013 Commune de 3 BASSINS<\/u><\/em><\/strong><\/p>\n\n\n\n<p><strong>Mission&nbsp;:<\/strong> Mission de Maitrise d\u2019\u0153uvre Structure pour la construction d&rsquo;une salle polyvalente sur la place des festivit\u00e9s \u2013 Trois Bassins<\/p>\n\n\n\n<p>Le projet consiste \u00e0 cr\u00e9er un nouvel espace clos et couvert, conservant et int\u00e9grant la zone amphith\u00e9\u00e2tre d&rsquo;une capacit\u00e9 de 450 places assises ;<\/p>\n\n\n\n<ul class=\"wp-block-list\">\n<li>La r\u00e9habilitation des locaux existant ou la d\u00e9molition\/construction des espaces n\u00e9cessaires au bon fonctionnement de l\u2019\u00e9quipement ;<\/li>\n\n\n\n<li>La mise en conformit\u00e9 et l&rsquo;accessibilit\u00e9 : la mise en conformit\u00e9 r\u00e8glementaire concerne notamment les espaces et locaux accessibles au public afin de r\u00e9pondre aux normes PMR en vigueur ;<\/li>\n\n\n\n<li>La r\u00e9organisation fonctionnelle : la r\u00e9organisation fonctionnelle concerne le traitement de l&rsquo;existant afin de corriger les d\u00e9fauts de fonctionnement existants par exemple : le regroupement de fonction, la cr\u00e9ation d&rsquo;acc\u00e8s et\/ou de liaisons entre l&rsquo;existant et la construction neuve envisag\u00e9e ;<\/li>\n\n\n\n<li>La prise en compte du confort du public dans les choix des nouveaux mat\u00e9riaux d\u2019int\u00e9rieur ;<\/li>\n\n\n\n<li>L&rsquo;acquisition des \u00e9quipements sc\u00e9nique ;<\/li>\n\n\n\n<li>Le maintien et le r\u00e9am\u00e9nagement de l&rsquo;espace de p\u00e9tanque install\u00e9 sur site ;<\/li>\n\n\n\n<li>Le r\u00e9am\u00e9nagement du parking pr\u00e9sent sur site.<\/li>\n<\/ul>\n\n\n\n<p><strong>Montant Travaux <\/strong>: 1 810 000,00 \u20ac HT<\/p>\n\n\n\n<p><strong>SHOB<\/strong> : 1 500 m2<\/p>\n\n\n\n<p><strong>Maitre d\u2019ouvrage \/ Architecte<\/strong> : Commune de Trois Bassins \u2013 KHEPER Architecture<\/p>\n\n\n\n<p><strong>Livraison<\/strong>&nbsp;: Chantier en cours<\/p>\n\n\n<div class=\"wp-block-image\">\n<figure class=\"aligncenter size-large\"><img loading=\"lazy\" decoding=\"async\" width=\"1024\" height=\"461\" src=\"https:\/\/emci.re\/wp-content\/uploads\/2024\/11\/3-Bassins-Aout-2024-3-1024x461.jpg\" alt=\"\" class=\"wp-image-3675\" srcset=\"https:\/\/emci.re\/wp-content\/uploads\/2024\/11\/3-Bassins-Aout-2024-3-1024x461.jpg 1024w, https:\/\/emci.re\/wp-content\/uploads\/2024\/11\/3-Bassins-Aout-2024-3-300x135.jpg 300w, https:\/\/emci.re\/wp-content\/uploads\/2024\/11\/3-Bassins-Aout-2024-3-768x346.jpg 768w, https:\/\/emci.re\/wp-content\/uploads\/2024\/11\/3-Bassins-Aout-2024-3-1536x691.jpg 1536w, https:\/\/emci.re\/wp-content\/uploads\/2024\/11\/3-Bassins-Aout-2024-3.jpg 1800w\" sizes=\"auto, (max-width: 1024px) 100vw, 1024px\" \/><figcaption class=\"wp-element-caption\">                   <mark style=\"background-color:#ffffff\" class=\"has-inline-color has-black-color\"><em>Charpente lamell\u00e9-coll\u00e9 avec couverture en bac acier \u00e9tanch\u00e9 \u2013 bardage zinc<\/em><\/mark><\/figcaption><\/figure>\n<\/div>\n\n\n<figure class=\"wp-block-gallery has-nested-images columns-1 is-cropped wp-block-gallery-2 is-layout-flex wp-block-gallery-is-layout-flex\">\n<figure class=\"wp-block-image size-large\"><img loading=\"lazy\" decoding=\"async\" width=\"1024\" height=\"461\" data-id=\"3647\" src=\"https:\/\/emci.re\/wp-content\/uploads\/2024\/08\/3-bassins-juin-2024-3-1024x461.jpg\" alt=\"\" class=\"wp-image-3647\" srcset=\"https:\/\/emci.re\/wp-content\/uploads\/2024\/08\/3-bassins-juin-2024-3-1024x461.jpg 1024w, https:\/\/emci.re\/wp-content\/uploads\/2024\/08\/3-bassins-juin-2024-3-300x135.jpg 300w, https:\/\/emci.re\/wp-content\/uploads\/2024\/08\/3-bassins-juin-2024-3-768x346.jpg 768w, https:\/\/emci.re\/wp-content\/uploads\/2024\/08\/3-bassins-juin-2024-3-1536x691.jpg 1536w, https:\/\/emci.re\/wp-content\/uploads\/2024\/08\/3-bassins-juin-2024-3.jpg 1800w\" sizes=\"auto, (max-width: 1024px) 100vw, 1024px\" \/><\/figure>\n\n\n\n<figure class=\"wp-block-image size-large\"><img loading=\"lazy\" decoding=\"async\" width=\"872\" height=\"469\" data-id=\"3315\" src=\"https:\/\/emci.re\/wp-content\/uploads\/2023\/10\/1.jpg\" alt=\"\" class=\"wp-image-3315\" srcset=\"https:\/\/emci.re\/wp-content\/uploads\/2023\/10\/1.jpg 872w, https:\/\/emci.re\/wp-content\/uploads\/2023\/10\/1-300x161.jpg 300w, https:\/\/emci.re\/wp-content\/uploads\/2023\/10\/1-768x413.jpg 768w\" sizes=\"auto, (max-width: 872px) 100vw, 872px\" \/><figcaption class=\"wp-element-caption\"><strong><em><mark style=\"background-color:#000000\" class=\"has-inline-color has-white-color\">Charpente lamell\u00e9-coll\u00e9 avec couverture en bac acier \u00e9tanch\u00e9 \u2013 bardage zinc<\/mark><\/em><\/strong><\/figcaption><\/figure>\n\n\n\n<figure class=\"wp-block-image size-large\"><img loading=\"lazy\" decoding=\"async\" width=\"1024\" height=\"586\" data-id=\"3317\" src=\"https:\/\/emci.re\/wp-content\/uploads\/2023\/10\/Img-01-1024x586.jpg\" alt=\"\" class=\"wp-image-3317\" srcset=\"https:\/\/emci.re\/wp-content\/uploads\/2023\/10\/Img-01-1024x586.jpg 1024w, https:\/\/emci.re\/wp-content\/uploads\/2023\/10\/Img-01-300x172.jpg 300w, https:\/\/emci.re\/wp-content\/uploads\/2023\/10\/Img-01-768x439.jpg 768w, https:\/\/emci.re\/wp-content\/uploads\/2023\/10\/Img-01.jpg 1419w\" sizes=\"auto, (max-width: 1024px) 100vw, 1024px\" \/><\/figure>\n<\/figure>\n\n\n\n<p><\/p>\n\n\n\n<p><\/p>\n\n\n\n<p class=\"has-light-green-cyan-background-color has-background has-medium-font-size\"><strong><em><u>CARAMBOLE \u2013 SI\u00c8GE SOCIAL DU GROUPE LES FLAMBOYANTS AU PORT<\/u><\/em><\/strong><\/p>\n\n\n\n<p><strong>Mission : <\/strong>Mission de maitrise d\u2019\u0153uvre Structure pour la r\u00e9alisation d&rsquo;un b\u00e2timent R+5, regroupant diff\u00e9rentes fonctions : si\u00e8ge social du groupe Les Flamboyants, locaux commerciaux \u00e0 vocation m\u00e9dicale et param\u00e9dicale, cr\u00e8che, locaux de formation et autres bureaux.<\/p>\n\n\n\n<p>Les ouvrages ont \u00e9t\u00e9 dimensionn\u00e9s conform\u00e9ment \u00e0 la r\u00e8glementation sismique en vigueur pour les ouvrages de cat\u00e9gorie d\u2019importance III.<\/p>\n\n\n\n<p>L\u2019ensemble des travaux d\u2019infrastructure (deux niveaux de parking) ont \u00e9t\u00e9 r\u00e9alis\u00e9s dans une excavation de 7.00m de profondeur prot\u00e9g\u00e9e par une paroi clou\u00e9e en b\u00e9ton projet\u00e9. EMCI a r\u00e9alis\u00e9 le pr\u00e9dimensionnement et la ma\u00eetrise d\u2019\u0153uvre de cette paroi \u2013 Les calculs ont \u00e9t\u00e9 r\u00e9alis\u00e9s sur TALREN V5.<\/p>\n\n\n\n<p>Bois&nbsp;: Les protections solaires en fa\u00e7ade et en sur-toiture ont \u00e9t\u00e9 r\u00e9alis\u00e9es en bois lamell\u00e9 coll\u00e9 en Pin trait\u00e9 classe 4. Les ouvrages expos\u00e9s sont prot\u00e9g\u00e9s par des capotages en t\u00f4le<\/p>\n\n\n\n<p>Les toitures terrasses non techniques sont partiellement v\u00e9g\u00e9talis\u00e9es<\/p>\n\n\n\n<p><strong>Lieu :<\/strong>&nbsp; Le Port \u2013 La R\u00e9union<\/p>\n\n\n\n<p><strong>Montant Travaux HT <\/strong>: 11 273 240,00 \u20ac<\/p>\n\n\n\n<p><strong>SHOB<\/strong> : 13 579 m\u00b2<\/p>\n\n\n\n<p><strong>Maitre d\u2019ouvrage\/Architecte<\/strong> : SCI Savane \/ ARCH\u2019IMAGE \/ Architectes de l\u2019EPERON<\/p>\n\n\n\n<p><strong>Livraison :<\/strong> 2024<\/p>\n\n\n\n<figure class=\"wp-block-gallery has-nested-images columns-2 is-cropped wp-block-gallery-3 is-layout-flex wp-block-gallery-is-layout-flex\">\n<figure class=\"wp-block-image size-large\"><img loading=\"lazy\" decoding=\"async\" width=\"1024\" height=\"768\" data-id=\"3321\" src=\"https:\/\/emci.re\/wp-content\/uploads\/2023\/10\/1-1-1024x768.jpg\" alt=\"\" class=\"wp-image-3321\" srcset=\"https:\/\/emci.re\/wp-content\/uploads\/2023\/10\/1-1-1024x768.jpg 1024w, https:\/\/emci.re\/wp-content\/uploads\/2023\/10\/1-1-300x225.jpg 300w, https:\/\/emci.re\/wp-content\/uploads\/2023\/10\/1-1-768x576.jpg 768w, https:\/\/emci.re\/wp-content\/uploads\/2023\/10\/1-1-380x285.jpg 380w, https:\/\/emci.re\/wp-content\/uploads\/2023\/10\/1-1-285x214.jpg 285w, https:\/\/emci.re\/wp-content\/uploads\/2023\/10\/1-1.jpg 1256w\" sizes=\"auto, (max-width: 1024px) 100vw, 1024px\" \/><\/figure>\n\n\n\n<figure class=\"wp-block-image size-large\"><img loading=\"lazy\" decoding=\"async\" width=\"766\" height=\"1024\" data-id=\"3156\" src=\"https:\/\/emci.re\/wp-content\/uploads\/2023\/07\/IMG_20230705_113424_1-766x1024.jpg\" alt=\"\" class=\"wp-image-3156\" srcset=\"https:\/\/emci.re\/wp-content\/uploads\/2023\/07\/IMG_20230705_113424_1-766x1024.jpg 766w, https:\/\/emci.re\/wp-content\/uploads\/2023\/07\/IMG_20230705_113424_1-224x300.jpg 224w, https:\/\/emci.re\/wp-content\/uploads\/2023\/07\/IMG_20230705_113424_1-768x1027.jpg 768w, https:\/\/emci.re\/wp-content\/uploads\/2023\/07\/IMG_20230705_113424_1-1149x1536.jpg 1149w, https:\/\/emci.re\/wp-content\/uploads\/2023\/07\/IMG_20230705_113424_1.jpg 1346w\" sizes=\"auto, (max-width: 766px) 100vw, 766px\" \/><\/figure>\n\n\n\n<figure class=\"wp-block-image size-large\"><img loading=\"lazy\" decoding=\"async\" width=\"1024\" height=\"766\" data-id=\"3322\" src=\"https:\/\/emci.re\/wp-content\/uploads\/2023\/10\/IMG_20230705_115224_1-1024x766.jpg\" alt=\"\" class=\"wp-image-3322\" srcset=\"https:\/\/emci.re\/wp-content\/uploads\/2023\/10\/IMG_20230705_115224_1-1024x766.jpg 1024w, https:\/\/emci.re\/wp-content\/uploads\/2023\/10\/IMG_20230705_115224_1-300x224.jpg 300w, https:\/\/emci.re\/wp-content\/uploads\/2023\/10\/IMG_20230705_115224_1-768x574.jpg 768w, https:\/\/emci.re\/wp-content\/uploads\/2023\/10\/IMG_20230705_115224_1-1536x1149.jpg 1536w, https:\/\/emci.re\/wp-content\/uploads\/2023\/10\/IMG_20230705_115224_1-380x285.jpg 380w, https:\/\/emci.re\/wp-content\/uploads\/2023\/10\/IMG_20230705_115224_1-285x214.jpg 285w, https:\/\/emci.re\/wp-content\/uploads\/2023\/10\/IMG_20230705_115224_1.jpg 1800w\" sizes=\"auto, (max-width: 1024px) 100vw, 1024px\" \/><\/figure>\n<\/figure>\n\n\n\n<p><\/p>\n\n\n\n<p><\/p>\n\n\n\n<p class=\"has-light-green-cyan-background-color has-background has-medium-font-size\"><strong><em><u>CONSTRUCTION CLINIQUE TAMARINS SUD \u2013 SAINT PIERRE<\/u><\/em><\/strong><\/p>\n\n\n\n<p><strong>M<\/strong><strong>ission<\/strong>&nbsp;: Mission de Maitrise d\u2019\u0153uvre Structure pour la construction d&rsquo;une Clinique unit\u00e9 de soins de suite et de r\u00e9\u00e9ducation &#8211; Clinique Les Tamarins du Sud &#8211; Pierrefonds \/ Saint-Pierre<\/p>\n\n\n\n<p>Trois niveaux :<\/p>\n\n\n\n<p>&#8211; Le R-2 : cr\u00e9ation d&rsquo;un parking accessible au public de 81 places ; cr\u00e9ation de locaux de services (code du travail) lingerie, pharmacie, cuisine, vestiaire, cr\u00e9ation d&rsquo;une unit\u00e9 d&rsquo;h\u00e9bergement de 34 lits et d&rsquo;un espace de d\u00e9tente restauration.<\/p>\n\n\n\n<p>&#8211; Le R-1 et RdJ : cr\u00e9ation d&rsquo;un centre de r\u00e9\u00e9ducation fonctionnelle, d&rsquo;un h\u00f4pital de jour, d&rsquo;une baln\u00e9oth\u00e9rapie, d&rsquo;une unit\u00e9 d&rsquo;ergoth\u00e9rapie, d&rsquo;un restaurant, cr\u00e9ation d&rsquo;une unit\u00e9 d&rsquo;h\u00e9bergement de 34 lits et d&rsquo;un espace d\u00e9tente\/restauration.<\/p>\n\n\n\n<p>&#8211; Le RDC : cr\u00e9ation d&rsquo;une unit\u00e9 de r\u00e9\u00e9ducation fonctionnelle, des locaux d&rsquo;administration de la clinique (code du travail), cr\u00e9ation d&rsquo;une unit\u00e9 d&rsquo;h\u00e9bergement de 34 lits et d&rsquo;un espace d\u00e9tente\/restauration Conception et Construction d&rsquo;une Clinique unit\u00e9 de soins de suite et de r\u00e9\u00e9ducation.<\/p>\n\n\n\n<p>Les ouvrages ont \u00e9t\u00e9 dimensionn\u00e9s conform\u00e9ment \u00e0 la r\u00e8glementation sismique en vigueur pour les ouvrages de cat\u00e9gorie d\u2019importance III.<\/p>\n\n\n\n<p>L\u2019all\u00e9e centrale qui dessert les diff\u00e9rentes unit\u00e9s fonctionnelles de la clinique fait aux mat\u00e9riaux : b\u00e9ton, m\u00e9tal et bois lamell\u00e9 coll\u00e9.<\/p>\n\n\n\n<p>Le plancher RDJ est r\u00e9alis\u00e9 en structure mixte acier-b\u00e9ton. Le plancher est repris par l\u2019ossature verticale de charpente en BLC.&nbsp; L\u2019ensemble de la charpente ainsi que la structure du mur rideau de fa\u00e7ade sont r\u00e9alis\u00e9es en bois lamell\u00e9 coll\u00e9.<\/p>\n\n\n\n<p>Pour des raisons esth\u00e9tiques les assemblages Bois m\u00e9tal ont \u00e9t\u00e9 particuli\u00e8rement soign\u00e9s, et tous les assemblages bois sont r\u00e9alis\u00e9s dans l\u2019\u00e2me des sections.<\/p>\n\n\n\n<p><strong>Montant Travaux<\/strong> : 23&nbsp;507 000,00 \u20ac<\/p>\n\n\n\n<p><strong>Surface plancher&nbsp;<\/strong>: 22 764 m2<\/p>\n\n\n\n<p><strong>Maitre d\u2019ouvrage \/ Architecte <\/strong>: Groupe Les Flamboyants \u2013 Arch \u2019image<\/p>\n\n\n\n<p><strong>Livraison&nbsp;<\/strong>: 2021<\/p>\n\n\n\n<figure class=\"wp-block-gallery has-nested-images columns-2 is-cropped wp-block-gallery-4 is-layout-flex wp-block-gallery-is-layout-flex\">\n<figure class=\"wp-block-image size-large\"><img loading=\"lazy\" decoding=\"async\" width=\"1024\" height=\"766\" data-id=\"2449\" src=\"https:\/\/emci.re\/wp-content\/uploads\/2021\/04\/SSR3-1-1024x766.jpg\" alt=\"CLINIQUE TAMARINS SUD\" class=\"wp-image-2449\" srcset=\"https:\/\/emci.re\/wp-content\/uploads\/2021\/04\/SSR3-1-1024x766.jpg 1024w, https:\/\/emci.re\/wp-content\/uploads\/2021\/04\/SSR3-1-300x224.jpg 300w, https:\/\/emci.re\/wp-content\/uploads\/2021\/04\/SSR3-1-768x574.jpg 768w, https:\/\/emci.re\/wp-content\/uploads\/2021\/04\/SSR3-1-1536x1149.jpg 1536w, https:\/\/emci.re\/wp-content\/uploads\/2021\/04\/SSR3-1-380x285.jpg 380w, https:\/\/emci.re\/wp-content\/uploads\/2021\/04\/SSR3-1-285x214.jpg 285w, https:\/\/emci.re\/wp-content\/uploads\/2021\/04\/SSR3-1.jpg 2000w\" sizes=\"auto, (max-width: 1024px) 100vw, 1024px\" \/><\/figure>\n\n\n\n<figure class=\"wp-block-image size-full\"><img loading=\"lazy\" decoding=\"async\" width=\"866\" height=\"972\" data-id=\"3534\" src=\"https:\/\/emci.re\/wp-content\/uploads\/2024\/05\/Bois-0.jpg\" alt=\"\" class=\"wp-image-3534\" srcset=\"https:\/\/emci.re\/wp-content\/uploads\/2024\/05\/Bois-0.jpg 866w, https:\/\/emci.re\/wp-content\/uploads\/2024\/05\/Bois-0-267x300.jpg 267w, https:\/\/emci.re\/wp-content\/uploads\/2024\/05\/Bois-0-768x862.jpg 768w\" sizes=\"auto, (max-width: 866px) 100vw, 866px\" \/><\/figure>\n\n\n\n<figure class=\"wp-block-image size-full\"><img loading=\"lazy\" decoding=\"async\" width=\"845\" height=\"1129\" data-id=\"3538\" src=\"https:\/\/emci.re\/wp-content\/uploads\/2024\/05\/Bois-4.jpg\" alt=\"\" class=\"wp-image-3538\" srcset=\"https:\/\/emci.re\/wp-content\/uploads\/2024\/05\/Bois-4.jpg 845w, https:\/\/emci.re\/wp-content\/uploads\/2024\/05\/Bois-4-225x300.jpg 225w, https:\/\/emci.re\/wp-content\/uploads\/2024\/05\/Bois-4-766x1024.jpg 766w, https:\/\/emci.re\/wp-content\/uploads\/2024\/05\/Bois-4-768x1026.jpg 768w\" sizes=\"auto, (max-width: 845px) 100vw, 845px\" \/><\/figure>\n\n\n\n<figure class=\"wp-block-image size-full\"><img loading=\"lazy\" decoding=\"async\" width=\"1500\" height=\"1122\" data-id=\"3536\" src=\"https:\/\/emci.re\/wp-content\/uploads\/2024\/05\/Bois-5.jpg\" alt=\"\" class=\"wp-image-3536\" srcset=\"https:\/\/emci.re\/wp-content\/uploads\/2024\/05\/Bois-5.jpg 1500w, https:\/\/emci.re\/wp-content\/uploads\/2024\/05\/Bois-5-300x224.jpg 300w, https:\/\/emci.re\/wp-content\/uploads\/2024\/05\/Bois-5-1024x766.jpg 1024w, https:\/\/emci.re\/wp-content\/uploads\/2024\/05\/Bois-5-768x574.jpg 768w, https:\/\/emci.re\/wp-content\/uploads\/2024\/05\/Bois-5-380x285.jpg 380w, https:\/\/emci.re\/wp-content\/uploads\/2024\/05\/Bois-5-285x214.jpg 285w\" sizes=\"auto, (max-width: 1500px) 100vw, 1500px\" \/><\/figure>\n\n\n\n<figure class=\"wp-block-image size-large\"><img loading=\"lazy\" decoding=\"async\" width=\"1024\" height=\"766\" data-id=\"3495\" src=\"https:\/\/emci.re\/wp-content\/uploads\/2024\/04\/BOOK-1024x766.jpg\" alt=\"\" class=\"wp-image-3495\" srcset=\"https:\/\/emci.re\/wp-content\/uploads\/2024\/04\/BOOK-1024x766.jpg 1024w, https:\/\/emci.re\/wp-content\/uploads\/2024\/04\/BOOK-300x224.jpg 300w, https:\/\/emci.re\/wp-content\/uploads\/2024\/04\/BOOK-768x574.jpg 768w, https:\/\/emci.re\/wp-content\/uploads\/2024\/04\/BOOK-380x285.jpg 380w, https:\/\/emci.re\/wp-content\/uploads\/2024\/04\/BOOK-285x214.jpg 285w, https:\/\/emci.re\/wp-content\/uploads\/2024\/04\/BOOK.jpg 1500w\" sizes=\"auto, (max-width: 1024px) 100vw, 1024px\" \/><\/figure>\n\n\n\n<figure class=\"wp-block-image size-large\"><img loading=\"lazy\" decoding=\"async\" width=\"1024\" height=\"576\" data-id=\"3539\" src=\"https:\/\/emci.re\/wp-content\/uploads\/2024\/05\/IMG_20200429_114253_1-Copie-1024x576.jpg\" alt=\"\" class=\"wp-image-3539\" srcset=\"https:\/\/emci.re\/wp-content\/uploads\/2024\/05\/IMG_20200429_114253_1-Copie-1024x576.jpg 1024w, https:\/\/emci.re\/wp-content\/uploads\/2024\/05\/IMG_20200429_114253_1-Copie-300x169.jpg 300w, https:\/\/emci.re\/wp-content\/uploads\/2024\/05\/IMG_20200429_114253_1-Copie-768x432.jpg 768w, https:\/\/emci.re\/wp-content\/uploads\/2024\/05\/IMG_20200429_114253_1-Copie-1536x864.jpg 1536w, https:\/\/emci.re\/wp-content\/uploads\/2024\/05\/IMG_20200429_114253_1-Copie-2048x1152.jpg 2048w\" sizes=\"auto, (max-width: 1024px) 100vw, 1024px\" \/><\/figure>\n\n\n\n<figure class=\"wp-block-image size-full\"><img loading=\"lazy\" decoding=\"async\" width=\"800\" height=\"600\" data-id=\"3541\" src=\"https:\/\/emci.re\/wp-content\/uploads\/2024\/05\/new-Copie.jpeg\" alt=\"\" class=\"wp-image-3541\" srcset=\"https:\/\/emci.re\/wp-content\/uploads\/2024\/05\/new-Copie.jpeg 800w, https:\/\/emci.re\/wp-content\/uploads\/2024\/05\/new-Copie-300x225.jpeg 300w, https:\/\/emci.re\/wp-content\/uploads\/2024\/05\/new-Copie-768x576.jpeg 768w, https:\/\/emci.re\/wp-content\/uploads\/2024\/05\/new-Copie-380x285.jpeg 380w, https:\/\/emci.re\/wp-content\/uploads\/2024\/05\/new-Copie-285x214.jpeg 285w\" sizes=\"auto, (max-width: 800px) 100vw, 800px\" \/><\/figure>\n\n\n\n<figure class=\"wp-block-image size-full\"><img loading=\"lazy\" decoding=\"async\" width=\"1024\" height=\"591\" data-id=\"3493\" src=\"https:\/\/emci.re\/wp-content\/uploads\/2024\/04\/Clinique-TAMS-2024.jpg\" alt=\"\" class=\"wp-image-3493\" srcset=\"https:\/\/emci.re\/wp-content\/uploads\/2024\/04\/Clinique-TAMS-2024.jpg 1024w, https:\/\/emci.re\/wp-content\/uploads\/2024\/04\/Clinique-TAMS-2024-300x173.jpg 300w, https:\/\/emci.re\/wp-content\/uploads\/2024\/04\/Clinique-TAMS-2024-768x443.jpg 768w\" sizes=\"auto, (max-width: 1024px) 100vw, 1024px\" \/><\/figure>\n<\/figure>\n\n\n\n<p><\/p>\n<p>Views: 428<\/p>","protected":false},"excerpt":{"rendered":"<p>&nbsp;R\u00c9NOVATION ET EXTENSION DE L\u2019A\u00c9ROPORT ROLAND GARROS \u2013 SAINTE MARIE Mission&nbsp;: Mission EXE pour la construction du &nbsp;Nouvel A\u00e9rogare Ouest (NAO) portant sur la r\u00e9novation de l\u2019a\u00e9rogare existant et la construction d\u2019une extension de l\u2019a\u00e9rogare passagers&nbsp;et des infrastructures c\u00f4t\u00e9 piste de l\u2019a\u00e9roport ROLAND GARROS \u2013 Sainte Marie &#8211; La R\u00e9union. Montant Travaux HT&nbsp;:&nbsp; 52 000<\/p>\n<p class=\"more-link\"><a href=\"https:\/\/emci.re\/?page_id=3294\" class=\"themebutton\">Read More<\/a><\/p>\n","protected":false},"author":2,"featured_media":0,"parent":18,"menu_order":10,"comment_status":"closed","ping_status":"closed","template":"","meta":{"footnotes":""},"folder":[],"class_list":["post-3294","page","type-page","status-publish","hentry"],"_links":{"self":[{"href":"https:\/\/emci.re\/index.php?rest_route=\/wp\/v2\/pages\/3294","targetHints":{"allow":["GET"]}}],"collection":[{"href":"https:\/\/emci.re\/index.php?rest_route=\/wp\/v2\/pages"}],"about":[{"href":"https:\/\/emci.re\/index.php?rest_route=\/wp\/v2\/types\/page"}],"author":[{"embeddable":true,"href":"https:\/\/emci.re\/index.php?rest_route=\/wp\/v2\/users\/2"}],"replies":[{"embeddable":true,"href":"https:\/\/emci.re\/index.php?rest_route=%2Fwp%2Fv2%2Fcomments&post=3294"}],"version-history":[{"count":5,"href":"https:\/\/emci.re\/index.php?rest_route=\/wp\/v2\/pages\/3294\/revisions"}],"predecessor-version":[{"id":3708,"href":"https:\/\/emci.re\/index.php?rest_route=\/wp\/v2\/pages\/3294\/revisions\/3708"}],"up":[{"embeddable":true,"href":"https:\/\/emci.re\/index.php?rest_route=\/wp\/v2\/pages\/18"}],"wp:attachment":[{"href":"https:\/\/emci.re\/index.php?rest_route=%2Fwp%2Fv2%2Fmedia&parent=3294"}],"wp:term":[{"taxonomy":"folder","embeddable":true,"href":"https:\/\/emci.re\/index.php?rest_route=%2Fwp%2Fv2%2Ffolder&post=3294"}],"curies":[{"name":"wp","href":"https:\/\/api.w.org\/{rel}","templated":true}]}}