{"id":413,"date":"2019-01-19T00:10:57","date_gmt":"2019-01-18T23:10:57","guid":{"rendered":"https:\/\/emci.re\/?page_id=413"},"modified":"2026-02-19T17:23:36","modified_gmt":"2026-02-19T13:23:36","slug":"le-cadre-2","status":"publish","type":"page","link":"https:\/\/emci.re\/?page_id=413","title":{"rendered":"Le cadre"},"content":{"rendered":"\n<h2 class=\"wp-block-heading\">Situ\u00e9 au c\u0153ur de la Technopole de   Saint Denis de la R\u00e9union <\/h2>\n\n\n\n<p>Implant\u00e9 au c\u0153ur de la Technopole de la R\u00e9union \u00e0 Sainte Clotilde, \u00e0 5 minutes de l\u2019a\u00e9roport Roland Garros, nous sommes \u00e0 proximit\u00e9 imm\u00e9diate de nos clients et partenaires.<\/p>\n\n\n\n<div class=\"wp-block-group\"><div class=\"wp-block-group__inner-container is-layout-flow wp-block-group-is-layout-flow\">\n<div class=\"wp-block-group\"><div class=\"wp-block-group__inner-container is-layout-flow wp-block-group-is-layout-flow\">\n<figure class=\"wp-block-gallery has-nested-images columns-5 is-cropped wp-block-gallery-1 is-layout-flex wp-block-gallery-is-layout-flex\">\n<figure class=\"wp-block-image size-large\"><img loading=\"lazy\" decoding=\"async\" width=\"803\" height=\"733\" data-id=\"1771\" src=\"https:\/\/emci.re\/wp-content\/uploads\/2020\/06\/EMCI-Google-map-5.png\" alt=\"\" class=\"wp-image-1771\" srcset=\"https:\/\/emci.re\/wp-content\/uploads\/2020\/06\/EMCI-Google-map-5.png 803w, https:\/\/emci.re\/wp-content\/uploads\/2020\/06\/EMCI-Google-map-5-300x274.png 300w, https:\/\/emci.re\/wp-content\/uploads\/2020\/06\/EMCI-Google-map-5-768x701.png 768w\" sizes=\"auto, (max-width: 803px) 100vw, 803px\" \/><\/figure>\n\n\n\n<figure class=\"wp-block-image size-large\"><img loading=\"lazy\" decoding=\"async\" width=\"470\" height=\"500\" data-id=\"1772\" src=\"https:\/\/emci.re\/wp-content\/uploads\/2020\/06\/EMCI-vue-a\u00e9rienne-avec-Logo-EMCI-compressed.jpg\" alt=\"\" class=\"wp-image-1772\" srcset=\"https:\/\/emci.re\/wp-content\/uploads\/2020\/06\/EMCI-vue-a\u00e9rienne-avec-Logo-EMCI-compressed.jpg 470w, https:\/\/emci.re\/wp-content\/uploads\/2020\/06\/EMCI-vue-a\u00e9rienne-avec-Logo-EMCI-compressed-282x300.jpg 282w\" sizes=\"auto, (max-width: 470px) 100vw, 470px\" \/><\/figure>\n\n\n\n<figure class=\"wp-block-image size-large\"><img loading=\"lazy\" decoding=\"async\" width=\"1024\" height=\"766\" data-id=\"2387\" src=\"https:\/\/emci.re\/wp-content\/uploads\/2020\/11\/Flamboyant-1024x766.jpg\" alt=\"\" class=\"wp-image-2387\" srcset=\"https:\/\/emci.re\/wp-content\/uploads\/2020\/11\/Flamboyant-1024x766.jpg 1024w, https:\/\/emci.re\/wp-content\/uploads\/2020\/11\/Flamboyant-300x224.jpg 300w, https:\/\/emci.re\/wp-content\/uploads\/2020\/11\/Flamboyant-768x574.jpg 768w, https:\/\/emci.re\/wp-content\/uploads\/2020\/11\/Flamboyant-380x285.jpg 380w, https:\/\/emci.re\/wp-content\/uploads\/2020\/11\/Flamboyant-285x214.jpg 285w, https:\/\/emci.re\/wp-content\/uploads\/2020\/11\/Flamboyant.jpg 1280w\" sizes=\"auto, (max-width: 1024px) 100vw, 1024px\" \/><\/figure>\n\n\n\n<figure class=\"wp-block-image size-large\"><img loading=\"lazy\" decoding=\"async\" width=\"480\" height=\"640\" data-id=\"1808\" src=\"https:\/\/emci.re\/wp-content\/uploads\/2020\/06\/IMG_0708-Copie-1-rotated.jpg\" alt=\"\" class=\"wp-image-1808\" srcset=\"https:\/\/emci.re\/wp-content\/uploads\/2020\/06\/IMG_0708-Copie-1-rotated.jpg 480w, https:\/\/emci.re\/wp-content\/uploads\/2020\/06\/IMG_0708-Copie-1-225x300.jpg 225w\" sizes=\"auto, (max-width: 480px) 100vw, 480px\" \/><\/figure>\n\n\n\n<figure class=\"wp-block-image size-large\"><img loading=\"lazy\" decoding=\"async\" width=\"480\" height=\"640\" data-id=\"1807\" src=\"https:\/\/emci.re\/wp-content\/uploads\/2020\/06\/IMG_0704-6-rotated.jpg\" alt=\"\" class=\"wp-image-1807\" srcset=\"https:\/\/emci.re\/wp-content\/uploads\/2020\/06\/IMG_0704-6-rotated.jpg 480w, https:\/\/emci.re\/wp-content\/uploads\/2020\/06\/IMG_0704-6-225x300.jpg 225w\" sizes=\"auto, (max-width: 480px) 100vw, 480px\" \/><\/figure>\n<\/figure>\n<\/div><\/div>\n<\/div><\/div>\n\n\n\n<h2 class=\"wp-block-heading\">Id\u00e9alement situ\u00e9s, nos bureaux sont faciles d&rsquo;acc\u00e8s. <\/h2>\n\n\n\n<iframe loading=\"lazy\" src=\"https:\/\/www.google.com\/maps\/embed?pb=!1m18!1m12!1m3!1d29816.612650208313!2d55.470708820956546!3d-20.90923840288483!2m3!1f0!2f0!3f0!3m2!1i1024!2i768!4f13.1!3m3!1m2!1s0x2178813738a33c3f%3A0xe73f769928a1c4e!2sEMCI!5e0!3m2!1sen!2sfr!4v1584814193189!5m2!1sen!2sfr\" style=\"border:0;\" allowfullscreen=\"\" aria-hidden=\"false\" tabindex=\"0\" width=\"600\" height=\"450\" frameborder=\"0\"><\/iframe>\n\n\n\n<br><br>\n\n\n\n<h2 class=\"wp-block-heading\">Des locaux agr\u00e9ables et fonctionnels<\/h2>\n\n\n\n<div class=\"wp-block-group\"><div class=\"wp-block-group__inner-container is-layout-flow wp-block-group-is-layout-flow\">\n<div class=\"wp-block-group\"><div class=\"wp-block-group__inner-container is-layout-flow wp-block-group-is-layout-flow\">\n<div class=\"wp-block-group\"><div class=\"wp-block-group__inner-container is-layout-flow wp-block-group-is-layout-flow\">\n<figure class=\"wp-block-gallery aligncenter has-nested-images columns-8 is-cropped wp-block-gallery-2 is-layout-flex wp-block-gallery-is-layout-flex\">\n<figure class=\"wp-block-image size-large\"><img loading=\"lazy\" decoding=\"async\" width=\"480\" height=\"640\" data-id=\"1808\" src=\"https:\/\/emci.re\/wp-content\/uploads\/2020\/06\/IMG_0708-Copie-1-rotated.jpg\" alt=\"\" class=\"wp-image-1808\" srcset=\"https:\/\/emci.re\/wp-content\/uploads\/2020\/06\/IMG_0708-Copie-1-rotated.jpg 480w, https:\/\/emci.re\/wp-content\/uploads\/2020\/06\/IMG_0708-Copie-1-225x300.jpg 225w\" sizes=\"auto, (max-width: 480px) 100vw, 480px\" \/><\/figure>\n\n\n\n<figure class=\"wp-block-image size-large\"><img loading=\"lazy\" decoding=\"async\" width=\"640\" height=\"480\" data-id=\"1809\" src=\"https:\/\/emci.re\/wp-content\/uploads\/2020\/06\/IMG_0707-3.jpg\" alt=\"\" class=\"wp-image-1809\" srcset=\"https:\/\/emci.re\/wp-content\/uploads\/2020\/06\/IMG_0707-3.jpg 640w, https:\/\/emci.re\/wp-content\/uploads\/2020\/06\/IMG_0707-3-300x225.jpg 300w, https:\/\/emci.re\/wp-content\/uploads\/2020\/06\/IMG_0707-3-380x285.jpg 380w, https:\/\/emci.re\/wp-content\/uploads\/2020\/06\/IMG_0707-3-285x214.jpg 285w\" sizes=\"auto, (max-width: 640px) 100vw, 640px\" \/><\/figure>\n\n\n\n<figure class=\"wp-block-image size-large\"><img loading=\"lazy\" decoding=\"async\" width=\"640\" height=\"480\" data-id=\"1810\" src=\"https:\/\/emci.re\/wp-content\/uploads\/2020\/06\/IMG_0703-4.jpg\" alt=\"\" class=\"wp-image-1810\" srcset=\"https:\/\/emci.re\/wp-content\/uploads\/2020\/06\/IMG_0703-4.jpg 640w, https:\/\/emci.re\/wp-content\/uploads\/2020\/06\/IMG_0703-4-300x225.jpg 300w, https:\/\/emci.re\/wp-content\/uploads\/2020\/06\/IMG_0703-4-380x285.jpg 380w, https:\/\/emci.re\/wp-content\/uploads\/2020\/06\/IMG_0703-4-285x214.jpg 285w\" sizes=\"auto, (max-width: 640px) 100vw, 640px\" \/><\/figure>\n\n\n\n<figure class=\"wp-block-image size-large\"><img loading=\"lazy\" decoding=\"async\" width=\"640\" height=\"480\" data-id=\"1812\" src=\"https:\/\/emci.re\/wp-content\/uploads\/2020\/06\/IMG_0776-1.jpg\" alt=\"\" class=\"wp-image-1812\" srcset=\"https:\/\/emci.re\/wp-content\/uploads\/2020\/06\/IMG_0776-1.jpg 640w, https:\/\/emci.re\/wp-content\/uploads\/2020\/06\/IMG_0776-1-300x225.jpg 300w, https:\/\/emci.re\/wp-content\/uploads\/2020\/06\/IMG_0776-1-380x285.jpg 380w, https:\/\/emci.re\/wp-content\/uploads\/2020\/06\/IMG_0776-1-285x214.jpg 285w\" sizes=\"auto, (max-width: 640px) 100vw, 640px\" \/><\/figure>\n\n\n\n<figure class=\"wp-block-image size-large\"><img loading=\"lazy\" decoding=\"async\" width=\"640\" height=\"480\" data-id=\"1813\" src=\"https:\/\/emci.re\/wp-content\/uploads\/2020\/06\/IMG_0701.jpg\" alt=\"\" class=\"wp-image-1813\" srcset=\"https:\/\/emci.re\/wp-content\/uploads\/2020\/06\/IMG_0701.jpg 640w, https:\/\/emci.re\/wp-content\/uploads\/2020\/06\/IMG_0701-300x225.jpg 300w, https:\/\/emci.re\/wp-content\/uploads\/2020\/06\/IMG_0701-380x285.jpg 380w, https:\/\/emci.re\/wp-content\/uploads\/2020\/06\/IMG_0701-285x214.jpg 285w\" sizes=\"auto, (max-width: 640px) 100vw, 640px\" \/><\/figure>\n\n\n\n<figure class=\"wp-block-image size-large\"><img loading=\"lazy\" decoding=\"async\" width=\"640\" height=\"480\" data-id=\"1814\" src=\"https:\/\/emci.re\/wp-content\/uploads\/2020\/06\/IMG_0697-1.jpg\" alt=\"\" class=\"wp-image-1814\" srcset=\"https:\/\/emci.re\/wp-content\/uploads\/2020\/06\/IMG_0697-1.jpg 640w, https:\/\/emci.re\/wp-content\/uploads\/2020\/06\/IMG_0697-1-300x225.jpg 300w, https:\/\/emci.re\/wp-content\/uploads\/2020\/06\/IMG_0697-1-380x285.jpg 380w, https:\/\/emci.re\/wp-content\/uploads\/2020\/06\/IMG_0697-1-285x214.jpg 285w\" sizes=\"auto, (max-width: 640px) 100vw, 640px\" \/><\/figure>\n\n\n\n<figure class=\"wp-block-image size-large\"><img loading=\"lazy\" decoding=\"async\" width=\"320\" height=\"240\" data-id=\"1816\" src=\"https:\/\/emci.re\/wp-content\/uploads\/2020\/06\/IMG_0695.jpg\" alt=\"\" class=\"wp-image-1816\" srcset=\"https:\/\/emci.re\/wp-content\/uploads\/2020\/06\/IMG_0695.jpg 320w, https:\/\/emci.re\/wp-content\/uploads\/2020\/06\/IMG_0695-300x225.jpg 300w, https:\/\/emci.re\/wp-content\/uploads\/2020\/06\/IMG_0695-285x214.jpg 285w\" sizes=\"auto, (max-width: 320px) 100vw, 320px\" \/><\/figure>\n\n\n\n<figure class=\"wp-block-image size-large\"><img loading=\"lazy\" decoding=\"async\" width=\"640\" height=\"480\" data-id=\"1811\" src=\"https:\/\/emci.re\/wp-content\/uploads\/2020\/06\/IMG_0687-2.jpg\" alt=\"\" class=\"wp-image-1811\" srcset=\"https:\/\/emci.re\/wp-content\/uploads\/2020\/06\/IMG_0687-2.jpg 640w, https:\/\/emci.re\/wp-content\/uploads\/2020\/06\/IMG_0687-2-300x225.jpg 300w, https:\/\/emci.re\/wp-content\/uploads\/2020\/06\/IMG_0687-2-380x285.jpg 380w, https:\/\/emci.re\/wp-content\/uploads\/2020\/06\/IMG_0687-2-285x214.jpg 285w\" sizes=\"auto, (max-width: 640px) 100vw, 640px\" \/><\/figure>\n<\/figure>\n<\/div><\/div>\n<\/div><\/div>\n<\/div><\/div>\n\n\n\n<div class=\"wp-block-group\"><div class=\"wp-block-group__inner-container is-layout-flow wp-block-group-is-layout-flow\">\n<br><br>\n<\/div><\/div>\n\n\n\n<h2 class=\"wp-block-heading\">Une suite compl\u00e8te d&rsquo;outils performants<\/h2>\n\n\n\n<div class=\"wp-block-columns has-3-columns is-layout-flex wp-container-core-columns-is-layout-9d6595d7 wp-block-columns-is-layout-flex\">\n<div class=\"wp-block-column is-layout-flow wp-block-column-is-layout-flow\" style=\"flex-basis:0%\"><\/div>\n\n\n\n<div class=\"wp-block-column is-vertically-aligned-center is-layout-flow wp-block-column-is-layout-flow\" style=\"flex-basis:9.8%\">\n<div class=\"wp-block-group\"><div class=\"wp-block-group__inner-container is-layout-flow wp-block-group-is-layout-flow\"><\/div><\/div>\n\n\n\n<p><\/p>\n<\/div>\n\n\n\n<div class=\"wp-block-column is-layout-flow wp-block-column-is-layout-flow\">\n<blockquote class=\"wp-block-quote has-text-align-left is-style-default is-layout-flow wp-block-quote-is-layout-flow\">\n<p>Interaction sol-structure, calcul des structures aux \u00e9l\u00e9ments finis, mod\u00e9lisation statique, sismique , effets du second ordre&#8230;<\/p>\n<cite><strong>SCIA ENGINEER<\/strong><\/cite><\/blockquote>\n\n\n\n<blockquote class=\"wp-block-quote is-layout-flow wp-block-quote-is-layout-flow\">\n<p>Fondations sp\u00e9ciales et renforcement de sol. <\/p>\n<cite><strong>TERRASOL &#8211; TALREN V5  et FOXTA V3<\/strong><\/cite><\/blockquote>\n\n\n\n<blockquote class=\"wp-block-quote is-layout-flow wp-block-quote-is-layout-flow\">\n<p>Dessin &#8211; Mod\u00e9lisation 3D<\/p>\n<cite><strong>AUTODESK &#8211; REVIT \/\/ PROGISCAD &#8211; ADCOF et AFDER<\/strong><\/cite><\/blockquote>\n\n\n\n<blockquote class=\"wp-block-quote is-layout-flow wp-block-quote-is-layout-flow\">\n<p>Calcul dynamique et Parasismique  &#8211; Mod\u00e9lisation aux \u00e9l\u00e9ments finis <\/p>\n<cite><strong>AUTODESK &#8211; ROBOT Version 202<\/strong>6<\/cite><\/blockquote>\n\n\n\n<p><\/p>\n\n\n\n<p><\/p>\n<\/div>\n<\/div>\n\n\n\n<p><\/p>\n<p>Views: 1451<\/p>","protected":false},"excerpt":{"rendered":"<p>Situ\u00e9 au c\u0153ur de la Technopole de Saint Denis de la R\u00e9union Implant\u00e9 au c\u0153ur de la Technopole de la R\u00e9union \u00e0 Sainte Clotilde, \u00e0 5 minutes de l\u2019a\u00e9roport Roland Garros, nous sommes \u00e0 proximit\u00e9 imm\u00e9diate de nos clients et partenaires. Id\u00e9alement situ\u00e9s, nos bureaux sont faciles d&rsquo;acc\u00e8s. Des locaux agr\u00e9ables et fonctionnels Une suite<\/p>\n<p class=\"more-link\"><a href=\"https:\/\/emci.re\/?page_id=413\" class=\"themebutton\">Read More<\/a><\/p>\n","protected":false},"author":1,"featured_media":1830,"parent":9,"menu_order":1,"comment_status":"closed","ping_status":"closed","template":"","meta":{"footnotes":""},"folder":[],"class_list":["post-413","page","type-page","status-publish","has-post-thumbnail","hentry"],"_links":{"self":[{"href":"https:\/\/emci.re\/index.php?rest_route=\/wp\/v2\/pages\/413","targetHints":{"allow":["GET"]}}],"collection":[{"href":"https:\/\/emci.re\/index.php?rest_route=\/wp\/v2\/pages"}],"about":[{"href":"https:\/\/emci.re\/index.php?rest_route=\/wp\/v2\/types\/page"}],"author":[{"embeddable":true,"href":"https:\/\/emci.re\/index.php?rest_route=\/wp\/v2\/users\/1"}],"replies":[{"embeddable":true,"href":"https:\/\/emci.re\/index.php?rest_route=%2Fwp%2Fv2%2Fcomments&post=413"}],"version-history":[{"count":3,"href":"https:\/\/emci.re\/index.php?rest_route=\/wp\/v2\/pages\/413\/revisions"}],"predecessor-version":[{"id":3865,"href":"https:\/\/emci.re\/index.php?rest_route=\/wp\/v2\/pages\/413\/revisions\/3865"}],"up":[{"embeddable":true,"href":"https:\/\/emci.re\/index.php?rest_route=\/wp\/v2\/pages\/9"}],"wp:featuredmedia":[{"embeddable":true,"href":"https:\/\/emci.re\/index.php?rest_route=\/wp\/v2\/media\/1830"}],"wp:attachment":[{"href":"https:\/\/emci.re\/index.php?rest_route=%2Fwp%2Fv2%2Fmedia&parent=413"}],"wp:term":[{"taxonomy":"folder","embeddable":true,"href":"https:\/\/emci.re\/index.php?rest_route=%2Fwp%2Fv2%2Ffolder&post=413"}],"curies":[{"name":"wp","href":"https:\/\/api.w.org\/{rel}","templated":true}]}}