{"id":633,"date":"2020-02-04T06:27:40","date_gmt":"2020-02-04T05:27:40","guid":{"rendered":"https:\/\/emci.re\/?page_id=633"},"modified":"2024-05-28T14:53:03","modified_gmt":"2024-05-28T10:53:03","slug":"genie-civil-station-de-potabilisation-du-gros-faham","status":"publish","type":"page","link":"https:\/\/emci.re\/?page_id=633","title":{"rendered":"\u25ab\ufe0f Station de potabilisation du Gros Faham"},"content":{"rendered":"\n<p><strong>Mission :<\/strong> Mission EXE G\u00e9nie Civil pour la r\u00e9alisation d&rsquo;une station de potabilisation situ\u00e9e entre le brise charge du Bras de Lianes et les r\u00e9servoirs de Bellevue \u2013 Le B\u00e2timent est en R+1 avec un niveau de sous-sol &#8211; Bras Panon &#8211; La R\u00e9union<\/p>\n\n\n\n<p> <strong>Montant Travaux HT<\/strong> : 5 210 000,00\u20ac TCE \/ 2 240 000,00\u20ac GC<\/p>\n\n\n\n<p><strong> Maitre d\u2019ouvrage \u2013 Clien<\/strong>t : Commune de Bras Panon \/ GTOI<\/p>\n\n\n\n<p><strong> Livraison <\/strong>: D\u00e9cembre 2019<\/p>\n\n\n\n<p><strong>Secteur :<\/strong> G\u00e9nie Civil<\/p>\n\n\n\n<figure class=\"wp-block-gallery has-nested-images columns-default is-cropped wp-block-gallery-1 is-layout-flex wp-block-gallery-is-layout-flex\">\n<figure class=\"wp-block-image size-large\"><img decoding=\"async\" src=\"https:\/\/emci.re\/wp-content\/uploads\/2020\/07\/Insertion-2.jpg\" alt=\"\"\/><\/figure>\n\n\n\n<figure class=\"wp-block-image size-large\"><img loading=\"lazy\" decoding=\"async\" width=\"905\" height=\"592\" data-id=\"1994\" src=\"https:\/\/emci.re\/wp-content\/uploads\/2020\/07\/1-2.jpg\" alt=\"STATION DE POTABILISATION DU GROS FAHAM\" class=\"wp-image-1994\" srcset=\"https:\/\/emci.re\/wp-content\/uploads\/2020\/07\/1-2.jpg 905w, https:\/\/emci.re\/wp-content\/uploads\/2020\/07\/1-2-300x196.jpg 300w, https:\/\/emci.re\/wp-content\/uploads\/2020\/07\/1-2-768x502.jpg 768w\" sizes=\"auto, (max-width: 905px) 100vw, 905px\" \/><\/figure>\n\n\n\n<figure class=\"wp-block-image size-large\"><img loading=\"lazy\" decoding=\"async\" width=\"780\" height=\"620\" data-id=\"1995\" src=\"https:\/\/emci.re\/wp-content\/uploads\/2020\/07\/2-2.jpg\" alt=\"STATION DE POTABILISATION DU GROS FAHAM\" class=\"wp-image-1995\" srcset=\"https:\/\/emci.re\/wp-content\/uploads\/2020\/07\/2-2.jpg 780w, https:\/\/emci.re\/wp-content\/uploads\/2020\/07\/2-2-300x238.jpg 300w, https:\/\/emci.re\/wp-content\/uploads\/2020\/07\/2-2-768x610.jpg 768w\" sizes=\"auto, (max-width: 780px) 100vw, 780px\" \/><\/figure>\n<\/figure>\n\n\n\n<!--more-->\n\n\n\n<p><br><\/p>\n\n\n\n<p><strong> <\/strong><\/p>\n<p>Views: 159<\/p>","protected":false},"excerpt":{"rendered":"<p>Mission : Mission EXE G\u00e9nie Civil pour la r\u00e9alisation d&rsquo;une station de potabilisation situ\u00e9e entre le brise charge du Bras de Lianes et les r\u00e9servoirs de Bellevue \u2013 Le B\u00e2timent est en R+1 avec un niveau de sous-sol &#8211; Bras Panon &#8211; La R\u00e9union Montant Travaux HT : 5 210 000,00\u20ac TCE \/ 2 240<\/p>\n<p class=\"more-link\"><a href=\"https:\/\/emci.re\/?page_id=633\" class=\"themebutton\">Read More<\/a><\/p>\n","protected":false},"author":2,"featured_media":1998,"parent":1084,"menu_order":4,"comment_status":"closed","ping_status":"closed","template":"","meta":{"footnotes":""},"folder":[18],"class_list":["post-633","page","type-page","status-publish","has-post-thumbnail","hentry"],"_links":{"self":[{"href":"https:\/\/emci.re\/index.php?rest_route=\/wp\/v2\/pages\/633","targetHints":{"allow":["GET"]}}],"collection":[{"href":"https:\/\/emci.re\/index.php?rest_route=\/wp\/v2\/pages"}],"about":[{"href":"https:\/\/emci.re\/index.php?rest_route=\/wp\/v2\/types\/page"}],"author":[{"embeddable":true,"href":"https:\/\/emci.re\/index.php?rest_route=\/wp\/v2\/users\/2"}],"replies":[{"embeddable":true,"href":"https:\/\/emci.re\/index.php?rest_route=%2Fwp%2Fv2%2Fcomments&post=633"}],"version-history":[{"count":2,"href":"https:\/\/emci.re\/index.php?rest_route=\/wp\/v2\/pages\/633\/revisions"}],"predecessor-version":[{"id":3574,"href":"https:\/\/emci.re\/index.php?rest_route=\/wp\/v2\/pages\/633\/revisions\/3574"}],"up":[{"embeddable":true,"href":"https:\/\/emci.re\/index.php?rest_route=\/wp\/v2\/pages\/1084"}],"wp:featuredmedia":[{"embeddable":true,"href":"https:\/\/emci.re\/index.php?rest_route=\/wp\/v2\/media\/1998"}],"wp:attachment":[{"href":"https:\/\/emci.re\/index.php?rest_route=%2Fwp%2Fv2%2Fmedia&parent=633"}],"wp:term":[{"taxonomy":"folder","embeddable":true,"href":"https:\/\/emci.re\/index.php?rest_route=%2Fwp%2Fv2%2Ffolder&post=633"}],"curies":[{"name":"wp","href":"https:\/\/api.w.org\/{rel}","templated":true}]}}