{"id":651,"date":"2020-02-04T08:04:47","date_gmt":"2020-02-04T07:04:47","guid":{"rendered":"https:\/\/emci.re\/?page_id=651"},"modified":"2024-05-28T14:59:02","modified_gmt":"2024-05-28T10:59:02","slug":"logement-campuseo-tranche-1-2-et-3","status":"publish","type":"page","link":"https:\/\/emci.re\/?page_id=651","title":{"rendered":"\u25aa\ufe0f Op\u00e9ration CAMPUS\u00c9O"},"content":{"rendered":"\n<div class=\"wp-block-group\"><div class=\"wp-block-group__inner-container is-layout-flow wp-block-group-is-layout-flow\">\n<p><strong>Mission<\/strong> : Mission de maitrise d\u2019\u0153uvre Structure pour la :<\/p>\n\n\n\n<p class=\"has-text-align-left\">Construction Phase 1 : 94 logements de type R+3 sur parking en sous-sol<\/p>\n\n\n\n<p class=\"has-text-align-left\">Construction Phase 2 &amp; 3 : 128 logements \u00e9tudiants et commerces &#8211; B\u00e2timents R+3 et combles \u00e0 R+4 avec 1 niveau en R-1 semi-enterr\u00e9<\/p>\n<\/div><\/div>\n\n\n\n<div class=\"wp-block-group\"><div class=\"wp-block-group__inner-container is-layout-flow wp-block-group-is-layout-flow\">\n<div class=\"wp-block-group\"><div class=\"wp-block-group__inner-container is-layout-flow wp-block-group-is-layout-flow\">\n<p><strong>Shob<\/strong> : 13 750 m2                                                                                                        <\/p>\n\n\n\n<p><strong>Lieu :<\/strong> Saint Pierre &#8211; La R\u00e9union<br><strong>Montant Travaux HT <\/strong>: 10 360 000,00 \u20ac<br><strong>Maitre d\u2019ouvrage &#8211; Architecte<\/strong> : Groupe ISAUTIER \/ SCI Sorec \/ NWA Run \u2013 Plan+<br><strong>Livraison<\/strong> : Septembre 2019<\/p>\n<\/div><\/div>\n\n\n\n<p><strong>Secteur<\/strong> :  B\u00e2timent \/ Logement<\/p>\n<\/div><\/div>\n\n\n\n<figure class=\"wp-block-gallery aligncenter has-nested-images columns-default is-cropped wp-block-gallery-1 is-layout-flex wp-block-gallery-is-layout-flex\">\n<figure class=\"wp-block-image size-large\"><img loading=\"lazy\" decoding=\"async\" width=\"700\" height=\"466\" data-id=\"1630\" src=\"https:\/\/emci.re\/wp-content\/uploads\/2020\/06\/IMG_3789-2.jpg\" alt=\"\" class=\"wp-image-1630\" srcset=\"https:\/\/emci.re\/wp-content\/uploads\/2020\/06\/IMG_3789-2.jpg 700w, https:\/\/emci.re\/wp-content\/uploads\/2020\/06\/IMG_3789-2-300x200.jpg 300w, https:\/\/emci.re\/wp-content\/uploads\/2020\/06\/IMG_3789-2-570x380.jpg 570w, https:\/\/emci.re\/wp-content\/uploads\/2020\/06\/IMG_3789-2-380x254.jpg 380w, https:\/\/emci.re\/wp-content\/uploads\/2020\/06\/IMG_3789-2-285x190.jpg 285w\" sizes=\"auto, (max-width: 700px) 100vw, 700px\" \/><\/figure>\n\n\n\n<figure class=\"wp-block-image size-large\"><img decoding=\"async\" data-id=\"2733\" src=\"https:\/\/emci.re\/wp-content\/uploads\/2022\/03\/0-CAMPUSEO.jpg\" alt=\"\" class=\"wp-image-2733\"\/><\/figure>\n<\/figure>\n\n\n\n<figure class=\"wp-block-gallery has-nested-images columns-3 is-cropped wp-block-gallery-2 is-layout-flex wp-block-gallery-is-layout-flex\">\n<figure class=\"wp-block-image size-large\"><img loading=\"lazy\" decoding=\"async\" width=\"750\" height=\"1000\" data-id=\"1616\" src=\"https:\/\/emci.re\/wp-content\/uploads\/2020\/06\/1-2-2.jpg\" alt=\"\" class=\"wp-image-1616\" srcset=\"https:\/\/emci.re\/wp-content\/uploads\/2020\/06\/1-2-2.jpg 750w, https:\/\/emci.re\/wp-content\/uploads\/2020\/06\/1-2-2-225x300.jpg 225w\" sizes=\"auto, (max-width: 750px) 100vw, 750px\" \/><\/figure>\n\n\n\n<figure class=\"wp-block-image size-large\"><img loading=\"lazy\" decoding=\"async\" width=\"1024\" height=\"515\" data-id=\"1631\" src=\"https:\/\/emci.re\/wp-content\/uploads\/2020\/06\/Campus\u00e9o-2-1024x515-2.jpg\" alt=\"\" class=\"wp-image-1631\" srcset=\"https:\/\/emci.re\/wp-content\/uploads\/2020\/06\/Campus\u00e9o-2-1024x515-2.jpg 1024w, https:\/\/emci.re\/wp-content\/uploads\/2020\/06\/Campus\u00e9o-2-1024x515-2-300x151.jpg 300w, https:\/\/emci.re\/wp-content\/uploads\/2020\/06\/Campus\u00e9o-2-1024x515-2-768x386.jpg 768w\" sizes=\"auto, (max-width: 1024px) 100vw, 1024px\" \/><\/figure>\n\n\n\n<figure class=\"wp-block-image size-large\"><img loading=\"lazy\" decoding=\"async\" width=\"683\" height=\"1024\" data-id=\"1621\" src=\"https:\/\/emci.re\/wp-content\/uploads\/2020\/06\/10-1-683x1024.jpg\" alt=\"\" class=\"wp-image-1621\" srcset=\"https:\/\/emci.re\/wp-content\/uploads\/2020\/06\/10-1-683x1024.jpg 683w, https:\/\/emci.re\/wp-content\/uploads\/2020\/06\/10-1-200x300.jpg 200w, https:\/\/emci.re\/wp-content\/uploads\/2020\/06\/10-1.jpg 700w\" sizes=\"auto, (max-width: 683px) 100vw, 683px\" \/><\/figure>\n\n\n\n<figure class=\"wp-block-image size-large\"><img loading=\"lazy\" decoding=\"async\" width=\"700\" height=\"466\" data-id=\"1624\" src=\"https:\/\/emci.re\/wp-content\/uploads\/2020\/06\/IMG_3785.jpg\" alt=\"\" class=\"wp-image-1624\" srcset=\"https:\/\/emci.re\/wp-content\/uploads\/2020\/06\/IMG_3785.jpg 700w, https:\/\/emci.re\/wp-content\/uploads\/2020\/06\/IMG_3785-300x200.jpg 300w, https:\/\/emci.re\/wp-content\/uploads\/2020\/06\/IMG_3785-570x380.jpg 570w, https:\/\/emci.re\/wp-content\/uploads\/2020\/06\/IMG_3785-380x254.jpg 380w, https:\/\/emci.re\/wp-content\/uploads\/2020\/06\/IMG_3785-285x190.jpg 285w\" sizes=\"auto, (max-width: 700px) 100vw, 700px\" \/><\/figure>\n\n\n\n<figure class=\"wp-block-image size-large\"><img loading=\"lazy\" decoding=\"async\" width=\"750\" height=\"562\" data-id=\"1617\" src=\"https:\/\/emci.re\/wp-content\/uploads\/2020\/06\/2-2-2.jpg\" alt=\"\" class=\"wp-image-1617\" srcset=\"https:\/\/emci.re\/wp-content\/uploads\/2020\/06\/2-2-2.jpg 750w, https:\/\/emci.re\/wp-content\/uploads\/2020\/06\/2-2-2-300x225.jpg 300w, https:\/\/emci.re\/wp-content\/uploads\/2020\/06\/2-2-2-380x285.jpg 380w, https:\/\/emci.re\/wp-content\/uploads\/2020\/06\/2-2-2-285x214.jpg 285w\" sizes=\"auto, (max-width: 750px) 100vw, 750px\" \/><\/figure>\n\n\n\n<figure class=\"wp-block-image size-large\"><img loading=\"lazy\" decoding=\"async\" width=\"700\" height=\"525\" data-id=\"1626\" src=\"https:\/\/emci.re\/wp-content\/uploads\/2020\/06\/20190828_112041.jpg\" alt=\"\" class=\"wp-image-1626\" srcset=\"https:\/\/emci.re\/wp-content\/uploads\/2020\/06\/20190828_112041.jpg 700w, https:\/\/emci.re\/wp-content\/uploads\/2020\/06\/20190828_112041-300x225.jpg 300w, https:\/\/emci.re\/wp-content\/uploads\/2020\/06\/20190828_112041-380x285.jpg 380w, https:\/\/emci.re\/wp-content\/uploads\/2020\/06\/20190828_112041-285x214.jpg 285w\" sizes=\"auto, (max-width: 700px) 100vw, 700px\" \/><\/figure>\n\n\n\n<figure class=\"wp-block-image size-large\"><img loading=\"lazy\" decoding=\"async\" width=\"700\" height=\"309\" data-id=\"1632\" src=\"https:\/\/emci.re\/wp-content\/uploads\/2020\/06\/1-20.jpg\" alt=\"\" class=\"wp-image-1632\" srcset=\"https:\/\/emci.re\/wp-content\/uploads\/2020\/06\/1-20.jpg 700w, https:\/\/emci.re\/wp-content\/uploads\/2020\/06\/1-20-300x132.jpg 300w\" sizes=\"auto, (max-width: 700px) 100vw, 700px\" \/><\/figure>\n<\/figure>\n\n\n\n<p><\/p>\n<p>Views: 213<\/p>","protected":false},"excerpt":{"rendered":"<p>Mission : Mission de maitrise d\u2019\u0153uvre Structure pour la : Construction Phase 1 : 94 logements de type R+3 sur parking en sous-sol Construction Phase 2 &amp; 3 : 128 logements \u00e9tudiants et commerces &#8211; B\u00e2timents R+3 et combles \u00e0 R+4 avec 1 niveau en R-1 semi-enterr\u00e9 Shob : 13 750 m2 Lieu : Saint<\/p>\n<p class=\"more-link\"><a href=\"https:\/\/emci.re\/?page_id=651\" class=\"themebutton\">Read More<\/a><\/p>\n","protected":false},"author":2,"featured_media":2736,"parent":1095,"menu_order":7,"comment_status":"closed","ping_status":"closed","template":"","meta":{"footnotes":""},"folder":[19],"class_list":["post-651","page","type-page","status-publish","has-post-thumbnail","hentry"],"_links":{"self":[{"href":"https:\/\/emci.re\/index.php?rest_route=\/wp\/v2\/pages\/651","targetHints":{"allow":["GET"]}}],"collection":[{"href":"https:\/\/emci.re\/index.php?rest_route=\/wp\/v2\/pages"}],"about":[{"href":"https:\/\/emci.re\/index.php?rest_route=\/wp\/v2\/types\/page"}],"author":[{"embeddable":true,"href":"https:\/\/emci.re\/index.php?rest_route=\/wp\/v2\/users\/2"}],"replies":[{"embeddable":true,"href":"https:\/\/emci.re\/index.php?rest_route=%2Fwp%2Fv2%2Fcomments&post=651"}],"version-history":[{"count":2,"href":"https:\/\/emci.re\/index.php?rest_route=\/wp\/v2\/pages\/651\/revisions"}],"predecessor-version":[{"id":3587,"href":"https:\/\/emci.re\/index.php?rest_route=\/wp\/v2\/pages\/651\/revisions\/3587"}],"up":[{"embeddable":true,"href":"https:\/\/emci.re\/index.php?rest_route=\/wp\/v2\/pages\/1095"}],"wp:featuredmedia":[{"embeddable":true,"href":"https:\/\/emci.re\/index.php?rest_route=\/wp\/v2\/media\/2736"}],"wp:attachment":[{"href":"https:\/\/emci.re\/index.php?rest_route=%2Fwp%2Fv2%2Fmedia&parent=651"}],"wp:term":[{"taxonomy":"folder","embeddable":true,"href":"https:\/\/emci.re\/index.php?rest_route=%2Fwp%2Fv2%2Ffolder&post=651"}],"curies":[{"name":"wp","href":"https:\/\/api.w.org\/{rel}","templated":true}]}}