{"id":652,"date":"2020-02-04T07:04:47","date_gmt":"2020-02-04T06:04:47","guid":{"rendered":"https:\/\/emci.re\/?page_id=652"},"modified":"2024-05-28T14:53:13","modified_gmt":"2024-05-28T10:53:13","slug":"genie-civil-stade-nelson-mandela","status":"publish","type":"page","link":"https:\/\/emci.re\/?page_id=652","title":{"rendered":"\u25aa\ufe0f Stade Nelson Mandela"},"content":{"rendered":"\n<p><strong>Mission<\/strong>&nbsp;: Mission EXE &#8211; G\u00e9nie Civil pour la construction de la Tribune de 1400 places, vestiaires et sanitaires du stade Nelson Mandela R\u00e8gles sismiques &#8211; Duparc &#8211; Sainte-Marie <\/p>\n\n\n\n<p><strong>Montant Travaux HT&nbsp;<\/strong>:\nNon communiqu\u00e9, mission EXE<\/p>\n\n\n\n<p><strong>Maitre d\u2019ouvrage &#8211;\nArchitecte \u2013 Client : <\/strong>Commune de Sainte Marie \/ Island Architecture \/ GTOI<\/p>\n\n\n\n<p><strong>Livraison&nbsp;<\/strong>:\n2015<\/p>\n\n\n\n<p><strong>Secteur<\/strong> : G\u00e9nie Civil<\/p>\n\n\n\n<figure class=\"wp-block-gallery has-nested-images columns-default is-cropped wp-block-gallery-1 is-layout-flex wp-block-gallery-is-layout-flex\">\n<figure class=\"wp-block-image size-large\"><img loading=\"lazy\" decoding=\"async\" width=\"444\" height=\"378\" data-id=\"656\" src=\"https:\/\/emci.re\/wp-content\/uploads\/2020\/02\/4-1.jpg\" alt=\"Stade Nelson MANDELA\" class=\"wp-image-656\" srcset=\"https:\/\/emci.re\/wp-content\/uploads\/2020\/02\/4-1.jpg 444w, https:\/\/emci.re\/wp-content\/uploads\/2020\/02\/4-1-300x255.jpg 300w\" sizes=\"auto, (max-width: 444px) 100vw, 444px\" \/><\/figure>\n\n\n\n<figure class=\"wp-block-image size-large\"><img loading=\"lazy\" decoding=\"async\" width=\"347\" height=\"463\" data-id=\"657\" src=\"https:\/\/emci.re\/wp-content\/uploads\/2020\/02\/5-1.jpg\" alt=\"Stade Nelson MANDELA\" class=\"wp-image-657\" srcset=\"https:\/\/emci.re\/wp-content\/uploads\/2020\/02\/5-1.jpg 347w, https:\/\/emci.re\/wp-content\/uploads\/2020\/02\/5-1-225x300.jpg 225w\" sizes=\"auto, (max-width: 347px) 100vw, 347px\" \/><\/figure>\n\n\n\n<figure class=\"wp-block-image size-large\"><img loading=\"lazy\" decoding=\"async\" width=\"432\" height=\"305\" data-id=\"655\" src=\"https:\/\/emci.re\/wp-content\/uploads\/2020\/02\/3-3.jpg\" alt=\"Stade Nelson MANDELA\" class=\"wp-image-655\" srcset=\"https:\/\/emci.re\/wp-content\/uploads\/2020\/02\/3-3.jpg 432w, https:\/\/emci.re\/wp-content\/uploads\/2020\/02\/3-3-300x212.jpg 300w\" sizes=\"auto, (max-width: 432px) 100vw, 432px\" \/><\/figure>\n\n\n\n<figure class=\"wp-block-image size-large\"><img loading=\"lazy\" decoding=\"async\" width=\"381\" height=\"322\" data-id=\"658\" src=\"https:\/\/emci.re\/wp-content\/uploads\/2020\/02\/6-1.jpg\" alt=\"Stade Nelson MANDELA\" class=\"wp-image-658\" srcset=\"https:\/\/emci.re\/wp-content\/uploads\/2020\/02\/6-1.jpg 381w, https:\/\/emci.re\/wp-content\/uploads\/2020\/02\/6-1-300x254.jpg 300w\" sizes=\"auto, (max-width: 381px) 100vw, 381px\" \/><\/figure>\n\n\n\n<figure class=\"wp-block-image size-large\"><img loading=\"lazy\" decoding=\"async\" width=\"440\" height=\"295\" data-id=\"653\" src=\"https:\/\/emci.re\/wp-content\/uploads\/2020\/02\/1-3.jpg\" alt=\"Stade Nelson MANDELA\" class=\"wp-image-653\" srcset=\"https:\/\/emci.re\/wp-content\/uploads\/2020\/02\/1-3.jpg 440w, https:\/\/emci.re\/wp-content\/uploads\/2020\/02\/1-3-300x201.jpg 300w, https:\/\/emci.re\/wp-content\/uploads\/2020\/02\/1-3-380x254.jpg 380w, https:\/\/emci.re\/wp-content\/uploads\/2020\/02\/1-3-285x190.jpg 285w\" sizes=\"auto, (max-width: 440px) 100vw, 440px\" \/><\/figure>\n\n\n\n<figure class=\"wp-block-image size-large\"><img loading=\"lazy\" decoding=\"async\" width=\"437\" height=\"305\" data-id=\"654\" src=\"https:\/\/emci.re\/wp-content\/uploads\/2020\/02\/2-3.jpg\" alt=\"Stade Nelson MANDELA\" class=\"wp-image-654\" srcset=\"https:\/\/emci.re\/wp-content\/uploads\/2020\/02\/2-3.jpg 437w, https:\/\/emci.re\/wp-content\/uploads\/2020\/02\/2-3-300x209.jpg 300w\" sizes=\"auto, (max-width: 437px) 100vw, 437px\" \/><\/figure>\n<\/figure>\n\n\n\n<p><\/p>\n\n\n\n<!--more-->\n\n\n\n<p><br><\/p>\n\n\n\n<p><strong> <\/strong><\/p>\n<p>Views: 203<\/p>","protected":false},"excerpt":{"rendered":"<p>Mission&nbsp;: Mission EXE &#8211; G\u00e9nie Civil pour la construction de la Tribune de 1400 places, vestiaires et sanitaires du stade Nelson Mandela R\u00e8gles sismiques &#8211; Duparc &#8211; Sainte-Marie Montant Travaux HT&nbsp;: Non communiqu\u00e9, mission EXE Maitre d\u2019ouvrage &#8211; Architecte \u2013 Client : Commune de Sainte Marie \/ Island Architecture \/ GTOI Livraison&nbsp;: 2015 Secteur :<\/p>\n<p class=\"more-link\"><a href=\"https:\/\/emci.re\/?page_id=652\" class=\"themebutton\">Read More<\/a><\/p>\n","protected":false},"author":2,"featured_media":657,"parent":1084,"menu_order":1,"comment_status":"closed","ping_status":"closed","template":"","meta":{"footnotes":""},"folder":[18],"class_list":["post-652","page","type-page","status-publish","has-post-thumbnail","hentry"],"_links":{"self":[{"href":"https:\/\/emci.re\/index.php?rest_route=\/wp\/v2\/pages\/652","targetHints":{"allow":["GET"]}}],"collection":[{"href":"https:\/\/emci.re\/index.php?rest_route=\/wp\/v2\/pages"}],"about":[{"href":"https:\/\/emci.re\/index.php?rest_route=\/wp\/v2\/types\/page"}],"author":[{"embeddable":true,"href":"https:\/\/emci.re\/index.php?rest_route=\/wp\/v2\/users\/2"}],"replies":[{"embeddable":true,"href":"https:\/\/emci.re\/index.php?rest_route=%2Fwp%2Fv2%2Fcomments&post=652"}],"version-history":[{"count":1,"href":"https:\/\/emci.re\/index.php?rest_route=\/wp\/v2\/pages\/652\/revisions"}],"predecessor-version":[{"id":3573,"href":"https:\/\/emci.re\/index.php?rest_route=\/wp\/v2\/pages\/652\/revisions\/3573"}],"up":[{"embeddable":true,"href":"https:\/\/emci.re\/index.php?rest_route=\/wp\/v2\/pages\/1084"}],"wp:featuredmedia":[{"embeddable":true,"href":"https:\/\/emci.re\/index.php?rest_route=\/wp\/v2\/media\/657"}],"wp:attachment":[{"href":"https:\/\/emci.re\/index.php?rest_route=%2Fwp%2Fv2%2Fmedia&parent=652"}],"wp:term":[{"taxonomy":"folder","embeddable":true,"href":"https:\/\/emci.re\/index.php?rest_route=%2Fwp%2Fv2%2Ffolder&post=652"}],"curies":[{"name":"wp","href":"https:\/\/api.w.org\/{rel}","templated":true}]}}