{"id":701,"date":"2020-02-04T07:55:04","date_gmt":"2020-02-04T06:55:04","guid":{"rendered":"https:\/\/emci.re\/?page_id=701"},"modified":"2024-05-28T14:53:11","modified_gmt":"2024-05-28T10:53:11","slug":"genie-civil-usine-de-potabilisation-du-telelave","status":"publish","type":"page","link":"https:\/\/emci.re\/?page_id=701","title":{"rendered":"\u25ab\ufe0f Usine de potabilisation du T\u00e9l\u00e9lave"},"content":{"rendered":"\n<p><strong>Mission<\/strong> : Mission de G\u00e9nie Civil pour la r\u00e9alisation d&rsquo;une r\u00e9servoir AEP et d\u2019une station de potabilisation situ\u00e9e au T\u00e9l\u00e9lave \u2013 Les Avirons &#8211; R\u00e9union<\/p>\n\n\n\n<p> <strong>Montant Travaux HT<\/strong> : Non communiqu\u00e9, mission EXE<\/p>\n\n\n\n<p> <strong>Maitre d\u2019ouvrage \u2013 Client<\/strong> : Commune des Avirons \/ SOG\u00c9A R\u00e9union<\/p>\n\n\n\n<p><strong> Livraison<\/strong> : 2017  <\/p>\n\n\n\n<p><strong>Secteur<\/strong> : G\u00e9nie Civil <\/p>\n\n\n\n<figure class=\"wp-block-image size-large\"><img loading=\"lazy\" decoding=\"async\" width=\"685\" height=\"308\" src=\"https:\/\/emci.re\/wp-content\/uploads\/2020\/04\/Capture.jpg\" alt=\"\" class=\"wp-image-1241\" srcset=\"https:\/\/emci.re\/wp-content\/uploads\/2020\/04\/Capture.jpg 685w, https:\/\/emci.re\/wp-content\/uploads\/2020\/04\/Capture-300x135.jpg 300w\" sizes=\"auto, (max-width: 685px) 100vw, 685px\" \/><\/figure>\n\n\n\n<!--more-->\n\n\n\n<p><br><\/p>\n\n\n\n<figure class=\"wp-block-gallery has-nested-images columns-default is-cropped wp-block-gallery-1 is-layout-flex wp-block-gallery-is-layout-flex\">\n<figure class=\"wp-block-image size-large\"><img loading=\"lazy\" decoding=\"async\" width=\"1024\" height=\"576\" data-id=\"702\" src=\"https:\/\/emci.re\/wp-content\/uploads\/2020\/02\/1-7-1024x576.jpg\" alt=\"USINE DE POTABILISATION DU T\u00c9L\u00c9LAVE\" class=\"wp-image-702\" srcset=\"https:\/\/emci.re\/wp-content\/uploads\/2020\/02\/1-7-1024x576.jpg 1024w, https:\/\/emci.re\/wp-content\/uploads\/2020\/02\/1-7-300x169.jpg 300w, https:\/\/emci.re\/wp-content\/uploads\/2020\/02\/1-7-768x432.jpg 768w, https:\/\/emci.re\/wp-content\/uploads\/2020\/02\/1-7-1536x863.jpg 1536w, https:\/\/emci.re\/wp-content\/uploads\/2020\/02\/1-7.jpg 1918w\" sizes=\"auto, (max-width: 1024px) 100vw, 1024px\" \/><\/figure>\n\n\n\n<figure class=\"wp-block-image size-large\"><img loading=\"lazy\" decoding=\"async\" width=\"800\" height=\"533\" data-id=\"703\" src=\"https:\/\/emci.re\/wp-content\/uploads\/2020\/02\/2-7.jpg\" alt=\"USINE DE POTABILISATION DU T\u00c9L\u00c9LAVE\" class=\"wp-image-703\" srcset=\"https:\/\/emci.re\/wp-content\/uploads\/2020\/02\/2-7.jpg 800w, https:\/\/emci.re\/wp-content\/uploads\/2020\/02\/2-7-300x200.jpg 300w, https:\/\/emci.re\/wp-content\/uploads\/2020\/02\/2-7-768x512.jpg 768w, https:\/\/emci.re\/wp-content\/uploads\/2020\/02\/2-7-570x380.jpg 570w, https:\/\/emci.re\/wp-content\/uploads\/2020\/02\/2-7-380x254.jpg 380w, https:\/\/emci.re\/wp-content\/uploads\/2020\/02\/2-7-285x190.jpg 285w\" sizes=\"auto, (max-width: 800px) 100vw, 800px\" \/><\/figure>\n\n\n\n<figure class=\"wp-block-image size-large\"><img loading=\"lazy\" decoding=\"async\" width=\"754\" height=\"358\" data-id=\"705\" src=\"https:\/\/emci.re\/wp-content\/uploads\/2020\/02\/4-6.jpg\" alt=\"USINE DE POTABILISATION DU T\u00c9L\u00c9LAVE\" class=\"wp-image-705\" srcset=\"https:\/\/emci.re\/wp-content\/uploads\/2020\/02\/4-6.jpg 754w, https:\/\/emci.re\/wp-content\/uploads\/2020\/02\/4-6-300x142.jpg 300w\" sizes=\"auto, (max-width: 754px) 100vw, 754px\" \/><\/figure>\n\n\n\n<figure class=\"wp-block-image size-large\"><img loading=\"lazy\" decoding=\"async\" width=\"647\" height=\"355\" data-id=\"704\" src=\"https:\/\/emci.re\/wp-content\/uploads\/2020\/02\/3-7.jpg\" alt=\"USINE DE POTABILISATION DU T\u00c9L\u00c9LAVE\" class=\"wp-image-704\" srcset=\"https:\/\/emci.re\/wp-content\/uploads\/2020\/02\/3-7.jpg 647w, https:\/\/emci.re\/wp-content\/uploads\/2020\/02\/3-7-300x165.jpg 300w\" sizes=\"auto, (max-width: 647px) 100vw, 647px\" \/><\/figure>\n<\/figure>\n\n\n\n<p><strong> <\/strong><\/p>\n<p>Views: 140<\/p>","protected":false},"excerpt":{"rendered":"<p>Mission : Mission de G\u00e9nie Civil pour la r\u00e9alisation d&rsquo;une r\u00e9servoir AEP et d\u2019une station de potabilisation situ\u00e9e au T\u00e9l\u00e9lave \u2013 Les Avirons &#8211; R\u00e9union Montant Travaux HT : Non communiqu\u00e9, mission EXE Maitre d\u2019ouvrage \u2013 Client : Commune des Avirons \/ SOG\u00c9A R\u00e9union Livraison : 2017 Secteur : G\u00e9nie Civil Views: 140<\/p>\n","protected":false},"author":2,"featured_media":702,"parent":1084,"menu_order":2,"comment_status":"closed","ping_status":"closed","template":"","meta":{"footnotes":""},"folder":[18],"class_list":["post-701","page","type-page","status-publish","has-post-thumbnail","hentry"],"_links":{"self":[{"href":"https:\/\/emci.re\/index.php?rest_route=\/wp\/v2\/pages\/701","targetHints":{"allow":["GET"]}}],"collection":[{"href":"https:\/\/emci.re\/index.php?rest_route=\/wp\/v2\/pages"}],"about":[{"href":"https:\/\/emci.re\/index.php?rest_route=\/wp\/v2\/types\/page"}],"author":[{"embeddable":true,"href":"https:\/\/emci.re\/index.php?rest_route=\/wp\/v2\/users\/2"}],"replies":[{"embeddable":true,"href":"https:\/\/emci.re\/index.php?rest_route=%2Fwp%2Fv2%2Fcomments&post=701"}],"version-history":[{"count":1,"href":"https:\/\/emci.re\/index.php?rest_route=\/wp\/v2\/pages\/701\/revisions"}],"predecessor-version":[{"id":3571,"href":"https:\/\/emci.re\/index.php?rest_route=\/wp\/v2\/pages\/701\/revisions\/3571"}],"up":[{"embeddable":true,"href":"https:\/\/emci.re\/index.php?rest_route=\/wp\/v2\/pages\/1084"}],"wp:featuredmedia":[{"embeddable":true,"href":"https:\/\/emci.re\/index.php?rest_route=\/wp\/v2\/media\/702"}],"wp:attachment":[{"href":"https:\/\/emci.re\/index.php?rest_route=%2Fwp%2Fv2%2Fmedia&parent=701"}],"wp:term":[{"taxonomy":"folder","embeddable":true,"href":"https:\/\/emci.re\/index.php?rest_route=%2Fwp%2Fv2%2Ffolder&post=701"}],"curies":[{"name":"wp","href":"https:\/\/api.w.org\/{rel}","templated":true}]}}