{"id":720,"date":"2020-02-04T08:10:50","date_gmt":"2020-02-04T07:10:50","guid":{"rendered":"https:\/\/emci.re\/?page_id=720"},"modified":"2024-05-28T14:59:23","modified_gmt":"2024-05-28T10:59:23","slug":"logement-le-montaigne","status":"publish","type":"page","link":"https:\/\/emci.re\/?page_id=720","title":{"rendered":"\u25ab\ufe0f Op\u00e9ration LE MONTAIGNE"},"content":{"rendered":"\n<p><strong>Mission<\/strong> : Mission de maitrise d\u2019\u0153uvre Structure partielle pour la construction de 34 logements LLS &#8211; 5 B\u00e2timents R+3 + Combles &#8211;  Etang-Sal\u00e9 &#8211; La R\u00e9union<\/p>\n\n\n\n<p> <strong>Montant Travaux HT<\/strong> : 3 250 000,00 \u20ac<\/p>\n\n\n\n<p> <strong>Maitre d\u2019ouvrage \u2013 Architecte<\/strong> : SCCV Montaigne \/ Kheper Architecture<\/p>\n\n\n\n<p><strong> Livraison<\/strong> :  2020<\/p>\n\n\n\n<p><strong>Secteur<\/strong> :  B\u00e2timent \/ Logement<\/p>\n\n\n\n<p><\/p>\n\n\n\n<figure class=\"wp-block-image size-large\"><img loading=\"lazy\" decoding=\"async\" width=\"591\" height=\"379\" src=\"https:\/\/emci.re\/wp-content\/uploads\/2020\/06\/1-23.jpg\" alt=\"\" class=\"wp-image-1664\" srcset=\"https:\/\/emci.re\/wp-content\/uploads\/2020\/06\/1-23.jpg 591w, https:\/\/emci.re\/wp-content\/uploads\/2020\/06\/1-23-300x192.jpg 300w\" sizes=\"auto, (max-width: 591px) 100vw, 591px\" \/><\/figure>\n\n\n\n<p> <\/p>\n<p>Views: 143<\/p>","protected":false},"excerpt":{"rendered":"<p>Mission : Mission de maitrise d\u2019\u0153uvre Structure partielle pour la construction de 34 logements LLS &#8211; 5 B\u00e2timents R+3 + Combles &#8211; Etang-Sal\u00e9 &#8211; La R\u00e9union Montant Travaux HT : 3 250 000,00 \u20ac Maitre d\u2019ouvrage \u2013 Architecte : SCCV Montaigne \/ Kheper Architecture Livraison : 2020 Secteur : B\u00e2timent \/ Logement Views: 143<\/p>\n","protected":false},"author":2,"featured_media":721,"parent":1095,"menu_order":2,"comment_status":"closed","ping_status":"closed","template":"","meta":{"footnotes":""},"folder":[19],"class_list":["post-720","page","type-page","status-publish","has-post-thumbnail","hentry"],"_links":{"self":[{"href":"https:\/\/emci.re\/index.php?rest_route=\/wp\/v2\/pages\/720","targetHints":{"allow":["GET"]}}],"collection":[{"href":"https:\/\/emci.re\/index.php?rest_route=\/wp\/v2\/pages"}],"about":[{"href":"https:\/\/emci.re\/index.php?rest_route=\/wp\/v2\/types\/page"}],"author":[{"embeddable":true,"href":"https:\/\/emci.re\/index.php?rest_route=\/wp\/v2\/users\/2"}],"replies":[{"embeddable":true,"href":"https:\/\/emci.re\/index.php?rest_route=%2Fwp%2Fv2%2Fcomments&post=720"}],"version-history":[{"count":1,"href":"https:\/\/emci.re\/index.php?rest_route=\/wp\/v2\/pages\/720\/revisions"}],"predecessor-version":[{"id":3580,"href":"https:\/\/emci.re\/index.php?rest_route=\/wp\/v2\/pages\/720\/revisions\/3580"}],"up":[{"embeddable":true,"href":"https:\/\/emci.re\/index.php?rest_route=\/wp\/v2\/pages\/1095"}],"wp:featuredmedia":[{"embeddable":true,"href":"https:\/\/emci.re\/index.php?rest_route=\/wp\/v2\/media\/721"}],"wp:attachment":[{"href":"https:\/\/emci.re\/index.php?rest_route=%2Fwp%2Fv2%2Fmedia&parent=720"}],"wp:term":[{"taxonomy":"folder","embeddable":true,"href":"https:\/\/emci.re\/index.php?rest_route=%2Fwp%2Fv2%2Ffolder&post=720"}],"curies":[{"name":"wp","href":"https:\/\/api.w.org\/{rel}","templated":true}]}}