{"id":746,"date":"2020-02-04T08:32:07","date_gmt":"2020-02-04T07:32:07","guid":{"rendered":"https:\/\/emci.re\/?page_id=746"},"modified":"2024-05-28T14:59:27","modified_gmt":"2024-05-28T10:59:27","slug":"logement-operation-nout-habitat-collectif-en-autopromotion-participatif-et-partage","status":"publish","type":"page","link":"https:\/\/emci.re\/?page_id=746","title":{"rendered":"\u25ab\ufe0f Op\u00e9ration NOUT \/ Habitat collectif en autopromotion, participatif et partag\u00e9."},"content":{"rendered":"\n<p><strong>Mission<\/strong> : Mission de maitrise d\u2019\u0153uvre Structure<br> \u00ab\u00a0NOUT\u00a0\u00bb est la premi\u00e8re op\u00e9ration de logements collectifs en autopromotion \u00e0 La R\u00e9union. Cinq familles se sont unies afin de construire leur propre habitat de fa\u00e7on participative et partag\u00e9e.<br> Hormis les avantages financiers ind\u00e9niables d\u2019un tel montage, NOUT questionne avant tout les modes d\u2019habiter ensemble, le confort en ventilation naturelle en ville et la qualit\u00e9 d\u2019usage du logement. Outre les locaux partag\u00e9s (laverie, travail), la vie du collectif s\u2019appuie sur quelques  activit\u00e9s de coh\u00e9sion (poules, abeilles) et sur un mode de gestion<br> Rassembleur.<\/p>\n\n\n\n<p> <strong>Lieu<\/strong> : Saint Paul &#8211; La R\u00e9union<\/p>\n\n\n\n<p> <strong>Surface plancher<\/strong> : 450 m2<\/p>\n\n\n\n<p> <strong>Montant Travaux HT<\/strong> : 1 300 000,00 \u20ac<\/p>\n\n\n\n<p><strong> Maitre d\u2019ouvrage &#8211; Architecte<\/strong> : EnviroBAT R\u00e9union \/ SCI NOUT \/ CAZARCHI<\/p>\n\n\n\n<p><strong> Livraison<\/strong> : 2018<\/p>\n\n\n\n<p> <strong>Secteur<\/strong> :  B\u00e2timent \/ Logement<\/p>\n\n\n<div class=\"wp-block-image\">\n<figure class=\"aligncenter size-large\"><img loading=\"lazy\" decoding=\"async\" width=\"851\" height=\"425\" src=\"https:\/\/emci.re\/wp-content\/uploads\/2020\/06\/1-25.jpg\" alt=\"\" class=\"wp-image-1670\" srcset=\"https:\/\/emci.re\/wp-content\/uploads\/2020\/06\/1-25.jpg 851w, https:\/\/emci.re\/wp-content\/uploads\/2020\/06\/1-25-300x150.jpg 300w, https:\/\/emci.re\/wp-content\/uploads\/2020\/06\/1-25-768x384.jpg 768w, https:\/\/emci.re\/wp-content\/uploads\/2020\/06\/1-25-570x285.jpg 570w\" sizes=\"auto, (max-width: 851px) 100vw, 851px\" \/><\/figure>\n<\/div>\n\n\n<figure class=\"wp-block-gallery has-nested-images columns-default is-cropped wp-block-gallery-1 is-layout-flex wp-block-gallery-is-layout-flex\">\n<figure class=\"wp-block-image size-large\"><img loading=\"lazy\" decoding=\"async\" width=\"396\" height=\"528\" data-id=\"1671\" src=\"https:\/\/emci.re\/wp-content\/uploads\/2020\/06\/5-10.jpg\" alt=\"OP\u00c9RATION NOUT \/ HABITAT COLLECTIF\" class=\"wp-image-1671\" srcset=\"https:\/\/emci.re\/wp-content\/uploads\/2020\/06\/5-10.jpg 396w, https:\/\/emci.re\/wp-content\/uploads\/2020\/06\/5-10-225x300.jpg 225w\" sizes=\"auto, (max-width: 396px) 100vw, 396px\" \/><\/figure>\n\n\n\n<figure class=\"wp-block-image size-large\"><img loading=\"lazy\" decoding=\"async\" width=\"388\" height=\"468\" data-id=\"1672\" src=\"https:\/\/emci.re\/wp-content\/uploads\/2020\/06\/2-13.jpg\" alt=\"OP\u00c9RATION NOUT \/ HABITAT COLLECTIF\" class=\"wp-image-1672\" srcset=\"https:\/\/emci.re\/wp-content\/uploads\/2020\/06\/2-13.jpg 388w, https:\/\/emci.re\/wp-content\/uploads\/2020\/06\/2-13-249x300.jpg 249w\" sizes=\"auto, (max-width: 388px) 100vw, 388px\" \/><\/figure>\n\n\n\n<figure class=\"wp-block-image size-large\"><img loading=\"lazy\" decoding=\"async\" width=\"396\" height=\"528\" data-id=\"1674\" src=\"https:\/\/emci.re\/wp-content\/uploads\/2020\/06\/4-13.jpg\" alt=\"OP\u00c9RATION NOUT \/ HABITAT COLLECTIF\" class=\"wp-image-1674\" srcset=\"https:\/\/emci.re\/wp-content\/uploads\/2020\/06\/4-13.jpg 396w, https:\/\/emci.re\/wp-content\/uploads\/2020\/06\/4-13-225x300.jpg 225w\" sizes=\"auto, (max-width: 396px) 100vw, 396px\" \/><\/figure>\n<\/figure>\n\n\n\n<p><\/p>\n\n\n\n<p><\/p>\n<p>Views: 128<\/p>","protected":false},"excerpt":{"rendered":"<p>Mission : Mission de maitrise d\u2019\u0153uvre Structure \u00ab\u00a0NOUT\u00a0\u00bb est la premi\u00e8re op\u00e9ration de logements collectifs en autopromotion \u00e0 La R\u00e9union. Cinq familles se sont unies afin de construire leur propre habitat de fa\u00e7on participative et partag\u00e9e. Hormis les avantages financiers ind\u00e9niables d\u2019un tel montage, NOUT questionne avant tout les modes d\u2019habiter ensemble, le confort en<\/p>\n<p class=\"more-link\"><a href=\"https:\/\/emci.re\/?page_id=746\" class=\"themebutton\">Read More<\/a><\/p>\n","protected":false},"author":2,"featured_media":1670,"parent":1095,"menu_order":1,"comment_status":"closed","ping_status":"closed","template":"","meta":{"footnotes":""},"folder":[19],"class_list":["post-746","page","type-page","status-publish","has-post-thumbnail","hentry"],"_links":{"self":[{"href":"https:\/\/emci.re\/index.php?rest_route=\/wp\/v2\/pages\/746","targetHints":{"allow":["GET"]}}],"collection":[{"href":"https:\/\/emci.re\/index.php?rest_route=\/wp\/v2\/pages"}],"about":[{"href":"https:\/\/emci.re\/index.php?rest_route=\/wp\/v2\/types\/page"}],"author":[{"embeddable":true,"href":"https:\/\/emci.re\/index.php?rest_route=\/wp\/v2\/users\/2"}],"replies":[{"embeddable":true,"href":"https:\/\/emci.re\/index.php?rest_route=%2Fwp%2Fv2%2Fcomments&post=746"}],"version-history":[{"count":1,"href":"https:\/\/emci.re\/index.php?rest_route=\/wp\/v2\/pages\/746\/revisions"}],"predecessor-version":[{"id":3579,"href":"https:\/\/emci.re\/index.php?rest_route=\/wp\/v2\/pages\/746\/revisions\/3579"}],"up":[{"embeddable":true,"href":"https:\/\/emci.re\/index.php?rest_route=\/wp\/v2\/pages\/1095"}],"wp:featuredmedia":[{"embeddable":true,"href":"https:\/\/emci.re\/index.php?rest_route=\/wp\/v2\/media\/1670"}],"wp:attachment":[{"href":"https:\/\/emci.re\/index.php?rest_route=%2Fwp%2Fv2%2Fmedia&parent=746"}],"wp:term":[{"taxonomy":"folder","embeddable":true,"href":"https:\/\/emci.re\/index.php?rest_route=%2Fwp%2Fv2%2Ffolder&post=746"}],"curies":[{"name":"wp","href":"https:\/\/api.w.org\/{rel}","templated":true}]}}