{"id":764,"date":"2020-02-04T12:13:46","date_gmt":"2020-02-04T11:13:46","guid":{"rendered":"https:\/\/emci.re\/?page_id=764"},"modified":"2024-05-28T14:38:20","modified_gmt":"2024-05-28T10:38:20","slug":"sante-unite-de-soins-pour-jeune-adulte-sud","status":"publish","type":"page","link":"https:\/\/emci.re\/?page_id=764","title":{"rendered":"\u25ab\ufe0f Unit\u00e9 de soins pour jeunes adultes &#8211; USJA Sud"},"content":{"rendered":"\n<p><strong>Mission <\/strong>: Mission de Maitrise d\u2019\u0153uvre Structure pour la cr\u00e9ation d&rsquo;une Unit\u00e9 de Soins pour Jeunes Adultes (USJA) sur le site de la Clinique Les Flamboyants Sud \u2013 Saint Pierre &#8211; La R\u00e9union.<\/p>\n\n\n\n<p> <strong>Montant Travaux HT<\/strong> : 5 658 000,00 \u20ac<\/p>\n\n\n\n<p><strong> SHOB<\/strong> : 3 360 m2<\/p>\n\n\n\n<p> <strong>Maitre d\u2019ouvrage &#8211; Architecte<\/strong> : Groupe Les Flamboyants \/ Arch \u2019Image<\/p>\n\n\n\n<p><strong> Livraison<\/strong> : Livr\u00e9 en 2021<\/p>\n\n\n\n<p><strong>Secteur <\/strong>:  Sant\u00e9<\/p>\n\n\n\n<figure class=\"wp-block-gallery has-nested-images columns-4 is-cropped wp-block-gallery-1 is-layout-flex wp-block-gallery-is-layout-flex\">\n<figure class=\"wp-block-image size-large\"><img loading=\"lazy\" decoding=\"async\" width=\"1024\" height=\"768\" data-id=\"2559\" src=\"https:\/\/emci.re\/wp-content\/uploads\/2021\/11\/USJA1-1-1024x768.jpg\" alt=\"\" class=\"wp-image-2559\" srcset=\"https:\/\/emci.re\/wp-content\/uploads\/2021\/11\/USJA1-1-1024x768.jpg 1024w, https:\/\/emci.re\/wp-content\/uploads\/2021\/11\/USJA1-1-300x225.jpg 300w, https:\/\/emci.re\/wp-content\/uploads\/2021\/11\/USJA1-1-768x576.jpg 768w, https:\/\/emci.re\/wp-content\/uploads\/2021\/11\/USJA1-1-1536x1152.jpg 1536w, https:\/\/emci.re\/wp-content\/uploads\/2021\/11\/USJA1-1-380x285.jpg 380w, https:\/\/emci.re\/wp-content\/uploads\/2021\/11\/USJA1-1-285x214.jpg 285w, https:\/\/emci.re\/wp-content\/uploads\/2021\/11\/USJA1-1.jpg 1800w\" sizes=\"auto, (max-width: 1024px) 100vw, 1024px\" \/><\/figure>\n\n\n\n<figure class=\"wp-block-image size-large\"><img loading=\"lazy\" decoding=\"async\" width=\"1024\" height=\"768\" data-id=\"2560\" src=\"https:\/\/emci.re\/wp-content\/uploads\/2021\/11\/USJA2-1024x768.jpg\" alt=\"\" class=\"wp-image-2560\" srcset=\"https:\/\/emci.re\/wp-content\/uploads\/2021\/11\/USJA2-1024x768.jpg 1024w, https:\/\/emci.re\/wp-content\/uploads\/2021\/11\/USJA2-300x225.jpg 300w, https:\/\/emci.re\/wp-content\/uploads\/2021\/11\/USJA2-768x576.jpg 768w, https:\/\/emci.re\/wp-content\/uploads\/2021\/11\/USJA2-1536x1152.jpg 1536w, https:\/\/emci.re\/wp-content\/uploads\/2021\/11\/USJA2-380x285.jpg 380w, https:\/\/emci.re\/wp-content\/uploads\/2021\/11\/USJA2-285x214.jpg 285w, https:\/\/emci.re\/wp-content\/uploads\/2021\/11\/USJA2.jpg 1800w\" sizes=\"auto, (max-width: 1024px) 100vw, 1024px\" \/><\/figure>\n\n\n\n<figure class=\"wp-block-image size-large\"><img loading=\"lazy\" decoding=\"async\" width=\"1024\" height=\"768\" data-id=\"2239\" src=\"https:\/\/emci.re\/wp-content\/uploads\/2020\/09\/Aout-2020-6-1024x768.jpg\" alt=\"\" class=\"wp-image-2239\" srcset=\"https:\/\/emci.re\/wp-content\/uploads\/2020\/09\/Aout-2020-6-1024x768.jpg 1024w, https:\/\/emci.re\/wp-content\/uploads\/2020\/09\/Aout-2020-6-300x225.jpg 300w, https:\/\/emci.re\/wp-content\/uploads\/2020\/09\/Aout-2020-6-768x576.jpg 768w, https:\/\/emci.re\/wp-content\/uploads\/2020\/09\/Aout-2020-6-380x285.jpg 380w, https:\/\/emci.re\/wp-content\/uploads\/2020\/09\/Aout-2020-6-285x214.jpg 285w, https:\/\/emci.re\/wp-content\/uploads\/2020\/09\/Aout-2020-6.jpg 1500w\" sizes=\"auto, (max-width: 1024px) 100vw, 1024px\" \/><\/figure>\n\n\n\n<figure class=\"wp-block-image size-large\"><img loading=\"lazy\" decoding=\"async\" width=\"1024\" height=\"768\" data-id=\"2237\" src=\"https:\/\/emci.re\/wp-content\/uploads\/2020\/09\/Aout-2020-3-1024x768.jpg\" alt=\"\" class=\"wp-image-2237\" srcset=\"https:\/\/emci.re\/wp-content\/uploads\/2020\/09\/Aout-2020-3-1024x768.jpg 1024w, https:\/\/emci.re\/wp-content\/uploads\/2020\/09\/Aout-2020-3-300x225.jpg 300w, https:\/\/emci.re\/wp-content\/uploads\/2020\/09\/Aout-2020-3-768x576.jpg 768w, https:\/\/emci.re\/wp-content\/uploads\/2020\/09\/Aout-2020-3-380x285.jpg 380w, https:\/\/emci.re\/wp-content\/uploads\/2020\/09\/Aout-2020-3-285x214.jpg 285w, https:\/\/emci.re\/wp-content\/uploads\/2020\/09\/Aout-2020-3.jpg 1500w\" sizes=\"auto, (max-width: 1024px) 100vw, 1024px\" \/><\/figure>\n<\/figure>\n\n\n\n<!--more-->\n\n\n\n<p><\/p>\n\n\n\n<figure class=\"wp-block-gallery has-nested-images columns-default is-cropped wp-block-gallery-2 is-layout-flex wp-block-gallery-is-layout-flex\">\n<figure class=\"wp-block-image size-large\"><img decoding=\"async\" data-id=\"2010\" src=\"https:\/\/emci.re\/wp-content\/uploads\/2020\/07\/2019-07-01-PGA-12b-HDJ-_-R1.pdf-Adobe-Acrobat-Pro-DC-1024x552.jpg\" alt=\"\" class=\"wp-image-2010\"\/><figcaption class=\"wp-element-caption\">Insertion<\/figcaption><\/figure>\n\n\n\n<figure class=\"wp-block-image size-large\"><img loading=\"lazy\" decoding=\"async\" width=\"614\" height=\"578\" data-id=\"765\" src=\"https:\/\/emci.re\/wp-content\/uploads\/2020\/02\/1-18.jpg\" alt=\"\" class=\"wp-image-765\" srcset=\"https:\/\/emci.re\/wp-content\/uploads\/2020\/02\/1-18.jpg 614w, https:\/\/emci.re\/wp-content\/uploads\/2020\/02\/1-18-300x282.jpg 300w\" sizes=\"auto, (max-width: 614px) 100vw, 614px\" \/><\/figure>\n<\/figure>\n\n\n\n<figure class=\"wp-block-gallery has-nested-images columns-default is-cropped wp-block-gallery-3 is-layout-flex wp-block-gallery-is-layout-flex\">\n<figure class=\"wp-block-image size-large\"><img loading=\"lazy\" decoding=\"async\" width=\"542\" height=\"565\" data-id=\"766\" src=\"https:\/\/emci.re\/wp-content\/uploads\/2020\/02\/3-14.jpg\" alt=\"\" class=\"wp-image-766\" srcset=\"https:\/\/emci.re\/wp-content\/uploads\/2020\/02\/3-14.jpg 542w, https:\/\/emci.re\/wp-content\/uploads\/2020\/02\/3-14-288x300.jpg 288w\" sizes=\"auto, (max-width: 542px) 100vw, 542px\" \/><\/figure>\n\n\n\n<figure class=\"wp-block-image size-large\"><img loading=\"lazy\" decoding=\"async\" width=\"673\" height=\"340\" data-id=\"767\" src=\"https:\/\/emci.re\/wp-content\/uploads\/2020\/02\/4-13.jpg\" alt=\"\" class=\"wp-image-767\" srcset=\"https:\/\/emci.re\/wp-content\/uploads\/2020\/02\/4-13.jpg 673w, https:\/\/emci.re\/wp-content\/uploads\/2020\/02\/4-13-300x152.jpg 300w\" sizes=\"auto, (max-width: 673px) 100vw, 673px\" \/><\/figure>\n<\/figure>\n\n\n\n<p><\/p>\n\n\n\n<p><\/p>\n<p>Views: 248<\/p>","protected":false},"excerpt":{"rendered":"<p>Mission : Mission de Maitrise d\u2019\u0153uvre Structure pour la cr\u00e9ation d&rsquo;une Unit\u00e9 de Soins pour Jeunes Adultes (USJA) sur le site de la Clinique Les Flamboyants Sud \u2013 Saint Pierre &#8211; La R\u00e9union. Montant Travaux HT : 5 658 000,00 \u20ac SHOB : 3 360 m2 Maitre d\u2019ouvrage &#8211; Architecte : Groupe Les Flamboyants \/<\/p>\n<p class=\"more-link\"><a href=\"https:\/\/emci.re\/?page_id=764\" class=\"themebutton\">Read More<\/a><\/p>\n","protected":false},"author":2,"featured_media":2559,"parent":1098,"menu_order":2,"comment_status":"closed","ping_status":"closed","template":"","meta":{"footnotes":""},"folder":[16],"class_list":["post-764","page","type-page","status-publish","has-post-thumbnail","hentry"],"_links":{"self":[{"href":"https:\/\/emci.re\/index.php?rest_route=\/wp\/v2\/pages\/764","targetHints":{"allow":["GET"]}}],"collection":[{"href":"https:\/\/emci.re\/index.php?rest_route=\/wp\/v2\/pages"}],"about":[{"href":"https:\/\/emci.re\/index.php?rest_route=\/wp\/v2\/types\/page"}],"author":[{"embeddable":true,"href":"https:\/\/emci.re\/index.php?rest_route=\/wp\/v2\/users\/2"}],"replies":[{"embeddable":true,"href":"https:\/\/emci.re\/index.php?rest_route=%2Fwp%2Fv2%2Fcomments&post=764"}],"version-history":[{"count":2,"href":"https:\/\/emci.re\/index.php?rest_route=\/wp\/v2\/pages\/764\/revisions"}],"predecessor-version":[{"id":3555,"href":"https:\/\/emci.re\/index.php?rest_route=\/wp\/v2\/pages\/764\/revisions\/3555"}],"up":[{"embeddable":true,"href":"https:\/\/emci.re\/index.php?rest_route=\/wp\/v2\/pages\/1098"}],"wp:featuredmedia":[{"embeddable":true,"href":"https:\/\/emci.re\/index.php?rest_route=\/wp\/v2\/media\/2559"}],"wp:attachment":[{"href":"https:\/\/emci.re\/index.php?rest_route=%2Fwp%2Fv2%2Fmedia&parent=764"}],"wp:term":[{"taxonomy":"folder","embeddable":true,"href":"https:\/\/emci.re\/index.php?rest_route=%2Fwp%2Fv2%2Ffolder&post=764"}],"curies":[{"name":"wp","href":"https:\/\/api.w.org\/{rel}","templated":true}]}}