{"id":770,"date":"2020-02-04T12:22:44","date_gmt":"2020-02-04T11:22:44","guid":{"rendered":"https:\/\/emci.re\/?page_id=770"},"modified":"2024-05-28T14:38:26","modified_gmt":"2024-05-28T10:38:26","slug":"sante-unite-de-soins-pour-jeune-adulte-ouest","status":"publish","type":"page","link":"https:\/\/emci.re\/?page_id=770","title":{"rendered":"\u25ab\ufe0f Unit\u00e9 de soins pour jeunes adultes &#8211; USJA Ouest"},"content":{"rendered":"\n<p><strong>Mission<\/strong> : Mission de Maitrise d\u2019\u0153uvre Structure pour la cr\u00e9ation d&rsquo;une Unit\u00e9 de Soins pour Jeunes Adultes en extension de la Clinique Les Flamboyants Ouest &#8211; Le Port &#8211; La R\u00e9union.<\/p>\n\n\n\n<p><strong>Montant Travaux HT<\/strong> : 5 750 000,00 \u20ac<\/p>\n\n\n\n<p><strong>SHOB<\/strong> : 3 285 m2<\/p>\n\n\n\n<p><strong>Maitre d\u2019ouvrage &#8211; Architecte<\/strong> : Groupe Les Flamboyants \/ Arch\u2019Image<\/p>\n\n\n\n<p><strong>Livraison<\/strong> : 2018<\/p>\n\n\n\n<p><strong>Secteur <\/strong>:  Sant\u00e9<\/p>\n\n\n\n<figure class=\"wp-block-gallery has-nested-images columns-2 is-cropped wp-block-gallery-1 is-layout-flex wp-block-gallery-is-layout-flex\">\n<figure class=\"wp-block-image\"><img loading=\"lazy\" decoding=\"async\" width=\"600\" height=\"450\" data-id=\"2007\" src=\"https:\/\/emci.re\/wp-content\/uploads\/2020\/07\/P1010396-1.jpg\" alt=\"UNIT\u00c9 DE SOINS POUR JEUNES ADULTES \u2013 USJA OUEST\" class=\"wp-image-2007\" srcset=\"https:\/\/emci.re\/wp-content\/uploads\/2020\/07\/P1010396-1.jpg 600w, https:\/\/emci.re\/wp-content\/uploads\/2020\/07\/P1010396-1-300x225.jpg 300w, https:\/\/emci.re\/wp-content\/uploads\/2020\/07\/P1010396-1-380x285.jpg 380w, https:\/\/emci.re\/wp-content\/uploads\/2020\/07\/P1010396-1-285x214.jpg 285w\" sizes=\"auto, (max-width: 600px) 100vw, 600px\" \/><\/figure>\n\n\n\n<figure class=\"wp-block-image\"><img decoding=\"async\" data-id=\"2050\" src=\"https:\/\/emci.re\/wp-content\/uploads\/2020\/07\/P1010394-2-1024x768.jpg\" alt=\"\" class=\"wp-image-2050\"\/><\/figure>\n\n\n\n<figure class=\"wp-block-image\"><img loading=\"lazy\" decoding=\"async\" width=\"496\" height=\"661\" data-id=\"2008\" src=\"https:\/\/emci.re\/wp-content\/uploads\/2020\/07\/2-3.jpg\" alt=\"UNIT\u00c9 DE SOINS POUR JEUNES ADULTES \u2013 USJA OUEST\" class=\"wp-image-2008\" srcset=\"https:\/\/emci.re\/wp-content\/uploads\/2020\/07\/2-3.jpg 496w, https:\/\/emci.re\/wp-content\/uploads\/2020\/07\/2-3-225x300.jpg 225w\" sizes=\"auto, (max-width: 496px) 100vw, 496px\" \/><\/figure>\n\n\n\n<figure class=\"wp-block-image\"><img loading=\"lazy\" decoding=\"async\" width=\"661\" height=\"496\" data-id=\"2009\" src=\"https:\/\/emci.re\/wp-content\/uploads\/2020\/07\/1-3.jpg\" alt=\"UNIT\u00c9 DE SOINS POUR JEUNES ADULTES \u2013 USJA OUEST\" class=\"wp-image-2009\" srcset=\"https:\/\/emci.re\/wp-content\/uploads\/2020\/07\/1-3.jpg 661w, https:\/\/emci.re\/wp-content\/uploads\/2020\/07\/1-3-300x225.jpg 300w, https:\/\/emci.re\/wp-content\/uploads\/2020\/07\/1-3-380x285.jpg 380w, https:\/\/emci.re\/wp-content\/uploads\/2020\/07\/1-3-285x214.jpg 285w\" sizes=\"auto, (max-width: 661px) 100vw, 661px\" \/><\/figure>\n<\/figure>\n\n\n\n<!--more-->\n\n\n\n<p><\/p>\n\n\n\n<p><\/p>\n<p>Views: 177<\/p>","protected":false},"excerpt":{"rendered":"<p>Mission : Mission de Maitrise d\u2019\u0153uvre Structure pour la cr\u00e9ation d&rsquo;une Unit\u00e9 de Soins pour Jeunes Adultes en extension de la Clinique Les Flamboyants Ouest &#8211; Le Port &#8211; La R\u00e9union. Montant Travaux HT : 5 750 000,00 \u20ac SHOB : 3 285 m2 Maitre d\u2019ouvrage &#8211; Architecte : Groupe Les Flamboyants \/ Arch\u2019Image Livraison<\/p>\n<p class=\"more-link\"><a href=\"https:\/\/emci.re\/?page_id=770\" class=\"themebutton\">Read More<\/a><\/p>\n","protected":false},"author":2,"featured_media":2007,"parent":1098,"menu_order":1,"comment_status":"closed","ping_status":"closed","template":"","meta":{"footnotes":""},"folder":[16],"class_list":["post-770","page","type-page","status-publish","has-post-thumbnail","hentry"],"_links":{"self":[{"href":"https:\/\/emci.re\/index.php?rest_route=\/wp\/v2\/pages\/770","targetHints":{"allow":["GET"]}}],"collection":[{"href":"https:\/\/emci.re\/index.php?rest_route=\/wp\/v2\/pages"}],"about":[{"href":"https:\/\/emci.re\/index.php?rest_route=\/wp\/v2\/types\/page"}],"author":[{"embeddable":true,"href":"https:\/\/emci.re\/index.php?rest_route=\/wp\/v2\/users\/2"}],"replies":[{"embeddable":true,"href":"https:\/\/emci.re\/index.php?rest_route=%2Fwp%2Fv2%2Fcomments&post=770"}],"version-history":[{"count":1,"href":"https:\/\/emci.re\/index.php?rest_route=\/wp\/v2\/pages\/770\/revisions"}],"predecessor-version":[{"id":3556,"href":"https:\/\/emci.re\/index.php?rest_route=\/wp\/v2\/pages\/770\/revisions\/3556"}],"up":[{"embeddable":true,"href":"https:\/\/emci.re\/index.php?rest_route=\/wp\/v2\/pages\/1098"}],"wp:featuredmedia":[{"embeddable":true,"href":"https:\/\/emci.re\/index.php?rest_route=\/wp\/v2\/media\/2007"}],"wp:attachment":[{"href":"https:\/\/emci.re\/index.php?rest_route=%2Fwp%2Fv2%2Fmedia&parent=770"}],"wp:term":[{"taxonomy":"folder","embeddable":true,"href":"https:\/\/emci.re\/index.php?rest_route=%2Fwp%2Fv2%2Ffolder&post=770"}],"curies":[{"name":"wp","href":"https:\/\/api.w.org\/{rel}","templated":true}]}}