{"id":777,"date":"2020-02-04T12:37:57","date_gmt":"2020-02-04T11:37:57","guid":{"rendered":"https:\/\/emci.re\/?page_id=777"},"modified":"2024-11-22T10:48:40","modified_gmt":"2024-11-22T06:48:40","slug":"industrie-logistique","status":"publish","type":"page","link":"https:\/\/emci.re\/?page_id=777","title":{"rendered":"\u25aa\ufe0f SCA Fruits"},"content":{"rendered":"\n<p><strong>Mission <\/strong>: Mission de maitrise d\u2019\u0153uvre Structure pour la construction d\u2019une plateforme \u00ab Station Frais de Fruits\u00bb, b\u00e2timent type industriel comprenant un entrep\u00f4t frais, bureaux et locaux techniques &#8211; ZA Gillot &#8211; Sainte Marie &#8211; La R\u00e9union<\/p>\n\n\n\n<p><strong>Parcelle<\/strong> : 1 500 m2<\/p>\n\n\n\n<p><strong>SHOB <\/strong>: 770 m2<\/p>\n\n\n\n<p><strong>Montant Travaux HT<\/strong> : 1 460 000,00 \u20ac<\/p>\n\n\n\n<p><strong>Maitre d\u2019ouvrage \u2013 Architecte<\/strong> : Groupe LM \/ James HOW CHOONG<\/p>\n\n\n\n<p><strong>Livraison<\/strong> : 2021<\/p>\n\n\n\n<p><strong>Secteur<\/strong> : Industrie &amp; Logistique<\/p>\n\n\n\n<figure class=\"wp-block-gallery has-nested-images columns-3 is-cropped wp-block-gallery-1 is-layout-flex wp-block-gallery-is-layout-flex\">\n<figure class=\"wp-block-image size-large\"><img loading=\"lazy\" decoding=\"async\" width=\"1024\" height=\"768\" data-id=\"2231\" src=\"https:\/\/emci.re\/wp-content\/uploads\/2020\/09\/3-Aout-2020-1024x768.jpg\" alt=\"\" class=\"wp-image-2231\" srcset=\"https:\/\/emci.re\/wp-content\/uploads\/2020\/09\/3-Aout-2020-1024x768.jpg 1024w, https:\/\/emci.re\/wp-content\/uploads\/2020\/09\/3-Aout-2020-300x225.jpg 300w, https:\/\/emci.re\/wp-content\/uploads\/2020\/09\/3-Aout-2020-768x576.jpg 768w, https:\/\/emci.re\/wp-content\/uploads\/2020\/09\/3-Aout-2020-380x285.jpg 380w, https:\/\/emci.re\/wp-content\/uploads\/2020\/09\/3-Aout-2020-285x214.jpg 285w, https:\/\/emci.re\/wp-content\/uploads\/2020\/09\/3-Aout-2020.jpg 1200w\" sizes=\"auto, (max-width: 1024px) 100vw, 1024px\" \/><\/figure>\n\n\n\n<figure class=\"wp-block-image size-large\"><img loading=\"lazy\" decoding=\"async\" width=\"1024\" height=\"768\" data-id=\"2229\" src=\"https:\/\/emci.re\/wp-content\/uploads\/2020\/09\/1-Aout-2020-1024x768.jpg\" alt=\"\" class=\"wp-image-2229\" srcset=\"https:\/\/emci.re\/wp-content\/uploads\/2020\/09\/1-Aout-2020-1024x768.jpg 1024w, https:\/\/emci.re\/wp-content\/uploads\/2020\/09\/1-Aout-2020-300x225.jpg 300w, https:\/\/emci.re\/wp-content\/uploads\/2020\/09\/1-Aout-2020-768x576.jpg 768w, https:\/\/emci.re\/wp-content\/uploads\/2020\/09\/1-Aout-2020-380x285.jpg 380w, https:\/\/emci.re\/wp-content\/uploads\/2020\/09\/1-Aout-2020-285x214.jpg 285w, https:\/\/emci.re\/wp-content\/uploads\/2020\/09\/1-Aout-2020.jpg 1200w\" sizes=\"auto, (max-width: 1024px) 100vw, 1024px\" \/><\/figure>\n\n\n\n<figure class=\"wp-block-image size-large\"><img loading=\"lazy\" decoding=\"async\" width=\"1024\" height=\"809\" data-id=\"2230\" src=\"https:\/\/emci.re\/wp-content\/uploads\/2020\/09\/2-Aout-2020-1024x809.jpg\" alt=\"\" class=\"wp-image-2230\" srcset=\"https:\/\/emci.re\/wp-content\/uploads\/2020\/09\/2-Aout-2020-1024x809.jpg 1024w, https:\/\/emci.re\/wp-content\/uploads\/2020\/09\/2-Aout-2020-300x237.jpg 300w, https:\/\/emci.re\/wp-content\/uploads\/2020\/09\/2-Aout-2020-768x607.jpg 768w, https:\/\/emci.re\/wp-content\/uploads\/2020\/09\/2-Aout-2020.jpg 1200w\" sizes=\"auto, (max-width: 1024px) 100vw, 1024px\" \/><\/figure>\n\n\n\n<figure class=\"wp-block-image size-large\"><img loading=\"lazy\" decoding=\"async\" width=\"359\" height=\"177\" data-id=\"1529\" src=\"https:\/\/emci.re\/wp-content\/uploads\/2020\/06\/SCA-Fruits-1-2.jpg\" alt=\"\" class=\"wp-image-1529\" srcset=\"https:\/\/emci.re\/wp-content\/uploads\/2020\/06\/SCA-Fruits-1-2.jpg 359w, https:\/\/emci.re\/wp-content\/uploads\/2020\/06\/SCA-Fruits-1-2-300x148.jpg 300w\" sizes=\"auto, (max-width: 359px) 100vw, 359px\" \/><\/figure>\n\n\n\n<figure class=\"wp-block-image size-large\"><img loading=\"lazy\" decoding=\"async\" width=\"765\" height=\"573\" data-id=\"1525\" src=\"https:\/\/emci.re\/wp-content\/uploads\/2020\/06\/P1020003-2.jpg\" alt=\"\" class=\"wp-image-1525\" srcset=\"https:\/\/emci.re\/wp-content\/uploads\/2020\/06\/P1020003-2.jpg 765w, https:\/\/emci.re\/wp-content\/uploads\/2020\/06\/P1020003-2-300x225.jpg 300w, https:\/\/emci.re\/wp-content\/uploads\/2020\/06\/P1020003-2-380x285.jpg 380w, https:\/\/emci.re\/wp-content\/uploads\/2020\/06\/P1020003-2-285x214.jpg 285w\" sizes=\"auto, (max-width: 765px) 100vw, 765px\" \/><\/figure>\n\n\n\n<figure class=\"wp-block-image size-large\"><img loading=\"lazy\" decoding=\"async\" width=\"765\" height=\"573\" data-id=\"1523\" src=\"https:\/\/emci.re\/wp-content\/uploads\/2020\/06\/20200211_100231-2.jpg\" alt=\"\" class=\"wp-image-1523\" srcset=\"https:\/\/emci.re\/wp-content\/uploads\/2020\/06\/20200211_100231-2.jpg 765w, https:\/\/emci.re\/wp-content\/uploads\/2020\/06\/20200211_100231-2-300x225.jpg 300w, https:\/\/emci.re\/wp-content\/uploads\/2020\/06\/20200211_100231-2-380x285.jpg 380w, https:\/\/emci.re\/wp-content\/uploads\/2020\/06\/20200211_100231-2-285x214.jpg 285w\" sizes=\"auto, (max-width: 765px) 100vw, 765px\" \/><\/figure>\n\n\n\n<figure class=\"wp-block-image size-large\"><img loading=\"lazy\" decoding=\"async\" width=\"765\" height=\"573\" data-id=\"1534\" src=\"https:\/\/emci.re\/wp-content\/uploads\/2020\/06\/20191112_100741-2.jpg\" alt=\"\" class=\"wp-image-1534\" srcset=\"https:\/\/emci.re\/wp-content\/uploads\/2020\/06\/20191112_100741-2.jpg 765w, https:\/\/emci.re\/wp-content\/uploads\/2020\/06\/20191112_100741-2-300x225.jpg 300w, https:\/\/emci.re\/wp-content\/uploads\/2020\/06\/20191112_100741-2-380x285.jpg 380w, https:\/\/emci.re\/wp-content\/uploads\/2020\/06\/20191112_100741-2-285x214.jpg 285w\" sizes=\"auto, (max-width: 765px) 100vw, 765px\" \/><\/figure>\n<\/figure>\n\n\n\n<!--more-->\n\n\n\n<p><br><\/p>\n\n\n\n<p><strong> <\/strong><\/p>\n<p>Views: 198<\/p>","protected":false},"excerpt":{"rendered":"<p>Mission : Mission de maitrise d\u2019\u0153uvre Structure pour la construction d\u2019une plateforme \u00ab Station Frais de Fruits\u00bb, b\u00e2timent type industriel comprenant un entrep\u00f4t frais, bureaux et locaux techniques &#8211; ZA Gillot &#8211; Sainte Marie &#8211; La R\u00e9union Parcelle : 1 500 m2 SHOB : 770 m2 Montant Travaux HT : 1 460 000,00 \u20ac Maitre<\/p>\n<p class=\"more-link\"><a href=\"https:\/\/emci.re\/?page_id=777\" class=\"themebutton\">Read More<\/a><\/p>\n","protected":false},"author":2,"featured_media":2231,"parent":1087,"menu_order":4,"comment_status":"closed","ping_status":"closed","template":"","meta":{"footnotes":""},"folder":[17],"class_list":["post-777","page","type-page","status-publish","has-post-thumbnail","hentry"],"_links":{"self":[{"href":"https:\/\/emci.re\/index.php?rest_route=\/wp\/v2\/pages\/777","targetHints":{"allow":["GET"]}}],"collection":[{"href":"https:\/\/emci.re\/index.php?rest_route=\/wp\/v2\/pages"}],"about":[{"href":"https:\/\/emci.re\/index.php?rest_route=\/wp\/v2\/types\/page"}],"author":[{"embeddable":true,"href":"https:\/\/emci.re\/index.php?rest_route=\/wp\/v2\/users\/2"}],"replies":[{"embeddable":true,"href":"https:\/\/emci.re\/index.php?rest_route=%2Fwp%2Fv2%2Fcomments&post=777"}],"version-history":[{"count":3,"href":"https:\/\/emci.re\/index.php?rest_route=\/wp\/v2\/pages\/777\/revisions"}],"predecessor-version":[{"id":3699,"href":"https:\/\/emci.re\/index.php?rest_route=\/wp\/v2\/pages\/777\/revisions\/3699"}],"up":[{"embeddable":true,"href":"https:\/\/emci.re\/index.php?rest_route=\/wp\/v2\/pages\/1087"}],"wp:featuredmedia":[{"embeddable":true,"href":"https:\/\/emci.re\/index.php?rest_route=\/wp\/v2\/media\/2231"}],"wp:attachment":[{"href":"https:\/\/emci.re\/index.php?rest_route=%2Fwp%2Fv2%2Fmedia&parent=777"}],"wp:term":[{"taxonomy":"folder","embeddable":true,"href":"https:\/\/emci.re\/index.php?rest_route=%2Fwp%2Fv2%2Ffolder&post=777"}],"curies":[{"name":"wp","href":"https:\/\/api.w.org\/{rel}","templated":true}]}}