{"id":789,"date":"2020-02-04T12:42:29","date_gmt":"2020-02-04T11:42:29","guid":{"rendered":"https:\/\/emci.re\/?page_id=789"},"modified":"2024-05-28T14:40:39","modified_gmt":"2024-05-28T10:40:39","slug":"industrie-logistique-tropilegumes","status":"publish","type":"page","link":"https:\/\/emci.re\/?page_id=789","title":{"rendered":"\u25aa\ufe0f Tropil\u00e9gumes"},"content":{"rendered":"\n<p><strong>Mission<\/strong> : Mission de maitrise d\u2019\u0153uvre Structure pour la construction d\u2019un b\u00e2timent agro-alimentaire, entrep\u00f4t de stockage, pr\u00e9paration et exp\u00e9dition de fruits et l\u00e9gumes frais &#8211; ZAC Pierrefonds &#8211; St Pierre &#8211; La R\u00e9union<\/p>\n\n\n\n<p><strong> Parcelle<\/strong> : 2 675 m2<\/p>\n\n\n\n<p> <strong>SHOB<\/strong> : 1 140 m2<\/p>\n\n\n\n<p> <strong>Montant Travaux HT<\/strong> : 2 600 000,00 \u20ac<\/p>\n\n\n\n<p> <strong>Maitre d\u2019ouvrage \u2013 Architecte<\/strong> : Tropil\u00e9gumes \/ James HOW CHOONG<\/p>\n\n\n\n<p> <strong>Livraison<\/strong> : 2021<\/p>\n\n\n\n<p><strong>Secteur<\/strong> : Industrie &amp; Logistique<\/p>\n\n\n\n<figure class=\"wp-block-gallery has-nested-images columns-3 is-cropped wp-block-gallery-1 is-layout-flex wp-block-gallery-is-layout-flex\">\n<figure class=\"wp-block-image size-large\"><img loading=\"lazy\" decoding=\"async\" width=\"1024\" height=\"768\" data-id=\"2096\" src=\"https:\/\/emci.re\/wp-content\/uploads\/2020\/07\/20200729_131823-1024x768.jpg\" alt=\"\" class=\"wp-image-2096\" srcset=\"https:\/\/emci.re\/wp-content\/uploads\/2020\/07\/20200729_131823-1024x768.jpg 1024w, https:\/\/emci.re\/wp-content\/uploads\/2020\/07\/20200729_131823-300x225.jpg 300w, https:\/\/emci.re\/wp-content\/uploads\/2020\/07\/20200729_131823-768x576.jpg 768w, https:\/\/emci.re\/wp-content\/uploads\/2020\/07\/20200729_131823-1536x1152.jpg 1536w, https:\/\/emci.re\/wp-content\/uploads\/2020\/07\/20200729_131823-380x285.jpg 380w, https:\/\/emci.re\/wp-content\/uploads\/2020\/07\/20200729_131823-285x214.jpg 285w, https:\/\/emci.re\/wp-content\/uploads\/2020\/07\/20200729_131823.jpg 1800w\" sizes=\"auto, (max-width: 1024px) 100vw, 1024px\" \/><\/figure>\n\n\n\n<figure class=\"wp-block-image size-large\"><img loading=\"lazy\" decoding=\"async\" width=\"1024\" height=\"453\" data-id=\"2095\" src=\"https:\/\/emci.re\/wp-content\/uploads\/2020\/07\/20200729_131812-1024x453.jpg\" alt=\"\" class=\"wp-image-2095\" srcset=\"https:\/\/emci.re\/wp-content\/uploads\/2020\/07\/20200729_131812-1024x453.jpg 1024w, https:\/\/emci.re\/wp-content\/uploads\/2020\/07\/20200729_131812-300x133.jpg 300w, https:\/\/emci.re\/wp-content\/uploads\/2020\/07\/20200729_131812-768x340.jpg 768w, https:\/\/emci.re\/wp-content\/uploads\/2020\/07\/20200729_131812-1536x680.jpg 1536w, https:\/\/emci.re\/wp-content\/uploads\/2020\/07\/20200729_131812.jpg 1800w\" sizes=\"auto, (max-width: 1024px) 100vw, 1024px\" \/><\/figure>\n\n\n\n<figure class=\"wp-block-image size-large\"><img loading=\"lazy\" decoding=\"async\" width=\"600\" height=\"450\" data-id=\"1549\" src=\"https:\/\/emci.re\/wp-content\/uploads\/2020\/06\/P1010986.jpg\" alt=\"\" class=\"wp-image-1549\" srcset=\"https:\/\/emci.re\/wp-content\/uploads\/2020\/06\/P1010986.jpg 600w, https:\/\/emci.re\/wp-content\/uploads\/2020\/06\/P1010986-300x225.jpg 300w, https:\/\/emci.re\/wp-content\/uploads\/2020\/06\/P1010986-380x285.jpg 380w, https:\/\/emci.re\/wp-content\/uploads\/2020\/06\/P1010986-285x214.jpg 285w\" sizes=\"auto, (max-width: 600px) 100vw, 600px\" \/><\/figure>\n\n\n\n<figure class=\"wp-block-image size-large\"><img loading=\"lazy\" decoding=\"async\" width=\"600\" height=\"450\" data-id=\"1547\" src=\"https:\/\/emci.re\/wp-content\/uploads\/2020\/06\/20191113_135403.jpg\" alt=\"\" class=\"wp-image-1547\" srcset=\"https:\/\/emci.re\/wp-content\/uploads\/2020\/06\/20191113_135403.jpg 600w, https:\/\/emci.re\/wp-content\/uploads\/2020\/06\/20191113_135403-300x225.jpg 300w, https:\/\/emci.re\/wp-content\/uploads\/2020\/06\/20191113_135403-380x285.jpg 380w, https:\/\/emci.re\/wp-content\/uploads\/2020\/06\/20191113_135403-285x214.jpg 285w\" sizes=\"auto, (max-width: 600px) 100vw, 600px\" \/><\/figure>\n\n\n\n<figure class=\"wp-block-image size-large\"><img loading=\"lazy\" decoding=\"async\" width=\"600\" height=\"800\" data-id=\"1545\" src=\"https:\/\/emci.re\/wp-content\/uploads\/2020\/06\/20190807_152345.jpg\" alt=\"\" class=\"wp-image-1545\" srcset=\"https:\/\/emci.re\/wp-content\/uploads\/2020\/06\/20190807_152345.jpg 600w, https:\/\/emci.re\/wp-content\/uploads\/2020\/06\/20190807_152345-225x300.jpg 225w\" sizes=\"auto, (max-width: 600px) 100vw, 600px\" \/><\/figure>\n\n\n\n<figure class=\"wp-block-image size-large\"><img loading=\"lazy\" decoding=\"async\" width=\"600\" height=\"800\" data-id=\"1546\" src=\"https:\/\/emci.re\/wp-content\/uploads\/2020\/06\/20191009_151049.jpg\" alt=\"\" class=\"wp-image-1546\" srcset=\"https:\/\/emci.re\/wp-content\/uploads\/2020\/06\/20191009_151049.jpg 600w, https:\/\/emci.re\/wp-content\/uploads\/2020\/06\/20191009_151049-225x300.jpg 225w\" sizes=\"auto, (max-width: 600px) 100vw, 600px\" \/><\/figure>\n<\/figure>\n\n\n<div class=\"wp-block-image\">\n<figure class=\"aligncenter size-large\"><img loading=\"lazy\" decoding=\"async\" width=\"371\" height=\"233\" src=\"https:\/\/emci.re\/wp-content\/uploads\/2020\/07\/2-8.jpg\" alt=\"\" class=\"wp-image-2101\" srcset=\"https:\/\/emci.re\/wp-content\/uploads\/2020\/07\/2-8.jpg 371w, https:\/\/emci.re\/wp-content\/uploads\/2020\/07\/2-8-300x188.jpg 300w\" sizes=\"auto, (max-width: 371px) 100vw, 371px\" \/><\/figure>\n<\/div>\n\n\n<!--more-->\n\n\n\n<p><\/p>\n\n\n\n<p><strong> <\/strong><\/p>\n<p>Views: 269<\/p>","protected":false},"excerpt":{"rendered":"<p>Mission : Mission de maitrise d\u2019\u0153uvre Structure pour la construction d\u2019un b\u00e2timent agro-alimentaire, entrep\u00f4t de stockage, pr\u00e9paration et exp\u00e9dition de fruits et l\u00e9gumes frais &#8211; ZAC Pierrefonds &#8211; St Pierre &#8211; La R\u00e9union Parcelle : 2 675 m2 SHOB : 1 140 m2 Montant Travaux HT : 2 600 000,00 \u20ac Maitre d\u2019ouvrage \u2013 Architecte<\/p>\n<p class=\"more-link\"><a href=\"https:\/\/emci.re\/?page_id=789\" class=\"themebutton\">Read More<\/a><\/p>\n","protected":false},"author":2,"featured_media":2096,"parent":1087,"menu_order":3,"comment_status":"closed","ping_status":"closed","template":"","meta":{"footnotes":""},"folder":[17],"class_list":["post-789","page","type-page","status-publish","has-post-thumbnail","hentry"],"_links":{"self":[{"href":"https:\/\/emci.re\/index.php?rest_route=\/wp\/v2\/pages\/789","targetHints":{"allow":["GET"]}}],"collection":[{"href":"https:\/\/emci.re\/index.php?rest_route=\/wp\/v2\/pages"}],"about":[{"href":"https:\/\/emci.re\/index.php?rest_route=\/wp\/v2\/types\/page"}],"author":[{"embeddable":true,"href":"https:\/\/emci.re\/index.php?rest_route=\/wp\/v2\/users\/2"}],"replies":[{"embeddable":true,"href":"https:\/\/emci.re\/index.php?rest_route=%2Fwp%2Fv2%2Fcomments&post=789"}],"version-history":[{"count":1,"href":"https:\/\/emci.re\/index.php?rest_route=\/wp\/v2\/pages\/789\/revisions"}],"predecessor-version":[{"id":3561,"href":"https:\/\/emci.re\/index.php?rest_route=\/wp\/v2\/pages\/789\/revisions\/3561"}],"up":[{"embeddable":true,"href":"https:\/\/emci.re\/index.php?rest_route=\/wp\/v2\/pages\/1087"}],"wp:featuredmedia":[{"embeddable":true,"href":"https:\/\/emci.re\/index.php?rest_route=\/wp\/v2\/media\/2096"}],"wp:attachment":[{"href":"https:\/\/emci.re\/index.php?rest_route=%2Fwp%2Fv2%2Fmedia&parent=789"}],"wp:term":[{"taxonomy":"folder","embeddable":true,"href":"https:\/\/emci.re\/index.php?rest_route=%2Fwp%2Fv2%2Ffolder&post=789"}],"curies":[{"name":"wp","href":"https:\/\/api.w.org\/{rel}","templated":true}]}}