{"id":802,"date":"2020-02-04T12:57:27","date_gmt":"2020-02-04T11:57:27","guid":{"rendered":"https:\/\/emci.re\/?page_id=802"},"modified":"2024-05-28T14:40:41","modified_gmt":"2024-05-28T10:40:41","slug":"industrie-logistique-icp-roto","status":"publish","type":"page","link":"https:\/\/emci.re\/?page_id=802","title":{"rendered":"\u25aa\ufe0f ICP ROTO"},"content":{"rendered":"\n<p><strong>Mission<\/strong> : Mission EXE &#8211; Construction d&rsquo;un b\u00e2timent industriel et de socles pour rotatives d&rsquo;imprimerie sur amortisseurs \u00e9lastiques &#8211; ZAC 2000 Le Port &#8211; La R\u00e9union<\/p>\n\n\n\n<p><strong>Parcelle<\/strong> : 12 700 m2<\/p>\n\n\n\n<p><strong>SHOB <\/strong>: 5 000 m2<\/p>\n\n\n\n<p><strong>Montant Travaux HT<\/strong> : 2 200 000,00 \u20ac<\/p>\n\n\n\n<p><strong>Client<\/strong> : SOG\u00c9A R\u00e9union<\/p>\n\n\n\n<p><strong>Livraison <\/strong>: 2017<\/p>\n\n\n\n<p><strong>Secteur<\/strong> : Industrie &amp; Logistique<\/p>\n\n\n\n<figure class=\"wp-block-gallery has-nested-images columns-4 is-cropped wp-block-gallery-1 is-layout-flex wp-block-gallery-is-layout-flex\">\n<figure class=\"wp-block-image size-large\"><img loading=\"lazy\" decoding=\"async\" width=\"700\" height=\"467\" data-id=\"2085\" src=\"https:\/\/emci.re\/wp-content\/uploads\/2020\/07\/ICProto_LYL2A5A3959.jpg\" alt=\"\" class=\"wp-image-2085\" srcset=\"https:\/\/emci.re\/wp-content\/uploads\/2020\/07\/ICProto_LYL2A5A3959.jpg 700w, https:\/\/emci.re\/wp-content\/uploads\/2020\/07\/ICProto_LYL2A5A3959-300x200.jpg 300w, https:\/\/emci.re\/wp-content\/uploads\/2020\/07\/ICProto_LYL2A5A3959-570x380.jpg 570w, https:\/\/emci.re\/wp-content\/uploads\/2020\/07\/ICProto_LYL2A5A3959-380x254.jpg 380w, https:\/\/emci.re\/wp-content\/uploads\/2020\/07\/ICProto_LYL2A5A3959-285x190.jpg 285w\" sizes=\"auto, (max-width: 700px) 100vw, 700px\" \/><\/figure>\n\n\n\n<figure class=\"wp-block-image size-large\"><img loading=\"lazy\" decoding=\"async\" width=\"513\" height=\"425\" data-id=\"2083\" src=\"https:\/\/emci.re\/wp-content\/uploads\/2020\/07\/ICP-ROTO-4.jpg\" alt=\"\" class=\"wp-image-2083\" srcset=\"https:\/\/emci.re\/wp-content\/uploads\/2020\/07\/ICP-ROTO-4.jpg 513w, https:\/\/emci.re\/wp-content\/uploads\/2020\/07\/ICP-ROTO-4-300x249.jpg 300w\" sizes=\"auto, (max-width: 513px) 100vw, 513px\" \/><\/figure>\n\n\n\n<figure class=\"wp-block-image size-large\"><img loading=\"lazy\" decoding=\"async\" width=\"1020\" height=\"765\" data-id=\"2086\" src=\"https:\/\/emci.re\/wp-content\/uploads\/2020\/07\/ICP-ROTO-1-1020x765-1.jpg\" alt=\"\" class=\"wp-image-2086\" srcset=\"https:\/\/emci.re\/wp-content\/uploads\/2020\/07\/ICP-ROTO-1-1020x765-1.jpg 1020w, https:\/\/emci.re\/wp-content\/uploads\/2020\/07\/ICP-ROTO-1-1020x765-1-300x225.jpg 300w, https:\/\/emci.re\/wp-content\/uploads\/2020\/07\/ICP-ROTO-1-1020x765-1-768x576.jpg 768w, https:\/\/emci.re\/wp-content\/uploads\/2020\/07\/ICP-ROTO-1-1020x765-1-380x285.jpg 380w, https:\/\/emci.re\/wp-content\/uploads\/2020\/07\/ICP-ROTO-1-1020x765-1-285x214.jpg 285w\" sizes=\"auto, (max-width: 1020px) 100vw, 1020px\" \/><\/figure>\n\n\n\n<figure class=\"wp-block-image size-large\"><img loading=\"lazy\" decoding=\"async\" width=\"799\" height=\"1024\" data-id=\"2084\" src=\"https:\/\/emci.re\/wp-content\/uploads\/2020\/07\/TIE_pr18001_Press-under-construction-799x1024.jpg\" alt=\"\" class=\"wp-image-2084\" srcset=\"https:\/\/emci.re\/wp-content\/uploads\/2020\/07\/TIE_pr18001_Press-under-construction-799x1024.jpg 799w, https:\/\/emci.re\/wp-content\/uploads\/2020\/07\/TIE_pr18001_Press-under-construction-234x300.jpg 234w, https:\/\/emci.re\/wp-content\/uploads\/2020\/07\/TIE_pr18001_Press-under-construction-768x984.jpg 768w, https:\/\/emci.re\/wp-content\/uploads\/2020\/07\/TIE_pr18001_Press-under-construction-1199x1536.jpg 1199w, https:\/\/emci.re\/wp-content\/uploads\/2020\/07\/TIE_pr18001_Press-under-construction.jpg 1561w\" sizes=\"auto, (max-width: 799px) 100vw, 799px\" \/><\/figure>\n<\/figure>\n\n\n\n<figure class=\"wp-block-image size-large\"><img loading=\"lazy\" decoding=\"async\" width=\"1024\" height=\"407\" src=\"https:\/\/emci.re\/wp-content\/uploads\/2020\/06\/2-10-1024x407.jpg\" alt=\"\" class=\"wp-image-1610\" srcset=\"https:\/\/emci.re\/wp-content\/uploads\/2020\/06\/2-10-1024x407.jpg 1024w, https:\/\/emci.re\/wp-content\/uploads\/2020\/06\/2-10-300x119.jpg 300w, https:\/\/emci.re\/wp-content\/uploads\/2020\/06\/2-10-768x305.jpg 768w, https:\/\/emci.re\/wp-content\/uploads\/2020\/06\/2-10-380x152.jpg 380w, https:\/\/emci.re\/wp-content\/uploads\/2020\/06\/2-10.jpg 1158w\" sizes=\"auto, (max-width: 1024px) 100vw, 1024px\" \/><\/figure>\n\n\n\n<figure class=\"wp-block-image size-large\"><img loading=\"lazy\" decoding=\"async\" width=\"1024\" height=\"238\" src=\"https:\/\/emci.re\/wp-content\/uploads\/2020\/06\/1-18-1024x238.jpg\" alt=\"\" class=\"wp-image-1611\" srcset=\"https:\/\/emci.re\/wp-content\/uploads\/2020\/06\/1-18-1024x238.jpg 1024w, https:\/\/emci.re\/wp-content\/uploads\/2020\/06\/1-18-300x70.jpg 300w, https:\/\/emci.re\/wp-content\/uploads\/2020\/06\/1-18-768x178.jpg 768w, https:\/\/emci.re\/wp-content\/uploads\/2020\/06\/1-18.jpg 1254w\" sizes=\"auto, (max-width: 1024px) 100vw, 1024px\" \/><\/figure>\n\n\n\n<!--more-->\n\n\n\n<p><\/p>\n\n\n\n<p><strong> <\/strong><\/p>\n<p>Views: 249<\/p>","protected":false},"excerpt":{"rendered":"<p>Mission : Mission EXE &#8211; Construction d&rsquo;un b\u00e2timent industriel et de socles pour rotatives d&rsquo;imprimerie sur amortisseurs \u00e9lastiques &#8211; ZAC 2000 Le Port &#8211; La R\u00e9union Parcelle : 12 700 m2 SHOB : 5 000 m2 Montant Travaux HT : 2 200 000,00 \u20ac Client : SOG\u00c9A R\u00e9union Livraison : 2017 Secteur : Industrie &amp;<\/p>\n<p class=\"more-link\"><a href=\"https:\/\/emci.re\/?page_id=802\" class=\"themebutton\">Read More<\/a><\/p>\n","protected":false},"author":2,"featured_media":2085,"parent":1087,"menu_order":5,"comment_status":"closed","ping_status":"closed","template":"","meta":{"footnotes":""},"folder":[17],"class_list":["post-802","page","type-page","status-publish","has-post-thumbnail","hentry"],"_links":{"self":[{"href":"https:\/\/emci.re\/index.php?rest_route=\/wp\/v2\/pages\/802","targetHints":{"allow":["GET"]}}],"collection":[{"href":"https:\/\/emci.re\/index.php?rest_route=\/wp\/v2\/pages"}],"about":[{"href":"https:\/\/emci.re\/index.php?rest_route=\/wp\/v2\/types\/page"}],"author":[{"embeddable":true,"href":"https:\/\/emci.re\/index.php?rest_route=\/wp\/v2\/users\/2"}],"replies":[{"embeddable":true,"href":"https:\/\/emci.re\/index.php?rest_route=%2Fwp%2Fv2%2Fcomments&post=802"}],"version-history":[{"count":1,"href":"https:\/\/emci.re\/index.php?rest_route=\/wp\/v2\/pages\/802\/revisions"}],"predecessor-version":[{"id":3559,"href":"https:\/\/emci.re\/index.php?rest_route=\/wp\/v2\/pages\/802\/revisions\/3559"}],"up":[{"embeddable":true,"href":"https:\/\/emci.re\/index.php?rest_route=\/wp\/v2\/pages\/1087"}],"wp:featuredmedia":[{"embeddable":true,"href":"https:\/\/emci.re\/index.php?rest_route=\/wp\/v2\/media\/2085"}],"wp:attachment":[{"href":"https:\/\/emci.re\/index.php?rest_route=%2Fwp%2Fv2%2Fmedia&parent=802"}],"wp:term":[{"taxonomy":"folder","embeddable":true,"href":"https:\/\/emci.re\/index.php?rest_route=%2Fwp%2Fv2%2Ffolder&post=802"}],"curies":[{"name":"wp","href":"https:\/\/api.w.org\/{rel}","templated":true}]}}